{"id":29097,"date":"2025-06-12T18:59:33","date_gmt":"2025-06-12T21:59:33","guid":{"rendered":"https:\/\/rms-enlinea.com.ar\/tienda\/producto\/efecto-strobo-banador-led-tecshow-strobe-box-lite\/"},"modified":"2026-03-25T15:50:10","modified_gmt":"2026-03-25T18:50:10","slug":"efecto-strobo-banador-led-tecshow-strobe-box-lite","status":"publish","type":"product","link":"https:\/\/rms-enlinea.com.ar\/tienda\/producto\/efecto-strobo-banador-led-tecshow-strobe-box-lite\/","title":{"rendered":"Efecto Strobo Ba\u00f1ador Led Tecshow Strobe Box Lite"},"content":{"rendered":"<p>Efecto estrobo h\u00edbdrido apto para uso como estrobo y\/o ba\u00f1ador.<\/p>\n<p>1008 5050 RGB de 0.5W<br \/>\nPuede utilizarse como ba\u00f1ador<br \/>\nEfecto estrobo: 1~30Hz<br \/>\nStrobe Box Lite es un vers\u00e1til estrobo de alto rendimiento, que a su vez puede ser utilizado como ba\u00f1ador gracias a su \u00e1ngulo de apertura de 180 grados. Este liviano y compacto estrobo, cuenta con 1008 LEDs 5050 SMD LEDs RGB. La construcci\u00f3n del Strobe Box Lite est\u00e1 pensada para soportar las demandantes y extensas jornadas de touring.<\/p>\n<p>Fuente de Luz y \u00d3pticas<br \/>\nCantidad de LEDs: 1008 5050 RGB de 0.5W Dimmer: 32bit 0~100% atenuaci\u00f3n lineal Control: hasta 40 segmentos Frecuencia de Estrobo: 1~30Hz Temperatura de Trabajo: -30 \u00b0C ~ 50 \u00b0C<br \/>\nControl y Conectividad<br \/>\nModos de Control: DMX512, auto, M\/S, audior\u00edtmico, con funci\u00f3n RDM Canales DMX: 3\/4\/8\/12\/13\/24\/25\/60\/61\/120\/121CH Conexiones: Entrada y salida DMX512 \/ Entrada y salida de alimentaci\u00f3n<br \/>\nCaracter\u00edsticas F\u00edsicas<br \/>\nDimensiones: 51 x 30 x 16 cm Material: Pl\u00e1stico, color negro Nivel de Protecci\u00f3n IP: IP20 para uso interior<\/p>\n","protected":false},"excerpt":{"rendered":"<p>Efecto estrobo h\u00edbdrido apto para uso como estrobo y\/o ba\u00f1ador. 1008 5050 RGB de 0.5W Puede utilizarse como ba\u00f1ador Efecto estrobo: 1~30Hz Strobe Box Lite es un vers\u00e1til estrobo de alto rendimiento, que a su vez puede ser utilizado como ba\u00f1ador gracias a su \u00e1ngulo de apertura de 180 grados. Este liviano y compacto estrobo, [&hellip;]<\/p>\n","protected":false},"featured_media":29098,"comment_status":"open","ping_status":"closed","template":"","meta":{"_uag_custom_page_level_css":""},"product_brand":[477],"product_cat":[91],"product_tag":[],"class_list":{"0":"post-29097","1":"product","2":"type-product","3":"status-publish","4":"has-post-thumbnail","6":"product_brand-ampro","7":"product_cat-estrobo-y-blinder","9":"first","10":"instock","11":"sale","12":"taxable","13":"shipping-taxable","14":"purchasable","15":"product-type-simple"},"uagb_featured_image_src":{"full":["https:\/\/rms-enlinea.com.ar\/wp-content\/uploads\/2025\/06\/D_634052-MLA83866736050_042025-F.jpg",1056,490,false],"thumbnail":["https:\/\/rms-enlinea.com.ar\/wp-content\/uploads\/2025\/06\/D_634052-MLA83866736050_042025-F-150x150.jpg",150,150,true],"medium":["https:\/\/rms-enlinea.com.ar\/wp-content\/uploads\/2025\/06\/D_634052-MLA83866736050_042025-F-300x139.jpg",300,139,true],"medium_large":["https:\/\/rms-enlinea.com.ar\/wp-content\/uploads\/2025\/06\/D_634052-MLA83866736050_042025-F-768x356.jpg",768,356,true],"large":["https:\/\/rms-enlinea.com.ar\/wp-content\/uploads\/2025\/06\/D_634052-MLA83866736050_042025-F-1024x475.jpg",1024,475,true],"1536x1536":["https:\/\/rms-enlinea.com.ar\/wp-content\/uploads\/2025\/06\/D_634052-MLA83866736050_042025-F.jpg",1056,490,false],"2048x2048":["https:\/\/rms-enlinea.com.ar\/wp-content\/uploads\/2025\/06\/D_634052-MLA83866736050_042025-F.jpg",1056,490,false],"woocommerce_thumbnail":["https:\/\/rms-enlinea.com.ar\/wp-content\/uploads\/2025\/06\/D_634052-MLA83866736050_042025-F-450x450.jpg",450,450,true],"woocommerce_single":["https:\/\/rms-enlinea.com.ar\/wp-content\/uploads\/2025\/06\/D_634052-MLA83866736050_042025-F-600x278.jpg",600,278,true],"woocommerce_gallery_thumbnail":["https:\/\/rms-enlinea.com.ar\/wp-content\/uploads\/2025\/06\/D_634052-MLA83866736050_042025-F-100x100.jpg",100,100,true]},"uagb_author_info":{"display_name":"l0071054","author_link":"https:\/\/rms-enlinea.com.ar\/tienda\/author\/"},"uagb_comment_info":0,"uagb_excerpt":"Efecto estrobo h\u00edbdrido apto para uso como estrobo y\/o ba\u00f1ador. 1008 5050 RGB de 0.5W Puede utilizarse como ba\u00f1ador Efecto estrobo: 1~30Hz Strobe Box Lite es un vers\u00e1til estrobo de alto rendimiento, que a su vez puede ser utilizado como ba\u00f1ador gracias a su \u00e1ngulo de apertura de 180 grados. Este liviano y compacto estrobo,&hellip;","_links":{"self":[{"href":"https:\/\/rms-enlinea.com.ar\/tienda\/wp-json\/wp\/v2\/product\/29097","targetHints":{"allow":["GET"]}}],"collection":[{"href":"https:\/\/rms-enlinea.com.ar\/tienda\/wp-json\/wp\/v2\/product"}],"about":[{"href":"https:\/\/rms-enlinea.com.ar\/tienda\/wp-json\/wp\/v2\/types\/product"}],"replies":[{"embeddable":true,"href":"https:\/\/rms-enlinea.com.ar\/tienda\/wp-json\/wp\/v2\/comments?post=29097"}],"wp:featuredmedia":[{"embeddable":true,"href":"https:\/\/rms-enlinea.com.ar\/tienda\/wp-json\/wp\/v2\/media\/29098"}],"wp:attachment":[{"href":"https:\/\/rms-enlinea.com.ar\/tienda\/wp-json\/wp\/v2\/media?parent=29097"}],"wp:term":[{"taxonomy":"product_brand","embeddable":true,"href":"https:\/\/rms-enlinea.com.ar\/tienda\/wp-json\/wp\/v2\/product_brand?post=29097"},{"taxonomy":"product_cat","embeddable":true,"href":"https:\/\/rms-enlinea.com.ar\/tienda\/wp-json\/wp\/v2\/product_cat?post=29097"},{"taxonomy":"product_tag","embeddable":true,"href":"https:\/\/rms-enlinea.com.ar\/tienda\/wp-json\/wp\/v2\/product_tag?post=29097"}],"curies":[{"name":"wp","href":"https:\/\/api.w.org\/{rel}","templated":true}]}}