{"id":29270,"date":"2025-06-12T19:05:15","date_gmt":"2025-06-12T22:05:15","guid":{"rendered":"https:\/\/rms-enlinea.com.ar\/tienda\/producto\/hub-usb-3-0-genius-uh-400-usb-c-a-usb-a\/"},"modified":"2026-03-31T19:49:03","modified_gmt":"2026-03-31T22:49:03","slug":"hub-usb-3-0-genius-uh-400-usb-c-a-usb-a","status":"publish","type":"product","link":"https:\/\/rms-enlinea.com.ar\/tienda\/producto\/hub-usb-3-0-genius-uh-400-usb-c-a-usb-a\/","title":{"rendered":"Hub Usb 3.0 Genius Uh-400 Usb-c A Usb-a"},"content":{"rendered":"<p>Interfaz de hardware<br \/>\nUSB 3.0<br \/>\nLongitud de Cable<br \/>\n15 cm<br \/>\nOtros<br \/>\n\u2014<br \/>\nPeso (gramos)<br \/>\nAprox. 38 g<br \/>\nDimensiones (W x H x D) mm (pulgadas)<br \/>\n107 x 30 x 11 ( 4.21&#8243; x 1.18&#8243; x 0.43&#8243; )<br \/>\nColores<br \/>\nNegro<br \/>\n* Color e imagen del producto demostrado en el paquete es de referencia \u00fanicamente. Dir\u00edjase al producto f\u00edsico para referencia<\/p>\n","protected":false},"excerpt":{"rendered":"<p>Interfaz de hardware USB 3.0 Longitud de Cable 15 cm Otros \u2014 Peso (gramos) Aprox. 38 g Dimensiones (W x H x D) mm (pulgadas) 107 x 30 x 11 ( 4.21&#8243; x 1.18&#8243; x 0.43&#8243; ) Colores Negro * Color e imagen del producto demostrado en el paquete es de referencia \u00fanicamente. Dir\u00edjase al [&hellip;]<\/p>\n","protected":false},"featured_media":4736,"comment_status":"open","ping_status":"closed","template":"","meta":{"_uag_custom_page_level_css":""},"product_brand":[550],"product_cat":[101,15],"product_tag":[],"class_list":{"0":"post-29270","1":"product","2":"type-product","3":"status-publish","4":"has-post-thumbnail","6":"product_brand-genius","7":"product_cat-cables-y-adaptadores","8":"product_cat-sin-categorizar","10":"first","11":"outofstock","12":"sale","13":"taxable","14":"shipping-taxable","15":"purchasable","16":"product-type-simple"},"uagb_featured_image_src":{"full":["https:\/\/rms-enlinea.com.ar\/wp-content\/uploads\/2025\/06\/D_956227-MLU75951877288_052024-F.jpg",888,1199,false],"thumbnail":["https:\/\/rms-enlinea.com.ar\/wp-content\/uploads\/2025\/06\/D_956227-MLU75951877288_052024-F-150x150.jpg",150,150,true],"medium":["https:\/\/rms-enlinea.com.ar\/wp-content\/uploads\/2025\/06\/D_956227-MLU75951877288_052024-F-222x300.jpg",222,300,true],"medium_large":["https:\/\/rms-enlinea.com.ar\/wp-content\/uploads\/2025\/06\/D_956227-MLU75951877288_052024-F-768x1037.jpg",768,1037,true],"large":["https:\/\/rms-enlinea.com.ar\/wp-content\/uploads\/2025\/06\/D_956227-MLU75951877288_052024-F-758x1024.jpg",758,1024,true],"1536x1536":["https:\/\/rms-enlinea.com.ar\/wp-content\/uploads\/2025\/06\/D_956227-MLU75951877288_052024-F.jpg",888,1199,false],"2048x2048":["https:\/\/rms-enlinea.com.ar\/wp-content\/uploads\/2025\/06\/D_956227-MLU75951877288_052024-F.jpg",888,1199,false],"woocommerce_thumbnail":["https:\/\/rms-enlinea.com.ar\/wp-content\/uploads\/2025\/06\/D_956227-MLU75951877288_052024-F-450x450.jpg",450,450,true],"woocommerce_single":["https:\/\/rms-enlinea.com.ar\/wp-content\/uploads\/2025\/06\/D_956227-MLU75951877288_052024-F-600x810.jpg",600,810,true],"woocommerce_gallery_thumbnail":["https:\/\/rms-enlinea.com.ar\/wp-content\/uploads\/2025\/06\/D_956227-MLU75951877288_052024-F-100x100.jpg",100,100,true]},"uagb_author_info":{"display_name":"l0071054","author_link":"https:\/\/rms-enlinea.com.ar\/tienda\/author\/"},"uagb_comment_info":0,"uagb_excerpt":"Interfaz de hardware USB 3.0 Longitud de Cable 15 cm Otros \u2014 Peso (gramos) Aprox. 38 g Dimensiones (W x H x D) mm (pulgadas) 107 x 30 x 11 ( 4.21&#8243; x 1.18&#8243; x 0.43&#8243; ) Colores Negro * Color e imagen del producto demostrado en el paquete es de referencia \u00fanicamente. Dir\u00edjase al&hellip;","_links":{"self":[{"href":"https:\/\/rms-enlinea.com.ar\/tienda\/wp-json\/wp\/v2\/product\/29270","targetHints":{"allow":["GET"]}}],"collection":[{"href":"https:\/\/rms-enlinea.com.ar\/tienda\/wp-json\/wp\/v2\/product"}],"about":[{"href":"https:\/\/rms-enlinea.com.ar\/tienda\/wp-json\/wp\/v2\/types\/product"}],"replies":[{"embeddable":true,"href":"https:\/\/rms-enlinea.com.ar\/tienda\/wp-json\/wp\/v2\/comments?post=29270"}],"wp:featuredmedia":[{"embeddable":true,"href":"https:\/\/rms-enlinea.com.ar\/tienda\/wp-json\/wp\/v2\/media\/4736"}],"wp:attachment":[{"href":"https:\/\/rms-enlinea.com.ar\/tienda\/wp-json\/wp\/v2\/media?parent=29270"}],"wp:term":[{"taxonomy":"product_brand","embeddable":true,"href":"https:\/\/rms-enlinea.com.ar\/tienda\/wp-json\/wp\/v2\/product_brand?post=29270"},{"taxonomy":"product_cat","embeddable":true,"href":"https:\/\/rms-enlinea.com.ar\/tienda\/wp-json\/wp\/v2\/product_cat?post=29270"},{"taxonomy":"product_tag","embeddable":true,"href":"https:\/\/rms-enlinea.com.ar\/tienda\/wp-json\/wp\/v2\/product_tag?post=29270"}],"curies":[{"name":"wp","href":"https:\/\/api.w.org\/{rel}","templated":true}]}}