{"id":2939,"date":"2025-06-12T02:42:03","date_gmt":"2025-06-12T05:42:03","guid":{"rendered":"https:\/\/rms-enlinea.com.ar\/tienda\/producto\/disco-rigido-wd-purple-2tb-sata-3-256mb-cache-surveillance\/"},"modified":"2026-04-21T06:12:22","modified_gmt":"2026-04-21T09:12:22","slug":"disco-rigido-wd-purple-2tb-sata-3-256mb-cache-surveillance","status":"publish","type":"product","link":"https:\/\/rms-enlinea.com.ar\/tienda\/producto\/disco-rigido-wd-purple-2tb-sata-3-256mb-cache-surveillance\/","title":{"rendered":"Disco Rigido Wd Purple 2tb Sata 3 256mb Cache Surveillance"},"content":{"rendered":"<p>Features<br \/>Ampl\u00ede su visi\u00f3n con hasta 64 c\u00e1maras HD de secuencia \u00fanica<br \/>Gesti\u00f3n proactiva del almacenamiento con WDDA<br \/>\u00cdndices de carga de trabajo mejorados que llegan hasta 180 TB por a\u00f1o<br \/>Capacidad<br \/>2 TB<br \/>Formato<br \/>3.5-Inch<br \/>Conector<br \/>SATA<br \/>Compatibilidad<br \/>Conecte hasta 64 c\u00e1maras por disco para los sistemas de seguridad con videovigilancia gracias a sus m\u00e1s de ocho ranuras.<br \/>Interfaz<br \/>SATA<br \/>Velocidad de transferencia<br \/>up to 175MB\/s<br \/>Disk Speed (RPM)<br \/>Recording Technology<br \/>CMR<br \/>Cache Size<br \/>256MB<br \/>Dimensiones (largo, ancho y alto)<br \/>5.79&#8243; x 4&#8243; x 1.03&#8243;<br \/>Peso<br \/>450gms<br \/>Temp. operativa<br \/>0\u00b0C to 65\u00b0C<\/p>\n","protected":false},"excerpt":{"rendered":"<p>FeaturesAmpl\u00ede su visi\u00f3n con hasta 64 c\u00e1maras HD de secuencia \u00fanicaGesti\u00f3n proactiva del almacenamiento con WDDA\u00cdndices de carga de trabajo mejorados que llegan hasta 180 TB por a\u00f1oCapacidad2 TBFormato3.5-InchConectorSATACompatibilidadConecte hasta 64 c\u00e1maras por disco para los sistemas de seguridad con videovigilancia gracias a sus m\u00e1s de ocho ranuras.InterfazSATAVelocidad de transferenciaup to 175MB\/sDisk Speed (RPM)Recording TechnologyCMRCache [&hellip;]<\/p>\n","protected":false},"featured_media":2937,"comment_status":"open","ping_status":"closed","template":"","meta":{"_uag_custom_page_level_css":""},"product_brand":[548],"product_cat":[15],"product_tag":[],"class_list":{"0":"post-2939","1":"product","2":"type-product","3":"status-publish","4":"has-post-thumbnail","6":"product_brand-westerndigital","7":"product_cat-sin-categorizar","9":"first","10":"outofstock","11":"sale","12":"taxable","13":"shipping-taxable","14":"purchasable","15":"product-type-simple"},"uagb_featured_image_src":{"full":["https:\/\/rms-enlinea.com.ar\/wp-content\/uploads\/2025\/06\/D_788720-MLU70545472005_072023-F.jpg",352,500,false],"thumbnail":["https:\/\/rms-enlinea.com.ar\/wp-content\/uploads\/2025\/06\/D_788720-MLU70545472005_072023-F-150x150.jpg",150,150,true],"medium":["https:\/\/rms-enlinea.com.ar\/wp-content\/uploads\/2025\/06\/D_788720-MLU70545472005_072023-F-211x300.jpg",211,300,true],"medium_large":["https:\/\/rms-enlinea.com.ar\/wp-content\/uploads\/2025\/06\/D_788720-MLU70545472005_072023-F.jpg",352,500,false],"large":["https:\/\/rms-enlinea.com.ar\/wp-content\/uploads\/2025\/06\/D_788720-MLU70545472005_072023-F.jpg",352,500,false],"1536x1536":["https:\/\/rms-enlinea.com.ar\/wp-content\/uploads\/2025\/06\/D_788720-MLU70545472005_072023-F.jpg",352,500,false],"2048x2048":["https:\/\/rms-enlinea.com.ar\/wp-content\/uploads\/2025\/06\/D_788720-MLU70545472005_072023-F.jpg",352,500,false],"woocommerce_thumbnail":["https:\/\/rms-enlinea.com.ar\/wp-content\/uploads\/2025\/06\/D_788720-MLU70545472005_072023-F-352x450.jpg",352,450,true],"woocommerce_single":["https:\/\/rms-enlinea.com.ar\/wp-content\/uploads\/2025\/06\/D_788720-MLU70545472005_072023-F.jpg",352,500,false],"woocommerce_gallery_thumbnail":["https:\/\/rms-enlinea.com.ar\/wp-content\/uploads\/2025\/06\/D_788720-MLU70545472005_072023-F-100x100.jpg",100,100,true]},"uagb_author_info":{"display_name":"l0071054","author_link":"https:\/\/rms-enlinea.com.ar\/tienda\/author\/"},"uagb_comment_info":0,"uagb_excerpt":"FeaturesAmpl\u00ede su visi\u00f3n con hasta 64 c\u00e1maras HD de secuencia \u00fanicaGesti\u00f3n proactiva del almacenamiento con WDDA\u00cdndices de carga de trabajo mejorados que llegan hasta 180 TB por a\u00f1oCapacidad2 TBFormato3.5-InchConectorSATACompatibilidadConecte hasta 64 c\u00e1maras por disco para los sistemas de seguridad con videovigilancia gracias a sus m\u00e1s de ocho ranuras.InterfazSATAVelocidad de transferenciaup to 175MB\/sDisk Speed (RPM)Recording TechnologyCMRCache&hellip;","_links":{"self":[{"href":"https:\/\/rms-enlinea.com.ar\/tienda\/wp-json\/wp\/v2\/product\/2939","targetHints":{"allow":["GET"]}}],"collection":[{"href":"https:\/\/rms-enlinea.com.ar\/tienda\/wp-json\/wp\/v2\/product"}],"about":[{"href":"https:\/\/rms-enlinea.com.ar\/tienda\/wp-json\/wp\/v2\/types\/product"}],"replies":[{"embeddable":true,"href":"https:\/\/rms-enlinea.com.ar\/tienda\/wp-json\/wp\/v2\/comments?post=2939"}],"wp:featuredmedia":[{"embeddable":true,"href":"https:\/\/rms-enlinea.com.ar\/tienda\/wp-json\/wp\/v2\/media\/2937"}],"wp:attachment":[{"href":"https:\/\/rms-enlinea.com.ar\/tienda\/wp-json\/wp\/v2\/media?parent=2939"}],"wp:term":[{"taxonomy":"product_brand","embeddable":true,"href":"https:\/\/rms-enlinea.com.ar\/tienda\/wp-json\/wp\/v2\/product_brand?post=2939"},{"taxonomy":"product_cat","embeddable":true,"href":"https:\/\/rms-enlinea.com.ar\/tienda\/wp-json\/wp\/v2\/product_cat?post=2939"},{"taxonomy":"product_tag","embeddable":true,"href":"https:\/\/rms-enlinea.com.ar\/tienda\/wp-json\/wp\/v2\/product_tag?post=2939"}],"curies":[{"name":"wp","href":"https:\/\/api.w.org\/{rel}","templated":true}]}}