{"id":30261,"date":"2025-06-12T19:31:48","date_gmt":"2025-06-12T22:31:48","guid":{"rendered":"https:\/\/rms-enlinea.com.ar\/tienda\/producto\/mouse-inalambrico-genius-nx-7015-iron-grey-1600dpi\/"},"modified":"2026-03-27T18:51:53","modified_gmt":"2026-03-27T21:51:53","slug":"mouse-inalambrico-genius-nx-7015-iron-grey-1600dpi","status":"publish","type":"product","link":"https:\/\/rms-enlinea.com.ar\/tienda\/producto\/mouse-inalambrico-genius-nx-7015-iron-grey-1600dpi\/","title":{"rendered":"Mouse Inalambrico Genius Nx-7015 Iron Grey 1600dpi"},"content":{"rendered":"<p>Marca<\/p>\n<p>Genius<br \/>Sistemas operativos compatibles<\/p>\n<p>Windows 7,Windows 8,Windows 8.1,Windows 10,macOS X 10.8,macOS X 10.7.4<br \/>Tipo de mouse<\/p>\n<p>Convencional<br \/>Altura<\/p>\n<p>38.5 mm<br \/>Interfaces<\/p>\n<p>USB<br \/>Es recargable<\/p>\n<p>No<br \/>Es inal\u00e1mbrico USB<\/p>\n<p>S\u00ed<br \/>Largo<\/p>\n<p>100 mm<br \/>Modelo<\/p>\n<p>NX-7015<br \/>Cantidad de botones<\/p>\n<p>3<br \/>Radio frecuencia<\/p>\n<p>2.4 GHz<br \/>Resoluci\u00f3n del sensor<\/p>\n<p>1600 dpi<br \/>Tecnolog\u00eda del sensor<\/p>\n<p>BlueEye<br \/>Peso<\/p>\n<p>57 g<br \/>Ancho<\/p>\n<p>58 mm<br \/>Con Bluetooth<\/p>\n<p>No<br \/>Con cable retr\u00e1ctil<\/p>\n<p>No<br \/>Con rueda de desplazamiento<\/p>\n<p>S\u00ed<\/p>\n","protected":false},"excerpt":{"rendered":"<p>Marca GeniusSistemas operativos compatibles Windows 7,Windows 8,Windows 8.1,Windows 10,macOS X 10.8,macOS X 10.7.4Tipo de mouse ConvencionalAltura 38.5 mmInterfaces USBEs recargable NoEs inal\u00e1mbrico USB S\u00edLargo 100 mmModelo NX-7015Cantidad de botones 3Radio frecuencia 2.4 GHzResoluci\u00f3n del sensor 1600 dpiTecnolog\u00eda del sensor BlueEyePeso 57 gAncho 58 mmCon Bluetooth NoCon cable retr\u00e1ctil NoCon rueda de desplazamiento S\u00ed<\/p>\n","protected":false},"featured_media":23699,"comment_status":"open","ping_status":"closed","template":"","meta":{"_uag_custom_page_level_css":""},"product_brand":[550],"product_cat":[125],"product_tag":[],"class_list":{"0":"post-30261","1":"product","2":"type-product","3":"status-publish","4":"has-post-thumbnail","6":"product_brand-genius","7":"product_cat-teclados-y-mouses","9":"first","10":"instock","11":"sale","12":"taxable","13":"shipping-taxable","14":"purchasable","15":"product-type-simple"},"uagb_featured_image_src":{"full":["https:\/\/rms-enlinea.com.ar\/wp-content\/uploads\/2025\/06\/D_960682-MLU69945487239_062023-F.jpg",499,500,false],"thumbnail":["https:\/\/rms-enlinea.com.ar\/wp-content\/uploads\/2025\/06\/D_960682-MLU69945487239_062023-F-150x150.jpg",150,150,true],"medium":["https:\/\/rms-enlinea.com.ar\/wp-content\/uploads\/2025\/06\/D_960682-MLU69945487239_062023-F-300x300.jpg",300,300,true],"medium_large":["https:\/\/rms-enlinea.com.ar\/wp-content\/uploads\/2025\/06\/D_960682-MLU69945487239_062023-F.jpg",499,500,false],"large":["https:\/\/rms-enlinea.com.ar\/wp-content\/uploads\/2025\/06\/D_960682-MLU69945487239_062023-F.jpg",499,500,false],"1536x1536":["https:\/\/rms-enlinea.com.ar\/wp-content\/uploads\/2025\/06\/D_960682-MLU69945487239_062023-F.jpg",499,500,false],"2048x2048":["https:\/\/rms-enlinea.com.ar\/wp-content\/uploads\/2025\/06\/D_960682-MLU69945487239_062023-F.jpg",499,500,false],"woocommerce_thumbnail":["https:\/\/rms-enlinea.com.ar\/wp-content\/uploads\/2025\/06\/D_960682-MLU69945487239_062023-F-450x450.jpg",450,450,true],"woocommerce_single":["https:\/\/rms-enlinea.com.ar\/wp-content\/uploads\/2025\/06\/D_960682-MLU69945487239_062023-F.jpg",499,500,false],"woocommerce_gallery_thumbnail":["https:\/\/rms-enlinea.com.ar\/wp-content\/uploads\/2025\/06\/D_960682-MLU69945487239_062023-F-100x100.jpg",100,100,true]},"uagb_author_info":{"display_name":"l0071054","author_link":"https:\/\/rms-enlinea.com.ar\/tienda\/author\/"},"uagb_comment_info":0,"uagb_excerpt":"Marca GeniusSistemas operativos compatibles Windows 7,Windows 8,Windows 8.1,Windows 10,macOS X 10.8,macOS X 10.7.4Tipo de mouse ConvencionalAltura 38.5 mmInterfaces USBEs recargable NoEs inal\u00e1mbrico USB S\u00edLargo 100 mmModelo NX-7015Cantidad de botones 3Radio frecuencia 2.4 GHzResoluci\u00f3n del sensor 1600 dpiTecnolog\u00eda del sensor BlueEyePeso 57 gAncho 58 mmCon Bluetooth NoCon cable retr\u00e1ctil NoCon rueda de desplazamiento S\u00ed","_links":{"self":[{"href":"https:\/\/rms-enlinea.com.ar\/tienda\/wp-json\/wp\/v2\/product\/30261","targetHints":{"allow":["GET"]}}],"collection":[{"href":"https:\/\/rms-enlinea.com.ar\/tienda\/wp-json\/wp\/v2\/product"}],"about":[{"href":"https:\/\/rms-enlinea.com.ar\/tienda\/wp-json\/wp\/v2\/types\/product"}],"replies":[{"embeddable":true,"href":"https:\/\/rms-enlinea.com.ar\/tienda\/wp-json\/wp\/v2\/comments?post=30261"}],"wp:featuredmedia":[{"embeddable":true,"href":"https:\/\/rms-enlinea.com.ar\/tienda\/wp-json\/wp\/v2\/media\/23699"}],"wp:attachment":[{"href":"https:\/\/rms-enlinea.com.ar\/tienda\/wp-json\/wp\/v2\/media?parent=30261"}],"wp:term":[{"taxonomy":"product_brand","embeddable":true,"href":"https:\/\/rms-enlinea.com.ar\/tienda\/wp-json\/wp\/v2\/product_brand?post=30261"},{"taxonomy":"product_cat","embeddable":true,"href":"https:\/\/rms-enlinea.com.ar\/tienda\/wp-json\/wp\/v2\/product_cat?post=30261"},{"taxonomy":"product_tag","embeddable":true,"href":"https:\/\/rms-enlinea.com.ar\/tienda\/wp-json\/wp\/v2\/product_tag?post=30261"}],"curies":[{"name":"wp","href":"https:\/\/api.w.org\/{rel}","templated":true}]}}