{"id":3031,"date":"2025-06-12T02:44:11","date_gmt":"2025-06-12T05:44:11","guid":{"rendered":"https:\/\/rms-enlinea.com.ar\/tienda\/producto\/joystick-gamer-pc-consola-bluetooth-android-etheos-jsinsop1\/"},"modified":"2026-04-11T04:20:12","modified_gmt":"2026-04-11T07:20:12","slug":"joystick-gamer-pc-consola-bluetooth-android-etheos-jsinsop1","status":"publish","type":"product","link":"https:\/\/rms-enlinea.com.ar\/tienda\/producto\/joystick-gamer-pc-consola-bluetooth-android-etheos-jsinsop1\/","title":{"rendered":"Joystick Gamer Pc Consola Bluetooth Android Etheos Jsinsop1"},"content":{"rendered":"<p>Control preciso <br \/>Este mando combina funciones revolucionarias mientras conserva precisi\u00f3n, comodidad y exactitud en cada movimiento. Gracias a su ergonom\u00eda especialmente pensada para la posici\u00f3n de tu mano, pod\u00e9s pasar horas jugando con total confort.<\/p>\n<p>Mayor comodidad y realismo<br \/>Te permite jugar sin necesidad de que haya cables de por medio. Est\u00e1 pensado no solamente para controlar mejor tus videojuegos, sino tambi\u00e9n para aumentar su realismo y experiencia.<\/p>\n<p>Activ\u00e1 el Bluetooth<br \/>Cuenta con conexi\u00f3n Bluetooth de alta tecnolog\u00eda para usarlo en cualquier ordenador o dispositivo; ya no necesitar\u00e1s de aplicaciones de terceros ni cable USB. Adem\u00e1s, posee gran capacidad antiinterferente, f\u00e1cil manejo y se\u00f1al de conexi\u00f3n estable.<\/p>\n","protected":false},"excerpt":{"rendered":"<p>Control preciso Este mando combina funciones revolucionarias mientras conserva precisi\u00f3n, comodidad y exactitud en cada movimiento. Gracias a su ergonom\u00eda especialmente pensada para la posici\u00f3n de tu mano, pod\u00e9s pasar horas jugando con total confort. Mayor comodidad y realismoTe permite jugar sin necesidad de que haya cables de por medio. Est\u00e1 pensado no solamente para [&hellip;]<\/p>\n","protected":false},"featured_media":3030,"comment_status":"open","ping_status":"closed","template":"","meta":{"_uag_custom_page_level_css":""},"product_brand":[529],"product_cat":[15],"product_tag":[],"class_list":{"0":"post-3031","1":"product","2":"type-product","3":"status-publish","4":"has-post-thumbnail","6":"product_brand-etheos","7":"product_cat-sin-categorizar","9":"first","10":"instock","11":"sale","12":"taxable","13":"shipping-taxable","14":"purchasable","15":"product-type-simple"},"uagb_featured_image_src":{"full":["https:\/\/rms-enlinea.com.ar\/wp-content\/uploads\/2025\/06\/D_867945-MLA45549339867_042021-F.jpg",843,828,false],"thumbnail":["https:\/\/rms-enlinea.com.ar\/wp-content\/uploads\/2025\/06\/D_867945-MLA45549339867_042021-F-150x150.jpg",150,150,true],"medium":["https:\/\/rms-enlinea.com.ar\/wp-content\/uploads\/2025\/06\/D_867945-MLA45549339867_042021-F-300x295.jpg",300,295,true],"medium_large":["https:\/\/rms-enlinea.com.ar\/wp-content\/uploads\/2025\/06\/D_867945-MLA45549339867_042021-F-768x754.jpg",768,754,true],"large":["https:\/\/rms-enlinea.com.ar\/wp-content\/uploads\/2025\/06\/D_867945-MLA45549339867_042021-F.jpg",843,828,false],"1536x1536":["https:\/\/rms-enlinea.com.ar\/wp-content\/uploads\/2025\/06\/D_867945-MLA45549339867_042021-F.jpg",843,828,false],"2048x2048":["https:\/\/rms-enlinea.com.ar\/wp-content\/uploads\/2025\/06\/D_867945-MLA45549339867_042021-F.jpg",843,828,false],"woocommerce_thumbnail":["https:\/\/rms-enlinea.com.ar\/wp-content\/uploads\/2025\/06\/D_867945-MLA45549339867_042021-F-450x450.jpg",450,450,true],"woocommerce_single":["https:\/\/rms-enlinea.com.ar\/wp-content\/uploads\/2025\/06\/D_867945-MLA45549339867_042021-F-600x589.jpg",600,589,true],"woocommerce_gallery_thumbnail":["https:\/\/rms-enlinea.com.ar\/wp-content\/uploads\/2025\/06\/D_867945-MLA45549339867_042021-F-100x100.jpg",100,100,true]},"uagb_author_info":{"display_name":"l0071054","author_link":"https:\/\/rms-enlinea.com.ar\/tienda\/author\/"},"uagb_comment_info":0,"uagb_excerpt":"Control preciso Este mando combina funciones revolucionarias mientras conserva precisi\u00f3n, comodidad y exactitud en cada movimiento. Gracias a su ergonom\u00eda especialmente pensada para la posici\u00f3n de tu mano, pod\u00e9s pasar horas jugando con total confort. Mayor comodidad y realismoTe permite jugar sin necesidad de que haya cables de por medio. Est\u00e1 pensado no solamente para&hellip;","_links":{"self":[{"href":"https:\/\/rms-enlinea.com.ar\/tienda\/wp-json\/wp\/v2\/product\/3031","targetHints":{"allow":["GET"]}}],"collection":[{"href":"https:\/\/rms-enlinea.com.ar\/tienda\/wp-json\/wp\/v2\/product"}],"about":[{"href":"https:\/\/rms-enlinea.com.ar\/tienda\/wp-json\/wp\/v2\/types\/product"}],"replies":[{"embeddable":true,"href":"https:\/\/rms-enlinea.com.ar\/tienda\/wp-json\/wp\/v2\/comments?post=3031"}],"wp:featuredmedia":[{"embeddable":true,"href":"https:\/\/rms-enlinea.com.ar\/tienda\/wp-json\/wp\/v2\/media\/3030"}],"wp:attachment":[{"href":"https:\/\/rms-enlinea.com.ar\/tienda\/wp-json\/wp\/v2\/media?parent=3031"}],"wp:term":[{"taxonomy":"product_brand","embeddable":true,"href":"https:\/\/rms-enlinea.com.ar\/tienda\/wp-json\/wp\/v2\/product_brand?post=3031"},{"taxonomy":"product_cat","embeddable":true,"href":"https:\/\/rms-enlinea.com.ar\/tienda\/wp-json\/wp\/v2\/product_cat?post=3031"},{"taxonomy":"product_tag","embeddable":true,"href":"https:\/\/rms-enlinea.com.ar\/tienda\/wp-json\/wp\/v2\/product_tag?post=3031"}],"curies":[{"name":"wp","href":"https:\/\/api.w.org\/{rel}","templated":true}]}}