{"id":3155,"date":"2025-06-12T02:46:41","date_gmt":"2025-06-12T05:46:41","guid":{"rendered":"https:\/\/rms-enlinea.com.ar\/tienda\/producto\/cabezal-movil-spot-led-100w-e-lighting-prisma-5-shapes-100l\/"},"modified":"2026-04-21T07:10:41","modified_gmt":"2026-04-21T10:10:41","slug":"cabezal-movil-spot-led-100w-e-lighting-prisma-5-shapes-100l","status":"publish","type":"product","link":"https:\/\/rms-enlinea.com.ar\/tienda\/producto\/cabezal-movil-spot-led-100w-e-lighting-prisma-5-shapes-100l\/","title":{"rendered":"Cabezal M\u00f3vil Spot Led 100w E-lighting Prisma 5 Shapes-100l"},"content":{"rendered":"<p>SHAPES-100L<br \/>Marca : E-LIGHTING &#8211; PRO<br \/>Categor\u00eda : Iluminaci\u00f3n<\/p>\n<p>SPOT DE ALTA POTENCIA CON ARO PIXEL LED, DE GRAN DEFINICI\u00d3N Y FUNCIONAMIENTO!!<\/p>\n<p>\u2022 Led de 100W de alta potencia.<br \/>\u2022 Rueda de colores: 7+ blanco con rotaci\u00f3n y puntos medios.<br \/>\u2022 Rueda de gobos: 5 gr\u00e1ficos (3 met\u00e1licos + 2 de vidrio) + abierto.<br \/>\u2022 Prisma de 5 caras rotativo con giro bidireccional.<br \/>\u2022 Aro con 12 leds RGB 3 en 1 en el frente control de<br \/>pixels.<br \/>\u2022 Control de Foco electr\u00f3nico.<br \/>\u2022 Estrobo y Dimmer electr\u00f3nico 0-100%.<br \/>\u2022 Modos de Comando: DMX, Auto, Sound, Maestro-Esclavo.<\/p>\n<p>\u2022 Ideales para shows, eventos sociales, discos,<br \/>Dj, salones, etc.<\/p>\n","protected":false},"excerpt":{"rendered":"<p>SHAPES-100LMarca : E-LIGHTING &#8211; PROCategor\u00eda : Iluminaci\u00f3n SPOT DE ALTA POTENCIA CON ARO PIXEL LED, DE GRAN DEFINICI\u00d3N Y FUNCIONAMIENTO!! \u2022 Led de 100W de alta potencia.\u2022 Rueda de colores: 7+ blanco con rotaci\u00f3n y puntos medios.\u2022 Rueda de gobos: 5 gr\u00e1ficos (3 met\u00e1licos + 2 de vidrio) + abierto.\u2022 Prisma de 5 caras rotativo [&hellip;]<\/p>\n","protected":false},"featured_media":3156,"comment_status":"open","ping_status":"closed","template":"","meta":{"_uag_custom_page_level_css":""},"product_brand":[],"product_cat":[84],"product_tag":[],"class_list":{"0":"post-3155","1":"product","2":"type-product","3":"status-publish","4":"has-post-thumbnail","6":"product_cat-cabezales-moviles","8":"first","9":"outofstock","10":"sale","11":"taxable","12":"shipping-taxable","13":"purchasable","14":"product-type-simple"},"uagb_featured_image_src":{"full":["https:\/\/rms-enlinea.com.ar\/wp-content\/uploads\/2025\/06\/D_782684-MLA72012318429_092023-F.jpg",500,500,false],"thumbnail":["https:\/\/rms-enlinea.com.ar\/wp-content\/uploads\/2025\/06\/D_782684-MLA72012318429_092023-F-150x150.jpg",150,150,true],"medium":["https:\/\/rms-enlinea.com.ar\/wp-content\/uploads\/2025\/06\/D_782684-MLA72012318429_092023-F-300x300.jpg",300,300,true],"medium_large":["https:\/\/rms-enlinea.com.ar\/wp-content\/uploads\/2025\/06\/D_782684-MLA72012318429_092023-F.jpg",500,500,false],"large":["https:\/\/rms-enlinea.com.ar\/wp-content\/uploads\/2025\/06\/D_782684-MLA72012318429_092023-F.jpg",500,500,false],"1536x1536":["https:\/\/rms-enlinea.com.ar\/wp-content\/uploads\/2025\/06\/D_782684-MLA72012318429_092023-F.jpg",500,500,false],"2048x2048":["https:\/\/rms-enlinea.com.ar\/wp-content\/uploads\/2025\/06\/D_782684-MLA72012318429_092023-F.jpg",500,500,false],"woocommerce_thumbnail":["https:\/\/rms-enlinea.com.ar\/wp-content\/uploads\/2025\/06\/D_782684-MLA72012318429_092023-F-450x450.jpg",450,450,true],"woocommerce_single":["https:\/\/rms-enlinea.com.ar\/wp-content\/uploads\/2025\/06\/D_782684-MLA72012318429_092023-F.jpg",500,500,false],"woocommerce_gallery_thumbnail":["https:\/\/rms-enlinea.com.ar\/wp-content\/uploads\/2025\/06\/D_782684-MLA72012318429_092023-F-100x100.jpg",100,100,true]},"uagb_author_info":{"display_name":"l0071054","author_link":"https:\/\/rms-enlinea.com.ar\/tienda\/author\/"},"uagb_comment_info":0,"uagb_excerpt":"SHAPES-100LMarca : E-LIGHTING &#8211; PROCategor\u00eda : Iluminaci\u00f3n SPOT DE ALTA POTENCIA CON ARO PIXEL LED, DE GRAN DEFINICI\u00d3N Y FUNCIONAMIENTO!! \u2022 Led de 100W de alta potencia.\u2022 Rueda de colores: 7+ blanco con rotaci\u00f3n y puntos medios.\u2022 Rueda de gobos: 5 gr\u00e1ficos (3 met\u00e1licos + 2 de vidrio) + abierto.\u2022 Prisma de 5 caras rotativo&hellip;","_links":{"self":[{"href":"https:\/\/rms-enlinea.com.ar\/tienda\/wp-json\/wp\/v2\/product\/3155","targetHints":{"allow":["GET"]}}],"collection":[{"href":"https:\/\/rms-enlinea.com.ar\/tienda\/wp-json\/wp\/v2\/product"}],"about":[{"href":"https:\/\/rms-enlinea.com.ar\/tienda\/wp-json\/wp\/v2\/types\/product"}],"replies":[{"embeddable":true,"href":"https:\/\/rms-enlinea.com.ar\/tienda\/wp-json\/wp\/v2\/comments?post=3155"}],"wp:featuredmedia":[{"embeddable":true,"href":"https:\/\/rms-enlinea.com.ar\/tienda\/wp-json\/wp\/v2\/media\/3156"}],"wp:attachment":[{"href":"https:\/\/rms-enlinea.com.ar\/tienda\/wp-json\/wp\/v2\/media?parent=3155"}],"wp:term":[{"taxonomy":"product_brand","embeddable":true,"href":"https:\/\/rms-enlinea.com.ar\/tienda\/wp-json\/wp\/v2\/product_brand?post=3155"},{"taxonomy":"product_cat","embeddable":true,"href":"https:\/\/rms-enlinea.com.ar\/tienda\/wp-json\/wp\/v2\/product_cat?post=3155"},{"taxonomy":"product_tag","embeddable":true,"href":"https:\/\/rms-enlinea.com.ar\/tienda\/wp-json\/wp\/v2\/product_tag?post=3155"}],"curies":[{"name":"wp","href":"https:\/\/api.w.org\/{rel}","templated":true}]}}