{"id":3162,"date":"2025-06-12T02:46:50","date_gmt":"2025-06-12T05:46:50","guid":{"rendered":"https:\/\/rms-enlinea.com.ar\/tienda\/producto\/driver-1-pulgada-leea-dr40-40w-8-ohms\/"},"modified":"2026-04-06T13:45:45","modified_gmt":"2026-04-06T16:45:45","slug":"driver-1-pulgada-leea-dr40-40w-8-ohms","status":"publish","type":"product","link":"https:\/\/rms-enlinea.com.ar\/tienda\/producto\/driver-1-pulgada-leea-dr40-40w-8-ohms\/","title":{"rendered":"Driver 1 Pulgada Leea Dr40 40w 8 Ohms"},"content":{"rendered":"<p>Leea DR40 | Driver de 1 pulgada 40 watts<\/p>\n<p>El Leea DR40 es un driver compacto de 40 watts RMS y 8 ohms de impedancia, ideal para cajas ac\u00fasticas de 2 v\u00edas en aplicaciones de menor potencia o uso dom\u00e9stico. Ofrece una buena definici\u00f3n en las frecuencias agudas, aportando brillo y nitidez al sonido sin comprometer la eficiencia.<\/p>\n<p>Su tama\u00f1o y potencia lo hacen perfecto para sistemas port\u00e1tiles, monitores compactos o proyectos de audio donde se requiera un driver confiable, econ\u00f3mico y de buena respuesta.<\/p>\n","protected":false},"excerpt":{"rendered":"<p>Leea DR40 | Driver de 1 pulgada 40 watts El Leea DR40 es un driver compacto de 40 watts RMS y 8 ohms de impedancia, ideal para cajas ac\u00fasticas de 2 v\u00edas en aplicaciones de menor potencia o uso dom\u00e9stico. Ofrece una buena definici\u00f3n en las frecuencias agudas, aportando brillo y nitidez al sonido sin [&hellip;]<\/p>\n","protected":false},"featured_media":3159,"comment_status":"open","ping_status":"closed","template":"","meta":{"_uag_custom_page_level_css":""},"product_brand":[520],"product_cat":[62],"product_tag":[],"class_list":{"0":"post-3162","1":"product","2":"type-product","3":"status-publish","4":"has-post-thumbnail","6":"product_brand-leea","7":"product_cat-drivers","9":"first","10":"instock","11":"sale","12":"taxable","13":"shipping-taxable","14":"purchasable","15":"product-type-simple"},"uagb_featured_image_src":{"full":["https:\/\/rms-enlinea.com.ar\/wp-content\/uploads\/2025\/06\/D_991177-MLA85505838126_062025-F.jpg",854,539,false],"thumbnail":["https:\/\/rms-enlinea.com.ar\/wp-content\/uploads\/2025\/06\/D_991177-MLA85505838126_062025-F-150x150.jpg",150,150,true],"medium":["https:\/\/rms-enlinea.com.ar\/wp-content\/uploads\/2025\/06\/D_991177-MLA85505838126_062025-F-300x189.jpg",300,189,true],"medium_large":["https:\/\/rms-enlinea.com.ar\/wp-content\/uploads\/2025\/06\/D_991177-MLA85505838126_062025-F-768x485.jpg",768,485,true],"large":["https:\/\/rms-enlinea.com.ar\/wp-content\/uploads\/2025\/06\/D_991177-MLA85505838126_062025-F.jpg",854,539,false],"1536x1536":["https:\/\/rms-enlinea.com.ar\/wp-content\/uploads\/2025\/06\/D_991177-MLA85505838126_062025-F.jpg",854,539,false],"2048x2048":["https:\/\/rms-enlinea.com.ar\/wp-content\/uploads\/2025\/06\/D_991177-MLA85505838126_062025-F.jpg",854,539,false],"woocommerce_thumbnail":["https:\/\/rms-enlinea.com.ar\/wp-content\/uploads\/2025\/06\/D_991177-MLA85505838126_062025-F-450x450.jpg",450,450,true],"woocommerce_single":["https:\/\/rms-enlinea.com.ar\/wp-content\/uploads\/2025\/06\/D_991177-MLA85505838126_062025-F-600x379.jpg",600,379,true],"woocommerce_gallery_thumbnail":["https:\/\/rms-enlinea.com.ar\/wp-content\/uploads\/2025\/06\/D_991177-MLA85505838126_062025-F-100x100.jpg",100,100,true]},"uagb_author_info":{"display_name":"l0071054","author_link":"https:\/\/rms-enlinea.com.ar\/tienda\/author\/"},"uagb_comment_info":0,"uagb_excerpt":"Leea DR40 | Driver de 1 pulgada 40 watts El Leea DR40 es un driver compacto de 40 watts RMS y 8 ohms de impedancia, ideal para cajas ac\u00fasticas de 2 v\u00edas en aplicaciones de menor potencia o uso dom\u00e9stico. Ofrece una buena definici\u00f3n en las frecuencias agudas, aportando brillo y nitidez al sonido sin&hellip;","_links":{"self":[{"href":"https:\/\/rms-enlinea.com.ar\/tienda\/wp-json\/wp\/v2\/product\/3162","targetHints":{"allow":["GET"]}}],"collection":[{"href":"https:\/\/rms-enlinea.com.ar\/tienda\/wp-json\/wp\/v2\/product"}],"about":[{"href":"https:\/\/rms-enlinea.com.ar\/tienda\/wp-json\/wp\/v2\/types\/product"}],"replies":[{"embeddable":true,"href":"https:\/\/rms-enlinea.com.ar\/tienda\/wp-json\/wp\/v2\/comments?post=3162"}],"wp:featuredmedia":[{"embeddable":true,"href":"https:\/\/rms-enlinea.com.ar\/tienda\/wp-json\/wp\/v2\/media\/3159"}],"wp:attachment":[{"href":"https:\/\/rms-enlinea.com.ar\/tienda\/wp-json\/wp\/v2\/media?parent=3162"}],"wp:term":[{"taxonomy":"product_brand","embeddable":true,"href":"https:\/\/rms-enlinea.com.ar\/tienda\/wp-json\/wp\/v2\/product_brand?post=3162"},{"taxonomy":"product_cat","embeddable":true,"href":"https:\/\/rms-enlinea.com.ar\/tienda\/wp-json\/wp\/v2\/product_cat?post=3162"},{"taxonomy":"product_tag","embeddable":true,"href":"https:\/\/rms-enlinea.com.ar\/tienda\/wp-json\/wp\/v2\/product_tag?post=3162"}],"curies":[{"name":"wp","href":"https:\/\/api.w.org\/{rel}","templated":true}]}}