{"id":32517,"date":"2025-06-12T20:29:40","date_gmt":"2025-06-12T23:29:40","guid":{"rendered":"https:\/\/rms-enlinea.com.ar\/tienda\/producto\/procesador-amd-ryzen-5-5600x-am4-s-video-s-cooler-6-nucleos\/"},"modified":"2026-04-06T12:12:43","modified_gmt":"2026-04-06T15:12:43","slug":"procesador-amd-ryzen-5-5600x-am4-s-video-s-cooler-6-nucleos","status":"publish","type":"product","link":"https:\/\/rms-enlinea.com.ar\/tienda\/producto\/procesador-amd-ryzen-5-5600x-am4-s-video-s-cooler-6-nucleos\/","title":{"rendered":"Procesador Amd Ryzen 5 5600x Am4 S\/video S\/cooler 6 Nucleos"},"content":{"rendered":"<p>Cantidad de n\u00facleos de CPU: 6<\/p>\n<p>Cantidad de hilos: 12<\/p>\n<p>Reloj base: 3.7GHz<\/p>\n<p>Reloj de aumento m\u00e1ximo: Hasta 4.6GHz<\/p>\n<p>Cach\u00e9 L2 total: 3MB<\/p>\n<p>Cach\u00e9 L3 total: 32MB<\/p>\n<p>Desbloqueados: S\u00ed<\/p>\n<p>CMOS TSMC 7nm FinFET<\/p>\n<p>Package: AM4<\/p>\n<p>Versi\u00f3n de PCI Express: PCIe 4.0<\/p>\n<p>Soluci\u00f3n t\u00e9rmica (PIB): Wraith Stealth<\/p>\n<p>TDP\/TDP predeterminado: 65W<\/p>\n<p>Temp. M\u00e1xima: 95\u00b0C<\/p>\n","protected":false},"excerpt":{"rendered":"<p>Cantidad de n\u00facleos de CPU: 6 Cantidad de hilos: 12 Reloj base: 3.7GHz Reloj de aumento m\u00e1ximo: Hasta 4.6GHz Cach\u00e9 L2 total: 3MB Cach\u00e9 L3 total: 32MB Desbloqueados: S\u00ed CMOS TSMC 7nm FinFET Package: AM4 Versi\u00f3n de PCI Express: PCIe 4.0 Soluci\u00f3n t\u00e9rmica (PIB): Wraith Stealth TDP\/TDP predeterminado: 65W Temp. M\u00e1xima: 95\u00b0C<\/p>\n","protected":false},"featured_media":5428,"comment_status":"open","ping_status":"closed","template":"","meta":{"_uag_custom_page_level_css":""},"product_brand":[531],"product_cat":[121],"product_tag":[],"class_list":{"0":"post-32517","1":"product","2":"type-product","3":"status-publish","4":"has-post-thumbnail","6":"product_brand-amd","7":"product_cat-procesadores-computacion","9":"first","10":"outofstock","11":"sale","12":"taxable","13":"shipping-taxable","14":"purchasable","15":"product-type-simple"},"uagb_featured_image_src":{"full":["https:\/\/rms-enlinea.com.ar\/wp-content\/uploads\/2025\/06\/D_806834-MLA44347094824_122020-F.jpg",1096,1196,false],"thumbnail":["https:\/\/rms-enlinea.com.ar\/wp-content\/uploads\/2025\/06\/D_806834-MLA44347094824_122020-F-150x150.jpg",150,150,true],"medium":["https:\/\/rms-enlinea.com.ar\/wp-content\/uploads\/2025\/06\/D_806834-MLA44347094824_122020-F-275x300.jpg",275,300,true],"medium_large":["https:\/\/rms-enlinea.com.ar\/wp-content\/uploads\/2025\/06\/D_806834-MLA44347094824_122020-F-768x838.jpg",768,838,true],"large":["https:\/\/rms-enlinea.com.ar\/wp-content\/uploads\/2025\/06\/D_806834-MLA44347094824_122020-F-938x1024.jpg",938,1024,true],"1536x1536":["https:\/\/rms-enlinea.com.ar\/wp-content\/uploads\/2025\/06\/D_806834-MLA44347094824_122020-F.jpg",1096,1196,false],"2048x2048":["https:\/\/rms-enlinea.com.ar\/wp-content\/uploads\/2025\/06\/D_806834-MLA44347094824_122020-F.jpg",1096,1196,false],"woocommerce_thumbnail":["https:\/\/rms-enlinea.com.ar\/wp-content\/uploads\/2025\/06\/D_806834-MLA44347094824_122020-F-450x450.jpg",450,450,true],"woocommerce_single":["https:\/\/rms-enlinea.com.ar\/wp-content\/uploads\/2025\/06\/D_806834-MLA44347094824_122020-F-600x655.jpg",600,655,true],"woocommerce_gallery_thumbnail":["https:\/\/rms-enlinea.com.ar\/wp-content\/uploads\/2025\/06\/D_806834-MLA44347094824_122020-F-100x100.jpg",100,100,true]},"uagb_author_info":{"display_name":"l0071054","author_link":"https:\/\/rms-enlinea.com.ar\/tienda\/author\/"},"uagb_comment_info":0,"uagb_excerpt":"Cantidad de n\u00facleos de CPU: 6 Cantidad de hilos: 12 Reloj base: 3.7GHz Reloj de aumento m\u00e1ximo: Hasta 4.6GHz Cach\u00e9 L2 total: 3MB Cach\u00e9 L3 total: 32MB Desbloqueados: S\u00ed CMOS TSMC 7nm FinFET Package: AM4 Versi\u00f3n de PCI Express: PCIe 4.0 Soluci\u00f3n t\u00e9rmica (PIB): Wraith Stealth TDP\/TDP predeterminado: 65W Temp. M\u00e1xima: 95\u00b0C","_links":{"self":[{"href":"https:\/\/rms-enlinea.com.ar\/tienda\/wp-json\/wp\/v2\/product\/32517","targetHints":{"allow":["GET"]}}],"collection":[{"href":"https:\/\/rms-enlinea.com.ar\/tienda\/wp-json\/wp\/v2\/product"}],"about":[{"href":"https:\/\/rms-enlinea.com.ar\/tienda\/wp-json\/wp\/v2\/types\/product"}],"replies":[{"embeddable":true,"href":"https:\/\/rms-enlinea.com.ar\/tienda\/wp-json\/wp\/v2\/comments?post=32517"}],"wp:featuredmedia":[{"embeddable":true,"href":"https:\/\/rms-enlinea.com.ar\/tienda\/wp-json\/wp\/v2\/media\/5428"}],"wp:attachment":[{"href":"https:\/\/rms-enlinea.com.ar\/tienda\/wp-json\/wp\/v2\/media?parent=32517"}],"wp:term":[{"taxonomy":"product_brand","embeddable":true,"href":"https:\/\/rms-enlinea.com.ar\/tienda\/wp-json\/wp\/v2\/product_brand?post=32517"},{"taxonomy":"product_cat","embeddable":true,"href":"https:\/\/rms-enlinea.com.ar\/tienda\/wp-json\/wp\/v2\/product_cat?post=32517"},{"taxonomy":"product_tag","embeddable":true,"href":"https:\/\/rms-enlinea.com.ar\/tienda\/wp-json\/wp\/v2\/product_tag?post=32517"}],"curies":[{"name":"wp","href":"https:\/\/api.w.org\/{rel}","templated":true}]}}