{"id":33108,"date":"2025-06-12T20:44:37","date_gmt":"2025-06-12T23:44:37","guid":{"rendered":"https:\/\/rms-enlinea.com.ar\/tienda\/producto\/barra-led-compacta-de-9-leds-rgbw-de-4w-tecshow-pocket-bar-9\/"},"modified":"2026-04-21T04:29:21","modified_gmt":"2026-04-21T07:29:21","slug":"barra-led-compacta-de-9-leds-rgbw-de-4w-tecshow-pocket-bar-9","status":"publish","type":"product","link":"https:\/\/rms-enlinea.com.ar\/tienda\/producto\/barra-led-compacta-de-9-leds-rgbw-de-4w-tecshow-pocket-bar-9\/","title":{"rendered":"Barra Led Compacta De 9 Leds Rgbw De 4w Tecshow Pocket Bar 9"},"content":{"rendered":"<p>Barra LED compacta de 9 LEDs RGBW de 4W<\/p>\n<p>9 LEDs x 4W RGBW 4-in-1<br \/>\nControl DMX con modos adicionales de auto, M\/S y audior\u00edtmico<br \/>\nControl remoto inclu\u00eddo<br \/>\nPocket Bar es una innovadora barra LED que incorpora 9 potentes LEDs de 4W RGBW 4-in-1, proporcionando una mezcla de colores intensa y vers\u00e1til que se adapta perfectamente tanto a iluminaci\u00f3n de escenarios como a efectos ambientales para eventos. Con un dise\u00f1o compacto, este dispositivo es ideal para espacios reducidos, perfecto para instalaciones fijas y uso en giras. Compatible con DMX512, ofrece opciones flexibles de control incluyendo modos auto, M\/S y control audior\u00edtmico.<\/p>\n<p>Fuente de Luz y \u00d3pticas<br \/>\nTipo de LED: 4W RGBW 4-en-1 LED Cantidad de LEDs: 9 PCS Duraci\u00f3n de la Luz: &gt;20000 horas Flujo Luminoso: 3500 Lux. a 1 metro \u00c1ngulo del Haz: 35\u00b0 Colores: Mezcla de color lineal RGBW Dimmer: lineal de 0% a 100% Estrobo: de 1 a 20Hz<br \/>\nControl y Conectividad<br \/>\nModos de Control: DMX, M\/S, modo autom\u00e1tico, control audior\u00edtmico, control remoto . Canales DMX: 4\/8 Pantalla: Display digital<br \/>\nF\u00edsico<br \/>\nDimensiones: 46 x 14 x 13 cm. Color de la Carcasa: Negro Conector DMX: Conector XLR Nivel de Protecci\u00f3n IP: IP20 para uso interior Incluye: control remoto infraroj<\/p>\n","protected":false},"excerpt":{"rendered":"<p>Barra LED compacta de 9 LEDs RGBW de 4W 9 LEDs x 4W RGBW 4-in-1 Control DMX con modos adicionales de auto, M\/S y audior\u00edtmico Control remoto inclu\u00eddo Pocket Bar es una innovadora barra LED que incorpora 9 potentes LEDs de 4W RGBW 4-in-1, proporcionando una mezcla de colores intensa y vers\u00e1til que se adapta [&hellip;]<\/p>\n","protected":false},"featured_media":33109,"comment_status":"open","ping_status":"closed","template":"","meta":{"_uag_custom_page_level_css":""},"product_brand":[477],"product_cat":[89],"product_tag":[],"class_list":{"0":"post-33108","1":"product","2":"type-product","3":"status-publish","4":"has-post-thumbnail","6":"product_brand-ampro","7":"product_cat-efectos-dj","9":"first","10":"outofstock","11":"sale","12":"taxable","13":"shipping-taxable","14":"purchasable","15":"product-type-simple"},"uagb_featured_image_src":{"full":["https:\/\/rms-enlinea.com.ar\/wp-content\/uploads\/2025\/06\/D_780629-MLA83866506446_042025-F.jpg",1068,488,false],"thumbnail":["https:\/\/rms-enlinea.com.ar\/wp-content\/uploads\/2025\/06\/D_780629-MLA83866506446_042025-F-150x150.jpg",150,150,true],"medium":["https:\/\/rms-enlinea.com.ar\/wp-content\/uploads\/2025\/06\/D_780629-MLA83866506446_042025-F-300x137.jpg",300,137,true],"medium_large":["https:\/\/rms-enlinea.com.ar\/wp-content\/uploads\/2025\/06\/D_780629-MLA83866506446_042025-F-768x351.jpg",768,351,true],"large":["https:\/\/rms-enlinea.com.ar\/wp-content\/uploads\/2025\/06\/D_780629-MLA83866506446_042025-F-1024x468.jpg",1024,468,true],"1536x1536":["https:\/\/rms-enlinea.com.ar\/wp-content\/uploads\/2025\/06\/D_780629-MLA83866506446_042025-F.jpg",1068,488,false],"2048x2048":["https:\/\/rms-enlinea.com.ar\/wp-content\/uploads\/2025\/06\/D_780629-MLA83866506446_042025-F.jpg",1068,488,false],"woocommerce_thumbnail":["https:\/\/rms-enlinea.com.ar\/wp-content\/uploads\/2025\/06\/D_780629-MLA83866506446_042025-F-450x450.jpg",450,450,true],"woocommerce_single":["https:\/\/rms-enlinea.com.ar\/wp-content\/uploads\/2025\/06\/D_780629-MLA83866506446_042025-F-600x274.jpg",600,274,true],"woocommerce_gallery_thumbnail":["https:\/\/rms-enlinea.com.ar\/wp-content\/uploads\/2025\/06\/D_780629-MLA83866506446_042025-F-100x100.jpg",100,100,true]},"uagb_author_info":{"display_name":"l0071054","author_link":"https:\/\/rms-enlinea.com.ar\/tienda\/author\/"},"uagb_comment_info":0,"uagb_excerpt":"Barra LED compacta de 9 LEDs RGBW de 4W 9 LEDs x 4W RGBW 4-in-1 Control DMX con modos adicionales de auto, M\/S y audior\u00edtmico Control remoto inclu\u00eddo Pocket Bar es una innovadora barra LED que incorpora 9 potentes LEDs de 4W RGBW 4-in-1, proporcionando una mezcla de colores intensa y vers\u00e1til que se adapta&hellip;","_links":{"self":[{"href":"https:\/\/rms-enlinea.com.ar\/tienda\/wp-json\/wp\/v2\/product\/33108","targetHints":{"allow":["GET"]}}],"collection":[{"href":"https:\/\/rms-enlinea.com.ar\/tienda\/wp-json\/wp\/v2\/product"}],"about":[{"href":"https:\/\/rms-enlinea.com.ar\/tienda\/wp-json\/wp\/v2\/types\/product"}],"replies":[{"embeddable":true,"href":"https:\/\/rms-enlinea.com.ar\/tienda\/wp-json\/wp\/v2\/comments?post=33108"}],"wp:featuredmedia":[{"embeddable":true,"href":"https:\/\/rms-enlinea.com.ar\/tienda\/wp-json\/wp\/v2\/media\/33109"}],"wp:attachment":[{"href":"https:\/\/rms-enlinea.com.ar\/tienda\/wp-json\/wp\/v2\/media?parent=33108"}],"wp:term":[{"taxonomy":"product_brand","embeddable":true,"href":"https:\/\/rms-enlinea.com.ar\/tienda\/wp-json\/wp\/v2\/product_brand?post=33108"},{"taxonomy":"product_cat","embeddable":true,"href":"https:\/\/rms-enlinea.com.ar\/tienda\/wp-json\/wp\/v2\/product_cat?post=33108"},{"taxonomy":"product_tag","embeddable":true,"href":"https:\/\/rms-enlinea.com.ar\/tienda\/wp-json\/wp\/v2\/product_tag?post=33108"}],"curies":[{"name":"wp","href":"https:\/\/api.w.org\/{rel}","templated":true}]}}