{"id":34258,"date":"2025-06-13T02:13:23","date_gmt":"2025-06-13T05:13:23","guid":{"rendered":"https:\/\/rms-enlinea.com.ar\/tienda\/producto\/barra-led-versatil-144-leds-rgb-0-5w-tecshow-blind-stick-rgb\/"},"modified":"2026-04-21T06:38:37","modified_gmt":"2026-04-21T09:38:37","slug":"barra-led-versatil-144-leds-rgb-0-5w-tecshow-blind-stick-rgb","status":"publish","type":"product","link":"https:\/\/rms-enlinea.com.ar\/tienda\/producto\/barra-led-versatil-144-leds-rgb-0-5w-tecshow-blind-stick-rgb\/","title":{"rendered":"Barra Led Vers\u00e1til 144 Leds Rgb 0.5w Tecshow Blind Stick Rgb"},"content":{"rendered":"<p>Blind Stick RGB<br \/>\nC\u00f3digo de producto: 002513<br \/>\nBarra LED vers\u00e1til 144 LEDs RGB de 0.5W<\/p>\n<p>Barra LED vers\u00e1til 144 LEDs RGB de 0.5W<br \/>\nControl DMX con modos adicionales de auto, M\/S y audior\u00edtmico<br \/>\nBlind Stick RGB es una barra LED con 144 LEDs de 0.5W capaces de producir una amplia gama de colores vibrantes. De construcci\u00f3n obusta y a su vez compacta, esta barra entrega un \u00e1ngulo de 45 grados que proporciona un golpe intenso y parejo para todo tipo de instalaciones. Desde eventos en vivo hasta instalaciones permanentes en locales y teatros. Con modos de control DMX, M\/S, auto. y control por sonido, Blind Stick RGB ofrece total flexibilidad en todo su rango de acci\u00f3n.<\/p>\n<p>Caracter\u00edsticas Generales<br \/>\nMaterial: Metal, color negro Nivel de Protecci\u00f3n IP: IP20 para uso interior<br \/>\nFuente de Luz y \u00d3pticas<br \/>\nCantidad de LEDs: 144 LEDs RGB de 0.5W Dimmer: 32bit 0~100% atenuaci\u00f3n lineal Caracter\u00edsticas de Luz: 80 secci\u00f3n running + dyeing + flash Frecuencia de Estrobo: 1~30Hz Temperatura de Trabajo: -30 \u00b0C ~ 50 \u00b0C<br \/>\nControl y Conectividad<br \/>\nModos de Control: DMX512, auto-propulsado, M\/S, control de voz, con funci\u00f3n RDM Canales DMX: CH3, CH7, CH52 Conexiones: Entrada y salida DMX512 \/ Entrada y salida de alimentaci\u00f3n<br \/>\nF\u00edsico<br \/>\nDimensiones: 47 x 7 x 12 cm.<\/p>\n","protected":false},"excerpt":{"rendered":"<p>Blind Stick RGB C\u00f3digo de producto: 002513 Barra LED vers\u00e1til 144 LEDs RGB de 0.5W Barra LED vers\u00e1til 144 LEDs RGB de 0.5W Control DMX con modos adicionales de auto, M\/S y audior\u00edtmico Blind Stick RGB es una barra LED con 144 LEDs de 0.5W capaces de producir una amplia gama de colores vibrantes. De [&hellip;]<\/p>\n","protected":false},"featured_media":34259,"comment_status":"open","ping_status":"closed","template":"","meta":{"_uag_custom_page_level_css":""},"product_brand":[477],"product_cat":[89],"product_tag":[],"class_list":{"0":"post-34258","1":"product","2":"type-product","3":"status-publish","4":"has-post-thumbnail","6":"product_brand-ampro","7":"product_cat-efectos-dj","9":"first","10":"outofstock","11":"sale","12":"taxable","13":"shipping-taxable","14":"purchasable","15":"product-type-simple"},"uagb_featured_image_src":{"full":["https:\/\/rms-enlinea.com.ar\/wp-content\/uploads\/2025\/06\/D_850266-MLA83865538392_042025-F.jpg",1035,365,false],"thumbnail":["https:\/\/rms-enlinea.com.ar\/wp-content\/uploads\/2025\/06\/D_850266-MLA83865538392_042025-F-150x150.jpg",150,150,true],"medium":["https:\/\/rms-enlinea.com.ar\/wp-content\/uploads\/2025\/06\/D_850266-MLA83865538392_042025-F-300x106.jpg",300,106,true],"medium_large":["https:\/\/rms-enlinea.com.ar\/wp-content\/uploads\/2025\/06\/D_850266-MLA83865538392_042025-F-768x271.jpg",768,271,true],"large":["https:\/\/rms-enlinea.com.ar\/wp-content\/uploads\/2025\/06\/D_850266-MLA83865538392_042025-F-1024x361.jpg",1024,361,true],"1536x1536":["https:\/\/rms-enlinea.com.ar\/wp-content\/uploads\/2025\/06\/D_850266-MLA83865538392_042025-F.jpg",1035,365,false],"2048x2048":["https:\/\/rms-enlinea.com.ar\/wp-content\/uploads\/2025\/06\/D_850266-MLA83865538392_042025-F.jpg",1035,365,false],"woocommerce_thumbnail":["https:\/\/rms-enlinea.com.ar\/wp-content\/uploads\/2025\/06\/D_850266-MLA83865538392_042025-F-450x365.jpg",450,365,true],"woocommerce_single":["https:\/\/rms-enlinea.com.ar\/wp-content\/uploads\/2025\/06\/D_850266-MLA83865538392_042025-F-600x212.jpg",600,212,true],"woocommerce_gallery_thumbnail":["https:\/\/rms-enlinea.com.ar\/wp-content\/uploads\/2025\/06\/D_850266-MLA83865538392_042025-F-100x100.jpg",100,100,true]},"uagb_author_info":{"display_name":"l0071054","author_link":"https:\/\/rms-enlinea.com.ar\/tienda\/author\/"},"uagb_comment_info":0,"uagb_excerpt":"Blind Stick RGB C\u00f3digo de producto: 002513 Barra LED vers\u00e1til 144 LEDs RGB de 0.5W Barra LED vers\u00e1til 144 LEDs RGB de 0.5W Control DMX con modos adicionales de auto, M\/S y audior\u00edtmico Blind Stick RGB es una barra LED con 144 LEDs de 0.5W capaces de producir una amplia gama de colores vibrantes. De&hellip;","_links":{"self":[{"href":"https:\/\/rms-enlinea.com.ar\/tienda\/wp-json\/wp\/v2\/product\/34258","targetHints":{"allow":["GET"]}}],"collection":[{"href":"https:\/\/rms-enlinea.com.ar\/tienda\/wp-json\/wp\/v2\/product"}],"about":[{"href":"https:\/\/rms-enlinea.com.ar\/tienda\/wp-json\/wp\/v2\/types\/product"}],"replies":[{"embeddable":true,"href":"https:\/\/rms-enlinea.com.ar\/tienda\/wp-json\/wp\/v2\/comments?post=34258"}],"wp:featuredmedia":[{"embeddable":true,"href":"https:\/\/rms-enlinea.com.ar\/tienda\/wp-json\/wp\/v2\/media\/34259"}],"wp:attachment":[{"href":"https:\/\/rms-enlinea.com.ar\/tienda\/wp-json\/wp\/v2\/media?parent=34258"}],"wp:term":[{"taxonomy":"product_brand","embeddable":true,"href":"https:\/\/rms-enlinea.com.ar\/tienda\/wp-json\/wp\/v2\/product_brand?post=34258"},{"taxonomy":"product_cat","embeddable":true,"href":"https:\/\/rms-enlinea.com.ar\/tienda\/wp-json\/wp\/v2\/product_cat?post=34258"},{"taxonomy":"product_tag","embeddable":true,"href":"https:\/\/rms-enlinea.com.ar\/tienda\/wp-json\/wp\/v2\/product_tag?post=34258"}],"curies":[{"name":"wp","href":"https:\/\/api.w.org\/{rel}","templated":true}]}}