{"id":3449,"date":"2025-06-12T02:53:10","date_gmt":"2025-06-12T05:53:10","guid":{"rendered":"https:\/\/rms-enlinea.com.ar\/tienda\/producto\/disco-rigido-seagate-2tb-skyhawk-256mb-5400rpm-st2000vx017\/"},"modified":"2026-05-04T09:53:27","modified_gmt":"2026-05-04T12:53:27","slug":"disco-rigido-seagate-2tb-skyhawk-256mb-5400rpm-st2000vx017","status":"publish","type":"product","link":"https:\/\/rms-enlinea.com.ar\/tienda\/producto\/disco-rigido-seagate-2tb-skyhawk-256mb-5400rpm-st2000vx017\/","title":{"rendered":"Disco Rigido Seagate 2tb Skyhawk 256mb 5400rpm St2000vx017"},"content":{"rendered":"<p>Tecnolog\u00eda de grabaci\u00f3n<br \/>CMR<br \/>Cach\u00e9 (MB)<br \/>256<br \/>Sensores de vibraci\u00f3n giratoria (VG)<br \/>No<br \/>Capacidad  <br \/>2 TB<br \/>Dimensiones: altura x ancho x profundidad<br \/>20.20 mm\/0.795 pulg. \u00d7 101.6 mm\/4.00 pulg. \u00d7 146.99mm\/5.787pulg.<br \/>Peso<br \/>415g\/0.915lb<\/p>\n","protected":false},"excerpt":{"rendered":"<p>Tecnolog\u00eda de grabaci\u00f3nCMRCach\u00e9 (MB)256Sensores de vibraci\u00f3n giratoria (VG)NoCapacidad 2 TBDimensiones: altura x ancho x profundidad20.20 mm\/0.795 pulg. \u00d7 101.6 mm\/4.00 pulg. \u00d7 146.99mm\/5.787pulg.Peso415g\/0.915lb<\/p>\n","protected":false},"featured_media":3450,"comment_status":"open","ping_status":"closed","template":"","meta":{"_uag_custom_page_level_css":""},"product_brand":[554],"product_cat":[15],"product_tag":[],"class_list":{"0":"post-3449","1":"product","2":"type-product","3":"status-publish","4":"has-post-thumbnail","6":"product_brand-seagate","7":"product_cat-sin-categorizar","9":"first","10":"outofstock","11":"sale","12":"taxable","13":"shipping-taxable","14":"purchasable","15":"product-type-simple"},"uagb_featured_image_src":{"full":["https:\/\/rms-enlinea.com.ar\/wp-content\/uploads\/2025\/06\/D_992521-MLU78087625347_072024-F.jpg",820,1200,false],"thumbnail":["https:\/\/rms-enlinea.com.ar\/wp-content\/uploads\/2025\/06\/D_992521-MLU78087625347_072024-F-150x150.jpg",150,150,true],"medium":["https:\/\/rms-enlinea.com.ar\/wp-content\/uploads\/2025\/06\/D_992521-MLU78087625347_072024-F-205x300.jpg",205,300,true],"medium_large":["https:\/\/rms-enlinea.com.ar\/wp-content\/uploads\/2025\/06\/D_992521-MLU78087625347_072024-F-768x1124.jpg",768,1124,true],"large":["https:\/\/rms-enlinea.com.ar\/wp-content\/uploads\/2025\/06\/D_992521-MLU78087625347_072024-F-700x1024.jpg",700,1024,true],"1536x1536":["https:\/\/rms-enlinea.com.ar\/wp-content\/uploads\/2025\/06\/D_992521-MLU78087625347_072024-F.jpg",820,1200,false],"2048x2048":["https:\/\/rms-enlinea.com.ar\/wp-content\/uploads\/2025\/06\/D_992521-MLU78087625347_072024-F.jpg",820,1200,false],"woocommerce_thumbnail":["https:\/\/rms-enlinea.com.ar\/wp-content\/uploads\/2025\/06\/D_992521-MLU78087625347_072024-F-450x450.jpg",450,450,true],"woocommerce_single":["https:\/\/rms-enlinea.com.ar\/wp-content\/uploads\/2025\/06\/D_992521-MLU78087625347_072024-F-600x878.jpg",600,878,true],"woocommerce_gallery_thumbnail":["https:\/\/rms-enlinea.com.ar\/wp-content\/uploads\/2025\/06\/D_992521-MLU78087625347_072024-F-100x100.jpg",100,100,true]},"uagb_author_info":{"display_name":"l0071054","author_link":"https:\/\/rms-enlinea.com.ar\/tienda\/author\/"},"uagb_comment_info":0,"uagb_excerpt":"Tecnolog\u00eda de grabaci\u00f3nCMRCach\u00e9 (MB)256Sensores de vibraci\u00f3n giratoria (VG)NoCapacidad 2 TBDimensiones: altura x ancho x profundidad20.20 mm\/0.795 pulg. \u00d7 101.6 mm\/4.00 pulg. \u00d7 146.99mm\/5.787pulg.Peso415g\/0.915lb","_links":{"self":[{"href":"https:\/\/rms-enlinea.com.ar\/tienda\/wp-json\/wp\/v2\/product\/3449","targetHints":{"allow":["GET"]}}],"collection":[{"href":"https:\/\/rms-enlinea.com.ar\/tienda\/wp-json\/wp\/v2\/product"}],"about":[{"href":"https:\/\/rms-enlinea.com.ar\/tienda\/wp-json\/wp\/v2\/types\/product"}],"replies":[{"embeddable":true,"href":"https:\/\/rms-enlinea.com.ar\/tienda\/wp-json\/wp\/v2\/comments?post=3449"}],"wp:featuredmedia":[{"embeddable":true,"href":"https:\/\/rms-enlinea.com.ar\/tienda\/wp-json\/wp\/v2\/media\/3450"}],"wp:attachment":[{"href":"https:\/\/rms-enlinea.com.ar\/tienda\/wp-json\/wp\/v2\/media?parent=3449"}],"wp:term":[{"taxonomy":"product_brand","embeddable":true,"href":"https:\/\/rms-enlinea.com.ar\/tienda\/wp-json\/wp\/v2\/product_brand?post=3449"},{"taxonomy":"product_cat","embeddable":true,"href":"https:\/\/rms-enlinea.com.ar\/tienda\/wp-json\/wp\/v2\/product_cat?post=3449"},{"taxonomy":"product_tag","embeddable":true,"href":"https:\/\/rms-enlinea.com.ar\/tienda\/wp-json\/wp\/v2\/product_tag?post=3449"}],"curies":[{"name":"wp","href":"https:\/\/api.w.org\/{rel}","templated":true}]}}