{"id":3491,"date":"2025-06-12T02:54:17","date_gmt":"2025-06-12T05:54:17","guid":{"rendered":"https:\/\/rms-enlinea.com.ar\/tienda\/producto\/gabinete-raptor-thunder-strike-mid-tower-rgb-fan-x1-black\/"},"modified":"2026-04-06T13:57:16","modified_gmt":"2026-04-06T16:57:16","slug":"gabinete-raptor-thunder-strike-mid-tower-rgb-fan-x1-black","status":"publish","type":"product","link":"https:\/\/rms-enlinea.com.ar\/tienda\/producto\/gabinete-raptor-thunder-strike-mid-tower-rgb-fan-x1-black\/","title":{"rendered":"Gabinete Raptor Thunder Strike Mid-tower Rgb Fan X1 Black"},"content":{"rendered":"<p>Caracter\u00edsticas<br \/>Dimensiones del chasis\t390 x 228 x 390 mm<br \/>Espesor del chasis\t0,5 mm SPCC<br \/>Panel frontal\tVidrio templado completo<br \/>Panel lateral izquierdo\tVidrio templado completo<br \/>Placa base compatible\tMicro ATX, Mini-ITX<br \/>Puertos\t1x USB 3.0, 1x USB 2.0, Audio HD<br \/>Bah\u00edas para unidades\t1x HDD 3,5&#8243;, 1x SSD 2,5&#8243;<br \/>Altura m\u00e1xima CPU\t165 mm<br \/>Longitud m\u00e1xima GPU\t380 mm<br \/>Color\tNegro<br \/>Soporte para ventiladores:<br \/>Ubicaci\u00f3n<br \/>Cantidad \/ Tama\u00f1o<br \/>Placa base\t2x 120 mm<br \/>Parte inferior\t3x 120 mm<br \/>Parte trasera\t1x 120 mm<br \/>Parte superior\t3x 120 mm<br \/>Soporte para refrigeraci\u00f3n l\u00edquida: <br \/>Ubicaci\u00f3n<br \/>Radiador compatible<br \/>Placa base\t240 mm<br \/>Parte trasera\t120 mm<br \/>Parte superior\t240 mm<\/p>\n","protected":false},"excerpt":{"rendered":"<p>Caracter\u00edsticasDimensiones del chasis 390 x 228 x 390 mmEspesor del chasis 0,5 mm SPCCPanel frontal Vidrio templado completoPanel lateral izquierdo Vidrio templado completoPlaca base compatible Micro ATX, Mini-ITXPuertos 1x USB 3.0, 1x USB 2.0, Audio HDBah\u00edas para unidades 1x HDD 3,5&#8243;, 1x SSD 2,5&#8243;Altura m\u00e1xima CPU 165 mmLongitud m\u00e1xima GPU 380 mmColor NegroSoporte para ventiladores:Ubicaci\u00f3nCantidad [&hellip;]<\/p>\n","protected":false},"featured_media":3492,"comment_status":"open","ping_status":"closed","template":"","meta":{"_uag_custom_page_level_css":""},"product_brand":[565,572],"product_cat":[109],"product_tag":[],"class_list":{"0":"post-3491","1":"product","2":"type-product","3":"status-publish","4":"has-post-thumbnail","6":"product_brand-raptor","7":"product_brand-raptor-gaming","8":"product_cat-gabinetes","10":"first","11":"instock","12":"sale","13":"taxable","14":"shipping-taxable","15":"purchasable","16":"product-type-simple"},"uagb_featured_image_src":{"full":["https:\/\/rms-enlinea.com.ar\/wp-content\/uploads\/2025\/06\/D_814741-MLA84667081039_052025-F.jpg",1081,1200,false],"thumbnail":["https:\/\/rms-enlinea.com.ar\/wp-content\/uploads\/2025\/06\/D_814741-MLA84667081039_052025-F-150x150.jpg",150,150,true],"medium":["https:\/\/rms-enlinea.com.ar\/wp-content\/uploads\/2025\/06\/D_814741-MLA84667081039_052025-F-270x300.jpg",270,300,true],"medium_large":["https:\/\/rms-enlinea.com.ar\/wp-content\/uploads\/2025\/06\/D_814741-MLA84667081039_052025-F-768x853.jpg",768,853,true],"large":["https:\/\/rms-enlinea.com.ar\/wp-content\/uploads\/2025\/06\/D_814741-MLA84667081039_052025-F-922x1024.jpg",922,1024,true],"1536x1536":["https:\/\/rms-enlinea.com.ar\/wp-content\/uploads\/2025\/06\/D_814741-MLA84667081039_052025-F.jpg",1081,1200,false],"2048x2048":["https:\/\/rms-enlinea.com.ar\/wp-content\/uploads\/2025\/06\/D_814741-MLA84667081039_052025-F.jpg",1081,1200,false],"woocommerce_thumbnail":["https:\/\/rms-enlinea.com.ar\/wp-content\/uploads\/2025\/06\/D_814741-MLA84667081039_052025-F-450x450.jpg",450,450,true],"woocommerce_single":["https:\/\/rms-enlinea.com.ar\/wp-content\/uploads\/2025\/06\/D_814741-MLA84667081039_052025-F-600x666.jpg",600,666,true],"woocommerce_gallery_thumbnail":["https:\/\/rms-enlinea.com.ar\/wp-content\/uploads\/2025\/06\/D_814741-MLA84667081039_052025-F-100x100.jpg",100,100,true]},"uagb_author_info":{"display_name":"l0071054","author_link":"https:\/\/rms-enlinea.com.ar\/tienda\/author\/"},"uagb_comment_info":0,"uagb_excerpt":"Caracter\u00edsticasDimensiones del chasis 390 x 228 x 390 mmEspesor del chasis 0,5 mm SPCCPanel frontal Vidrio templado completoPanel lateral izquierdo Vidrio templado completoPlaca base compatible Micro ATX, Mini-ITXPuertos 1x USB 3.0, 1x USB 2.0, Audio HDBah\u00edas para unidades 1x HDD 3,5&#8243;, 1x SSD 2,5&#8243;Altura m\u00e1xima CPU 165 mmLongitud m\u00e1xima GPU 380 mmColor NegroSoporte para ventiladores:Ubicaci\u00f3nCantidad&hellip;","_links":{"self":[{"href":"https:\/\/rms-enlinea.com.ar\/tienda\/wp-json\/wp\/v2\/product\/3491","targetHints":{"allow":["GET"]}}],"collection":[{"href":"https:\/\/rms-enlinea.com.ar\/tienda\/wp-json\/wp\/v2\/product"}],"about":[{"href":"https:\/\/rms-enlinea.com.ar\/tienda\/wp-json\/wp\/v2\/types\/product"}],"replies":[{"embeddable":true,"href":"https:\/\/rms-enlinea.com.ar\/tienda\/wp-json\/wp\/v2\/comments?post=3491"}],"wp:featuredmedia":[{"embeddable":true,"href":"https:\/\/rms-enlinea.com.ar\/tienda\/wp-json\/wp\/v2\/media\/3492"}],"wp:attachment":[{"href":"https:\/\/rms-enlinea.com.ar\/tienda\/wp-json\/wp\/v2\/media?parent=3491"}],"wp:term":[{"taxonomy":"product_brand","embeddable":true,"href":"https:\/\/rms-enlinea.com.ar\/tienda\/wp-json\/wp\/v2\/product_brand?post=3491"},{"taxonomy":"product_cat","embeddable":true,"href":"https:\/\/rms-enlinea.com.ar\/tienda\/wp-json\/wp\/v2\/product_cat?post=3491"},{"taxonomy":"product_tag","embeddable":true,"href":"https:\/\/rms-enlinea.com.ar\/tienda\/wp-json\/wp\/v2\/product_tag?post=3491"}],"curies":[{"name":"wp","href":"https:\/\/api.w.org\/{rel}","templated":true}]}}