{"id":361,"date":"2025-06-12T01:43:28","date_gmt":"2025-06-12T04:43:28","guid":{"rendered":"https:\/\/rms-enlinea.com.ar\/tienda\/producto\/impresora-hp-smart-tank-520-multi-funcion-usb\/"},"modified":"2026-04-21T04:11:25","modified_gmt":"2026-04-21T07:11:25","slug":"impresora-hp-smart-tank-520-multi-funcion-usb","status":"publish","type":"product","link":"https:\/\/rms-enlinea.com.ar\/tienda\/producto\/impresora-hp-smart-tank-520-multi-funcion-usb\/","title":{"rendered":"Impresora Hp Smart Tank 520 Multi Funcion Usb"},"content":{"rendered":"<p>La impresora HP Smart Tank 520 es la soluci\u00f3n ideal para quienes buscan versatilidad y calidad en un solo dispositivo. Con su dise\u00f1o elegante en color blanco, esta multifuncional permite imprimir, escanear y copiar documentos de manera eficiente. Su tecnolog\u00eda de inyecci\u00f3n de tinta garantiza impresiones en color vibrantes y n\u00edtidas, con una resoluci\u00f3n m\u00e1xima de 4800 ppp x 1200 ppp, perfecta para trabajos que requieren atenci\u00f3n al detalle.<\/p>\n<p>Con una velocidad de impresi\u00f3n de hasta 12 p\u00e1ginas por minuto en blanco y negro y 5 p\u00e1ginas en color, la HP Smart Tank 520 es perfecta para el hogar o peque\u00f1as oficinas. Su capacidad de alimentaci\u00f3n de hasta 100 hojas y la posibilidad de manejar diferentes formatos de papel, como A4 y Legal, la hacen muy pr\u00e1ctica para diversas tareas. Adem\u00e1s, cuenta con un puerto USB para una conexi\u00f3n sencilla y r\u00e1pida.<\/p>\n<p>El modelo incluye un cartucho de tinta y es compatible con varios formatos de archivo, como JPG, PDF y TIFF, lo que facilita la gesti\u00f3n de documentos digitales. Aunque no cuenta con conectividad Wi-Fi o Bluetooth, su dise\u00f1o compacto y su peso de 6 kg la convierten en una opci\u00f3n f\u00e1cil de ubicar en cualquier espacio de trabajo. <\/p>\n<p>La HP Smart Tank 520 es la elecci\u00f3n perfecta para quienes buscan un equipo confiable y eficiente que se adapte a sus necesidades diarias de impresi\u00f3n, escaneo y copia. Con su rendimiento s\u00f3lido y caracter\u00edsticas pr\u00e1cticas, esta impresora se convertir\u00e1 en un aliado indispensable en su d\u00eda a d\u00eda.<\/p>\n","protected":false},"excerpt":{"rendered":"<p>La impresora HP Smart Tank 520 es la soluci\u00f3n ideal para quienes buscan versatilidad y calidad en un solo dispositivo. Con su dise\u00f1o elegante en color blanco, esta multifuncional permite imprimir, escanear y copiar documentos de manera eficiente. Su tecnolog\u00eda de inyecci\u00f3n de tinta garantiza impresiones en color vibrantes y n\u00edtidas, con una resoluci\u00f3n m\u00e1xima [&hellip;]<\/p>\n","protected":false},"featured_media":362,"comment_status":"open","ping_status":"closed","template":"","meta":{"_uag_custom_page_level_css":""},"product_brand":[552],"product_cat":[110],"product_tag":[],"class_list":{"0":"post-361","1":"product","2":"type-product","3":"status-publish","4":"has-post-thumbnail","6":"product_brand-hp","7":"product_cat-impresoras","9":"first","10":"outofstock","11":"sale","12":"taxable","13":"shipping-taxable","14":"purchasable","15":"product-type-simple"},"uagb_featured_image_src":{"full":["https:\/\/rms-enlinea.com.ar\/wp-content\/uploads\/2025\/06\/D_783774-MLU70984305879_082023-F.jpg",500,328,false],"thumbnail":["https:\/\/rms-enlinea.com.ar\/wp-content\/uploads\/2025\/06\/D_783774-MLU70984305879_082023-F-150x150.jpg",150,150,true],"medium":["https:\/\/rms-enlinea.com.ar\/wp-content\/uploads\/2025\/06\/D_783774-MLU70984305879_082023-F-300x197.jpg",300,197,true],"medium_large":["https:\/\/rms-enlinea.com.ar\/wp-content\/uploads\/2025\/06\/D_783774-MLU70984305879_082023-F.jpg",500,328,false],"large":["https:\/\/rms-enlinea.com.ar\/wp-content\/uploads\/2025\/06\/D_783774-MLU70984305879_082023-F.jpg",500,328,false],"1536x1536":["https:\/\/rms-enlinea.com.ar\/wp-content\/uploads\/2025\/06\/D_783774-MLU70984305879_082023-F.jpg",500,328,false],"2048x2048":["https:\/\/rms-enlinea.com.ar\/wp-content\/uploads\/2025\/06\/D_783774-MLU70984305879_082023-F.jpg",500,328,false],"woocommerce_thumbnail":["https:\/\/rms-enlinea.com.ar\/wp-content\/uploads\/2025\/06\/D_783774-MLU70984305879_082023-F-450x328.jpg",450,328,true],"woocommerce_single":["https:\/\/rms-enlinea.com.ar\/wp-content\/uploads\/2025\/06\/D_783774-MLU70984305879_082023-F.jpg",500,328,false],"woocommerce_gallery_thumbnail":["https:\/\/rms-enlinea.com.ar\/wp-content\/uploads\/2025\/06\/D_783774-MLU70984305879_082023-F-100x100.jpg",100,100,true]},"uagb_author_info":{"display_name":"l0071054","author_link":"https:\/\/rms-enlinea.com.ar\/tienda\/author\/"},"uagb_comment_info":0,"uagb_excerpt":"La impresora HP Smart Tank 520 es la soluci\u00f3n ideal para quienes buscan versatilidad y calidad en un solo dispositivo. Con su dise\u00f1o elegante en color blanco, esta multifuncional permite imprimir, escanear y copiar documentos de manera eficiente. Su tecnolog\u00eda de inyecci\u00f3n de tinta garantiza impresiones en color vibrantes y n\u00edtidas, con una resoluci\u00f3n m\u00e1xima&hellip;","_links":{"self":[{"href":"https:\/\/rms-enlinea.com.ar\/tienda\/wp-json\/wp\/v2\/product\/361","targetHints":{"allow":["GET"]}}],"collection":[{"href":"https:\/\/rms-enlinea.com.ar\/tienda\/wp-json\/wp\/v2\/product"}],"about":[{"href":"https:\/\/rms-enlinea.com.ar\/tienda\/wp-json\/wp\/v2\/types\/product"}],"replies":[{"embeddable":true,"href":"https:\/\/rms-enlinea.com.ar\/tienda\/wp-json\/wp\/v2\/comments?post=361"}],"wp:featuredmedia":[{"embeddable":true,"href":"https:\/\/rms-enlinea.com.ar\/tienda\/wp-json\/wp\/v2\/media\/362"}],"wp:attachment":[{"href":"https:\/\/rms-enlinea.com.ar\/tienda\/wp-json\/wp\/v2\/media?parent=361"}],"wp:term":[{"taxonomy":"product_brand","embeddable":true,"href":"https:\/\/rms-enlinea.com.ar\/tienda\/wp-json\/wp\/v2\/product_brand?post=361"},{"taxonomy":"product_cat","embeddable":true,"href":"https:\/\/rms-enlinea.com.ar\/tienda\/wp-json\/wp\/v2\/product_cat?post=361"},{"taxonomy":"product_tag","embeddable":true,"href":"https:\/\/rms-enlinea.com.ar\/tienda\/wp-json\/wp\/v2\/product_tag?post=361"}],"curies":[{"name":"wp","href":"https:\/\/api.w.org\/{rel}","templated":true}]}}