{"id":37755,"date":"2025-06-13T03:48:14","date_gmt":"2025-06-13T06:48:14","guid":{"rendered":"https:\/\/rms-enlinea.com.ar\/tienda\/producto\/impresora-hp-laserjet-m111a-monocromatica-usb-20ppm-2\/"},"modified":"2026-04-21T06:03:52","modified_gmt":"2026-04-21T09:03:52","slug":"impresora-hp-laserjet-m111a-monocromatica-usb-20ppm-2","status":"publish","type":"product","link":"https:\/\/rms-enlinea.com.ar\/tienda\/producto\/impresora-hp-laserjet-m111a-monocromatica-usb-20ppm-2\/","title":{"rendered":"Impresora Hp Laserjet M111a Monocrom\u00e1tica Usb 20ppm"},"content":{"rendered":"<p>La impresora HP LaserJet M111A es la soluci\u00f3n ideal para quienes buscan eficiencia y calidad en la impresi\u00f3n de documentos. Con su tecnolog\u00eda l\u00e1ser y capacidad de impresi\u00f3n monocrom\u00e1tica, ofrece resultados n\u00edtidos y profesionales a una velocidad de hasta 20 p\u00e1ginas por minuto. Su dise\u00f1o compacto y funcional la convierte en una excelente opci\u00f3n para oficinas peque\u00f1as o para uso dom\u00e9stico.<\/p>\n<p>Este modelo de simple funci\u00f3n se conecta f\u00e1cilmente a trav\u00e9s de un puerto USB, lo que permite una integraci\u00f3n r\u00e1pida con tu computadora. Aunque no cuenta con conectividad Wi-Fi, su rendimiento confiable y su facilidad de uso la hacen destacar en su categor\u00eda. La HP LaserJet M111A es perfecta para quienes necesitan imprimir documentos de texto y gr\u00e1ficos en blanco y negro con alta calidad.<\/p>\n<p>Adem\u00e1s, su eficiencia energ\u00e9tica contribuye a un menor consumo de recursos, lo que la convierte en una opci\u00f3n responsable para el medio ambiente. Con la HP LaserJet M111A, podr\u00e1s disfrutar de impresiones r\u00e1pidas y de alta calidad, optimizando tu tiempo y recursos en cada trabajo.<\/p>\n","protected":false},"excerpt":{"rendered":"<p>La impresora HP LaserJet M111A es la soluci\u00f3n ideal para quienes buscan eficiencia y calidad en la impresi\u00f3n de documentos. Con su tecnolog\u00eda l\u00e1ser y capacidad de impresi\u00f3n monocrom\u00e1tica, ofrece resultados n\u00edtidos y profesionales a una velocidad de hasta 20 p\u00e1ginas por minuto. Su dise\u00f1o compacto y funcional la convierte en una excelente opci\u00f3n para [&hellip;]<\/p>\n","protected":false},"featured_media":37756,"comment_status":"open","ping_status":"closed","template":"","meta":{"_uag_custom_page_level_css":""},"product_brand":[552],"product_cat":[110],"product_tag":[],"class_list":{"0":"post-37755","1":"product","2":"type-product","3":"status-publish","4":"has-post-thumbnail","6":"product_brand-hp","7":"product_cat-impresoras","9":"first","10":"outofstock","11":"sale","12":"taxable","13":"shipping-taxable","14":"purchasable","15":"product-type-simple"},"uagb_featured_image_src":{"full":["https:\/\/rms-enlinea.com.ar\/wp-content\/uploads\/2025\/06\/D_749458-MLA83451351233_032025-F.jpg",1083,517,false],"thumbnail":["https:\/\/rms-enlinea.com.ar\/wp-content\/uploads\/2025\/06\/D_749458-MLA83451351233_032025-F-150x150.jpg",150,150,true],"medium":["https:\/\/rms-enlinea.com.ar\/wp-content\/uploads\/2025\/06\/D_749458-MLA83451351233_032025-F-300x143.jpg",300,143,true],"medium_large":["https:\/\/rms-enlinea.com.ar\/wp-content\/uploads\/2025\/06\/D_749458-MLA83451351233_032025-F-768x367.jpg",768,367,true],"large":["https:\/\/rms-enlinea.com.ar\/wp-content\/uploads\/2025\/06\/D_749458-MLA83451351233_032025-F-1024x489.jpg",1024,489,true],"1536x1536":["https:\/\/rms-enlinea.com.ar\/wp-content\/uploads\/2025\/06\/D_749458-MLA83451351233_032025-F.jpg",1083,517,false],"2048x2048":["https:\/\/rms-enlinea.com.ar\/wp-content\/uploads\/2025\/06\/D_749458-MLA83451351233_032025-F.jpg",1083,517,false],"woocommerce_thumbnail":["https:\/\/rms-enlinea.com.ar\/wp-content\/uploads\/2025\/06\/D_749458-MLA83451351233_032025-F-450x450.jpg",450,450,true],"woocommerce_single":["https:\/\/rms-enlinea.com.ar\/wp-content\/uploads\/2025\/06\/D_749458-MLA83451351233_032025-F-600x286.jpg",600,286,true],"woocommerce_gallery_thumbnail":["https:\/\/rms-enlinea.com.ar\/wp-content\/uploads\/2025\/06\/D_749458-MLA83451351233_032025-F-100x100.jpg",100,100,true]},"uagb_author_info":{"display_name":"l0071054","author_link":"https:\/\/rms-enlinea.com.ar\/tienda\/author\/"},"uagb_comment_info":0,"uagb_excerpt":"La impresora HP LaserJet M111A es la soluci\u00f3n ideal para quienes buscan eficiencia y calidad en la impresi\u00f3n de documentos. Con su tecnolog\u00eda l\u00e1ser y capacidad de impresi\u00f3n monocrom\u00e1tica, ofrece resultados n\u00edtidos y profesionales a una velocidad de hasta 20 p\u00e1ginas por minuto. Su dise\u00f1o compacto y funcional la convierte en una excelente opci\u00f3n para&hellip;","_links":{"self":[{"href":"https:\/\/rms-enlinea.com.ar\/tienda\/wp-json\/wp\/v2\/product\/37755","targetHints":{"allow":["GET"]}}],"collection":[{"href":"https:\/\/rms-enlinea.com.ar\/tienda\/wp-json\/wp\/v2\/product"}],"about":[{"href":"https:\/\/rms-enlinea.com.ar\/tienda\/wp-json\/wp\/v2\/types\/product"}],"replies":[{"embeddable":true,"href":"https:\/\/rms-enlinea.com.ar\/tienda\/wp-json\/wp\/v2\/comments?post=37755"}],"wp:featuredmedia":[{"embeddable":true,"href":"https:\/\/rms-enlinea.com.ar\/tienda\/wp-json\/wp\/v2\/media\/37756"}],"wp:attachment":[{"href":"https:\/\/rms-enlinea.com.ar\/tienda\/wp-json\/wp\/v2\/media?parent=37755"}],"wp:term":[{"taxonomy":"product_brand","embeddable":true,"href":"https:\/\/rms-enlinea.com.ar\/tienda\/wp-json\/wp\/v2\/product_brand?post=37755"},{"taxonomy":"product_cat","embeddable":true,"href":"https:\/\/rms-enlinea.com.ar\/tienda\/wp-json\/wp\/v2\/product_cat?post=37755"},{"taxonomy":"product_tag","embeddable":true,"href":"https:\/\/rms-enlinea.com.ar\/tienda\/wp-json\/wp\/v2\/product_tag?post=37755"}],"curies":[{"name":"wp","href":"https:\/\/api.w.org\/{rel}","templated":true}]}}