{"id":38843,"date":"2025-06-13T04:18:03","date_gmt":"2025-06-13T07:18:03","guid":{"rendered":"https:\/\/rms-enlinea.com.ar\/tienda\/producto\/impresora-multifuncion-epson-ecotank-l3250-wifi-c11cj67304\/"},"modified":"2026-05-04T15:10:14","modified_gmt":"2026-05-04T18:10:14","slug":"impresora-multifuncion-epson-ecotank-l3250-wifi-c11cj67304","status":"publish","type":"product","link":"https:\/\/rms-enlinea.com.ar\/tienda\/producto\/impresora-multifuncion-epson-ecotank-l3250-wifi-c11cj67304\/","title":{"rendered":"Impresora Multifunci\u00f3n Epson Ecotank L3250 Wifi C11cj67304"},"content":{"rendered":"<p>La impresora multifunci\u00f3n Epson EcoTank L3250 es la soluci\u00f3n ideal para quienes buscan eficiencia y calidad en sus impresiones. Con tecnolog\u00eda de inyecci\u00f3n de tinta, ofrece una resoluci\u00f3n m\u00e1xima de 5760 dpi x 1440 dpi tanto en blanco y negro como en color, garantizando resultados n\u00edtidos y vibrantes en cada trabajo. Su velocidad de impresi\u00f3n alcanza hasta 33 p\u00e1ginas por minuto en blanco y negro y 15 p\u00e1ginas por minuto en color, lo que la convierte en una opci\u00f3n r\u00e1pida para el hogar o la oficina.<\/p>\n<p>Este modelo cuenta con funciones de impresi\u00f3n, copia y escaneo, lo que la hace vers\u00e1til para diversas necesidades. Adem\u00e1s, su conectividad Wi-Fi permite imprimir de manera inal\u00e1mbrica desde dispositivos m\u00f3viles, facilitando el trabajo en equipo y la gesti\u00f3n de documentos. Con un alimentador de documentos autom\u00e1tico y una capacidad m\u00e1xima de 100 hojas, optimiza el tiempo y el esfuerzo en tareas de impresi\u00f3n.<\/p>\n<p>La Epson EcoTank L3250 es compatible con una variedad de formatos de papel, incluyendo A4, carta y fotos, lo que la hace perfecta para proyectos creativos y documentos profesionales. Incluye botellas de tinta, un cable USB y una gu\u00eda de instalaci\u00f3n, asegurando que est\u00e9 lista para usar desde el primer momento. Su dise\u00f1o compacto y ligero, con dimensiones de 17.9 cm de altura, 37.5 cm de ancho y 34.7 cm de profundidad, permite ubicarla f\u00e1cilmente en cualquier espacio de trabajo.<\/p>\n","protected":false},"excerpt":{"rendered":"<p>La impresora multifunci\u00f3n Epson EcoTank L3250 es la soluci\u00f3n ideal para quienes buscan eficiencia y calidad en sus impresiones. Con tecnolog\u00eda de inyecci\u00f3n de tinta, ofrece una resoluci\u00f3n m\u00e1xima de 5760 dpi x 1440 dpi tanto en blanco y negro como en color, garantizando resultados n\u00edtidos y vibrantes en cada trabajo. Su velocidad de impresi\u00f3n [&hellip;]<\/p>\n","protected":false},"featured_media":38835,"comment_status":"open","ping_status":"closed","template":"","meta":{"_uag_custom_page_level_css":""},"product_brand":[553],"product_cat":[110],"product_tag":[],"class_list":{"0":"post-38843","1":"product","2":"type-product","3":"status-publish","4":"has-post-thumbnail","6":"product_brand-epson","7":"product_cat-impresoras","9":"first","10":"outofstock","11":"sale","12":"taxable","13":"shipping-taxable","14":"purchasable","15":"product-type-simple"},"uagb_featured_image_src":{"full":["https:\/\/rms-enlinea.com.ar\/wp-content\/uploads\/2025\/06\/D_859475-MLU75338413671_032024-F.jpg",1144,796,false],"thumbnail":["https:\/\/rms-enlinea.com.ar\/wp-content\/uploads\/2025\/06\/D_859475-MLU75338413671_032024-F-150x150.jpg",150,150,true],"medium":["https:\/\/rms-enlinea.com.ar\/wp-content\/uploads\/2025\/06\/D_859475-MLU75338413671_032024-F-300x209.jpg",300,209,true],"medium_large":["https:\/\/rms-enlinea.com.ar\/wp-content\/uploads\/2025\/06\/D_859475-MLU75338413671_032024-F-768x534.jpg",768,534,true],"large":["https:\/\/rms-enlinea.com.ar\/wp-content\/uploads\/2025\/06\/D_859475-MLU75338413671_032024-F-1024x713.jpg",1024,713,true],"1536x1536":["https:\/\/rms-enlinea.com.ar\/wp-content\/uploads\/2025\/06\/D_859475-MLU75338413671_032024-F.jpg",1144,796,false],"2048x2048":["https:\/\/rms-enlinea.com.ar\/wp-content\/uploads\/2025\/06\/D_859475-MLU75338413671_032024-F.jpg",1144,796,false],"woocommerce_thumbnail":["https:\/\/rms-enlinea.com.ar\/wp-content\/uploads\/2025\/06\/D_859475-MLU75338413671_032024-F-450x450.jpg",450,450,true],"woocommerce_single":["https:\/\/rms-enlinea.com.ar\/wp-content\/uploads\/2025\/06\/D_859475-MLU75338413671_032024-F-600x417.jpg",600,417,true],"woocommerce_gallery_thumbnail":["https:\/\/rms-enlinea.com.ar\/wp-content\/uploads\/2025\/06\/D_859475-MLU75338413671_032024-F-100x100.jpg",100,100,true]},"uagb_author_info":{"display_name":"l0071054","author_link":"https:\/\/rms-enlinea.com.ar\/tienda\/author\/"},"uagb_comment_info":0,"uagb_excerpt":"La impresora multifunci\u00f3n Epson EcoTank L3250 es la soluci\u00f3n ideal para quienes buscan eficiencia y calidad en sus impresiones. Con tecnolog\u00eda de inyecci\u00f3n de tinta, ofrece una resoluci\u00f3n m\u00e1xima de 5760 dpi x 1440 dpi tanto en blanco y negro como en color, garantizando resultados n\u00edtidos y vibrantes en cada trabajo. Su velocidad de impresi\u00f3n&hellip;","_links":{"self":[{"href":"https:\/\/rms-enlinea.com.ar\/tienda\/wp-json\/wp\/v2\/product\/38843","targetHints":{"allow":["GET"]}}],"collection":[{"href":"https:\/\/rms-enlinea.com.ar\/tienda\/wp-json\/wp\/v2\/product"}],"about":[{"href":"https:\/\/rms-enlinea.com.ar\/tienda\/wp-json\/wp\/v2\/types\/product"}],"replies":[{"embeddable":true,"href":"https:\/\/rms-enlinea.com.ar\/tienda\/wp-json\/wp\/v2\/comments?post=38843"}],"wp:featuredmedia":[{"embeddable":true,"href":"https:\/\/rms-enlinea.com.ar\/tienda\/wp-json\/wp\/v2\/media\/38835"}],"wp:attachment":[{"href":"https:\/\/rms-enlinea.com.ar\/tienda\/wp-json\/wp\/v2\/media?parent=38843"}],"wp:term":[{"taxonomy":"product_brand","embeddable":true,"href":"https:\/\/rms-enlinea.com.ar\/tienda\/wp-json\/wp\/v2\/product_brand?post=38843"},{"taxonomy":"product_cat","embeddable":true,"href":"https:\/\/rms-enlinea.com.ar\/tienda\/wp-json\/wp\/v2\/product_cat?post=38843"},{"taxonomy":"product_tag","embeddable":true,"href":"https:\/\/rms-enlinea.com.ar\/tienda\/wp-json\/wp\/v2\/product_tag?post=38843"}],"curies":[{"name":"wp","href":"https:\/\/api.w.org\/{rel}","templated":true}]}}