{"id":4015,"date":"2025-06-12T03:06:11","date_gmt":"2025-06-12T06:06:11","guid":{"rendered":"https:\/\/rms-enlinea.com.ar\/tienda\/producto\/memoria-patriot-viper-steel-series-8gb-ddr4-3200mhz-rgb\/"},"modified":"2026-05-02T12:10:10","modified_gmt":"2026-05-02T15:10:10","slug":"memoria-patriot-viper-steel-series-8gb-ddr4-3200mhz-rgb","status":"publish","type":"product","link":"https:\/\/rms-enlinea.com.ar\/tienda\/producto\/memoria-patriot-viper-steel-series-8gb-ddr4-3200mhz-rgb\/","title":{"rendered":"Memoria Patriot Viper Steel Series 8gb Ddr4 3200mhz Rgb"},"content":{"rendered":"<p>Aplicaci\u00f3n<\/p>\n<p>Computadoras de escritorio<br \/>Marca<\/p>\n<p>Patriot<br \/>Color<\/p>\n<p>Gunmetal grey<br \/>C\u00f3digo universal de producto<\/p>\n<p>0814914027844<br \/>Es gamer<\/p>\n<p>S\u00ed<br \/>L\u00ednea<\/p>\n<p>Viper Steel<br \/>Formato<\/p>\n<p>UDIMM<br \/>M\u00f3dulos de memoria<\/p>\n<p>1 x 8 GB<br \/>Tecnolog\u00eda<\/p>\n<p>DDR4<br \/>Modelo<\/p>\n<p>PVSR48G320C8<br \/>Cantidad de pines<\/p>\n<p>288<br \/>Velocidad<\/p>\n<p>3200 MHz<br \/>Voltaje de alimentaci\u00f3n<\/p>\n<p>1.35V<br \/>Capacidad total<\/p>\n<p>8 GB<br \/>Tasa de transferencia<\/p>\n<p>25600 MB\/s<br \/>CAS<\/p>\n<p>18<\/p>\n","protected":false},"excerpt":{"rendered":"<p>Aplicaci\u00f3n Computadoras de escritorioMarca PatriotColor Gunmetal greyC\u00f3digo universal de producto 0814914027844Es gamer S\u00edL\u00ednea Viper SteelFormato UDIMMM\u00f3dulos de memoria 1 x 8 GBTecnolog\u00eda DDR4Modelo PVSR48G320C8Cantidad de pines 288Velocidad 3200 MHzVoltaje de alimentaci\u00f3n 1.35VCapacidad total 8 GBTasa de transferencia 25600 MB\/sCAS 18<\/p>\n","protected":false},"featured_media":4003,"comment_status":"open","ping_status":"closed","template":"","meta":{"_uag_custom_page_level_css":""},"product_brand":[566],"product_cat":[112],"product_tag":[],"class_list":{"0":"post-4015","1":"product","2":"type-product","3":"status-publish","4":"has-post-thumbnail","6":"product_brand-patriot","7":"product_cat-mamorias","9":"first","10":"outofstock","11":"sale","12":"taxable","13":"shipping-taxable","14":"purchasable","15":"product-type-simple"},"uagb_featured_image_src":{"full":["https:\/\/rms-enlinea.com.ar\/wp-content\/uploads\/2025\/06\/D_754062-MLU74116308010_012024-F.jpg",1188,421,false],"thumbnail":["https:\/\/rms-enlinea.com.ar\/wp-content\/uploads\/2025\/06\/D_754062-MLU74116308010_012024-F-150x150.jpg",150,150,true],"medium":["https:\/\/rms-enlinea.com.ar\/wp-content\/uploads\/2025\/06\/D_754062-MLU74116308010_012024-F-300x106.jpg",300,106,true],"medium_large":["https:\/\/rms-enlinea.com.ar\/wp-content\/uploads\/2025\/06\/D_754062-MLU74116308010_012024-F-768x272.jpg",768,272,true],"large":["https:\/\/rms-enlinea.com.ar\/wp-content\/uploads\/2025\/06\/D_754062-MLU74116308010_012024-F-1024x363.jpg",1024,363,true],"1536x1536":["https:\/\/rms-enlinea.com.ar\/wp-content\/uploads\/2025\/06\/D_754062-MLU74116308010_012024-F.jpg",1188,421,false],"2048x2048":["https:\/\/rms-enlinea.com.ar\/wp-content\/uploads\/2025\/06\/D_754062-MLU74116308010_012024-F.jpg",1188,421,false],"woocommerce_thumbnail":["https:\/\/rms-enlinea.com.ar\/wp-content\/uploads\/2025\/06\/D_754062-MLU74116308010_012024-F-450x421.jpg",450,421,true],"woocommerce_single":["https:\/\/rms-enlinea.com.ar\/wp-content\/uploads\/2025\/06\/D_754062-MLU74116308010_012024-F-600x213.jpg",600,213,true],"woocommerce_gallery_thumbnail":["https:\/\/rms-enlinea.com.ar\/wp-content\/uploads\/2025\/06\/D_754062-MLU74116308010_012024-F-100x100.jpg",100,100,true]},"uagb_author_info":{"display_name":"l0071054","author_link":"https:\/\/rms-enlinea.com.ar\/tienda\/author\/"},"uagb_comment_info":0,"uagb_excerpt":"Aplicaci\u00f3n Computadoras de escritorioMarca PatriotColor Gunmetal greyC\u00f3digo universal de producto 0814914027844Es gamer S\u00edL\u00ednea Viper SteelFormato UDIMMM\u00f3dulos de memoria 1 x 8 GBTecnolog\u00eda DDR4Modelo PVSR48G320C8Cantidad de pines 288Velocidad 3200 MHzVoltaje de alimentaci\u00f3n 1.35VCapacidad total 8 GBTasa de transferencia 25600 MB\/sCAS 18","_links":{"self":[{"href":"https:\/\/rms-enlinea.com.ar\/tienda\/wp-json\/wp\/v2\/product\/4015","targetHints":{"allow":["GET"]}}],"collection":[{"href":"https:\/\/rms-enlinea.com.ar\/tienda\/wp-json\/wp\/v2\/product"}],"about":[{"href":"https:\/\/rms-enlinea.com.ar\/tienda\/wp-json\/wp\/v2\/types\/product"}],"replies":[{"embeddable":true,"href":"https:\/\/rms-enlinea.com.ar\/tienda\/wp-json\/wp\/v2\/comments?post=4015"}],"wp:featuredmedia":[{"embeddable":true,"href":"https:\/\/rms-enlinea.com.ar\/tienda\/wp-json\/wp\/v2\/media\/4003"}],"wp:attachment":[{"href":"https:\/\/rms-enlinea.com.ar\/tienda\/wp-json\/wp\/v2\/media?parent=4015"}],"wp:term":[{"taxonomy":"product_brand","embeddable":true,"href":"https:\/\/rms-enlinea.com.ar\/tienda\/wp-json\/wp\/v2\/product_brand?post=4015"},{"taxonomy":"product_cat","embeddable":true,"href":"https:\/\/rms-enlinea.com.ar\/tienda\/wp-json\/wp\/v2\/product_cat?post=4015"},{"taxonomy":"product_tag","embeddable":true,"href":"https:\/\/rms-enlinea.com.ar\/tienda\/wp-json\/wp\/v2\/product_tag?post=4015"}],"curies":[{"name":"wp","href":"https:\/\/api.w.org\/{rel}","templated":true}]}}