{"id":4291,"date":"2025-06-12T03:12:56","date_gmt":"2025-06-12T06:12:56","guid":{"rendered":"https:\/\/rms-enlinea.com.ar\/tienda\/producto\/mother-asrock-b550m-hdv-amd-am4-ddr4-pci-e-4-0-serie-4-5\/"},"modified":"2026-04-21T04:52:46","modified_gmt":"2026-04-21T07:52:46","slug":"mother-asrock-b550m-hdv-amd-am4-ddr4-pci-e-4-0-serie-4-5","status":"publish","type":"product","link":"https:\/\/rms-enlinea.com.ar\/tienda\/producto\/mother-asrock-b550m-hdv-amd-am4-ddr4-pci-e-4-0-serie-4-5\/","title":{"rendered":"Mother Asrock B550m-hdv Amd Am4 Ddr4 Pci-e 4.0 Serie 4 5"},"content":{"rendered":"<p>CPU<\/p>\n<p>N\/A<br \/>Condici\u00f3n del \u00edtem<\/p>\n<p>Nuevo<br \/>L\u00ednea<\/p>\n<p>B550M<br \/>Capacidad m\u00e1xima soportada de la memoria RAM<\/p>\n<p>128 GB<br \/>Modelo<\/p>\n<p>B550M HDV<br \/>Socket<\/p>\n<p>Socket AM4<br \/>Tipo de memoria RAM<\/p>\n<p>DDR4<br \/>Versi\u00f3n<\/p>\n<p>N\/A<br \/>Aplicaciones<\/p>\n<p>PC<br \/>Marca<\/p>\n<p>ASRock<br \/>Chipsets<\/p>\n<p>Amd b550<br \/>Plataforma<\/p>\n<p>AMD<br \/>Con procesador<\/p>\n<p>No<\/p>\n","protected":false},"excerpt":{"rendered":"<p>CPU N\/ACondici\u00f3n del \u00edtem NuevoL\u00ednea B550MCapacidad m\u00e1xima soportada de la memoria RAM 128 GBModelo B550M HDVSocket Socket AM4Tipo de memoria RAM DDR4Versi\u00f3n N\/AAplicaciones PCMarca ASRockChipsets Amd b550Plataforma AMDCon procesador No<\/p>\n","protected":false},"featured_media":4286,"comment_status":"open","ping_status":"closed","template":"","meta":{"_uag_custom_page_level_css":""},"product_brand":[588],"product_cat":[115],"product_tag":[],"class_list":{"0":"post-4291","1":"product","2":"type-product","3":"status-publish","4":"has-post-thumbnail","6":"product_brand-asrock","7":"product_cat-mother","9":"first","10":"outofstock","11":"sale","12":"taxable","13":"shipping-taxable","14":"purchasable","15":"product-type-simple"},"uagb_featured_image_src":{"full":["https:\/\/rms-enlinea.com.ar\/wp-content\/uploads\/2025\/06\/D_725085-MLM74087958850_012024-F.jpg",1023,616,false],"thumbnail":["https:\/\/rms-enlinea.com.ar\/wp-content\/uploads\/2025\/06\/D_725085-MLM74087958850_012024-F-150x150.jpg",150,150,true],"medium":["https:\/\/rms-enlinea.com.ar\/wp-content\/uploads\/2025\/06\/D_725085-MLM74087958850_012024-F-300x181.jpg",300,181,true],"medium_large":["https:\/\/rms-enlinea.com.ar\/wp-content\/uploads\/2025\/06\/D_725085-MLM74087958850_012024-F-768x462.jpg",768,462,true],"large":["https:\/\/rms-enlinea.com.ar\/wp-content\/uploads\/2025\/06\/D_725085-MLM74087958850_012024-F.jpg",1023,616,false],"1536x1536":["https:\/\/rms-enlinea.com.ar\/wp-content\/uploads\/2025\/06\/D_725085-MLM74087958850_012024-F.jpg",1023,616,false],"2048x2048":["https:\/\/rms-enlinea.com.ar\/wp-content\/uploads\/2025\/06\/D_725085-MLM74087958850_012024-F.jpg",1023,616,false],"woocommerce_thumbnail":["https:\/\/rms-enlinea.com.ar\/wp-content\/uploads\/2025\/06\/D_725085-MLM74087958850_012024-F-450x450.jpg",450,450,true],"woocommerce_single":["https:\/\/rms-enlinea.com.ar\/wp-content\/uploads\/2025\/06\/D_725085-MLM74087958850_012024-F-600x361.jpg",600,361,true],"woocommerce_gallery_thumbnail":["https:\/\/rms-enlinea.com.ar\/wp-content\/uploads\/2025\/06\/D_725085-MLM74087958850_012024-F-100x100.jpg",100,100,true]},"uagb_author_info":{"display_name":"l0071054","author_link":"https:\/\/rms-enlinea.com.ar\/tienda\/author\/"},"uagb_comment_info":0,"uagb_excerpt":"CPU N\/ACondici\u00f3n del \u00edtem NuevoL\u00ednea B550MCapacidad m\u00e1xima soportada de la memoria RAM 128 GBModelo B550M HDVSocket Socket AM4Tipo de memoria RAM DDR4Versi\u00f3n N\/AAplicaciones PCMarca ASRockChipsets Amd b550Plataforma AMDCon procesador No","_links":{"self":[{"href":"https:\/\/rms-enlinea.com.ar\/tienda\/wp-json\/wp\/v2\/product\/4291","targetHints":{"allow":["GET"]}}],"collection":[{"href":"https:\/\/rms-enlinea.com.ar\/tienda\/wp-json\/wp\/v2\/product"}],"about":[{"href":"https:\/\/rms-enlinea.com.ar\/tienda\/wp-json\/wp\/v2\/types\/product"}],"replies":[{"embeddable":true,"href":"https:\/\/rms-enlinea.com.ar\/tienda\/wp-json\/wp\/v2\/comments?post=4291"}],"wp:featuredmedia":[{"embeddable":true,"href":"https:\/\/rms-enlinea.com.ar\/tienda\/wp-json\/wp\/v2\/media\/4286"}],"wp:attachment":[{"href":"https:\/\/rms-enlinea.com.ar\/tienda\/wp-json\/wp\/v2\/media?parent=4291"}],"wp:term":[{"taxonomy":"product_brand","embeddable":true,"href":"https:\/\/rms-enlinea.com.ar\/tienda\/wp-json\/wp\/v2\/product_brand?post=4291"},{"taxonomy":"product_cat","embeddable":true,"href":"https:\/\/rms-enlinea.com.ar\/tienda\/wp-json\/wp\/v2\/product_cat?post=4291"},{"taxonomy":"product_tag","embeddable":true,"href":"https:\/\/rms-enlinea.com.ar\/tienda\/wp-json\/wp\/v2\/product_tag?post=4291"}],"curies":[{"name":"wp","href":"https:\/\/api.w.org\/{rel}","templated":true}]}}