{"id":4413,"date":"2025-06-12T03:16:11","date_gmt":"2025-06-12T06:16:11","guid":{"rendered":"https:\/\/rms-enlinea.com.ar\/tienda\/producto\/gabinete-corsair-2500x-mid-tower-atx-vidrio-templado-negro\/"},"modified":"2026-04-02T18:31:17","modified_gmt":"2026-04-02T21:31:17","slug":"gabinete-corsair-2500x-mid-tower-atx-vidrio-templado-negro","status":"publish","type":"product","link":"https:\/\/rms-enlinea.com.ar\/tienda\/producto\/gabinete-corsair-2500x-mid-tower-atx-vidrio-templado-negro\/","title":{"rendered":"Gabinete Corsair 2500x Mid Tower Atx Vidrio Templado Negro"},"content":{"rendered":"<p>_______________________________________________________________<\/p>\n<p>PRODUCTO: Gabinete gamer Corsair 2500X TG Mid-Tower Black <\/p>\n<p>&#8211; Dos c\u00e1maras para un aspecto estilizado<br \/>&#8211; Muchas opciones de personalizaci\u00f3n<br \/>&#8211; Compatibilidad con placas base mATX y mITX de conector inverso<br \/>&#8211; Amplia flexibilidad de refrigeraci\u00f3n<\/p>\n<p>ESPECIFICACIONES<br \/>Altura de la caja: 376 mm<br \/>Duraci\u00f3n del caso: 469 mm<br \/>Ancho de caja: 304 mm<br \/>Soporte de placa base: Mini-ITX, Micro-ATX<br \/>Color: NEGRO<br \/>Peso: 13.39 kg<br \/>Compatibilidad del radiador: 120 mm, 140 mm, 240 mm, 280 mm, 360 mm<br \/>Longitud m\u00e1xima de GPU: 400 mm<br \/>Altura m\u00e1xima del enfriador de CPU: 180 mm<br \/>Longitud m\u00e1xima de la fuente de alimentaci\u00f3n: 225 mm<br \/>Refrigeradores l\u00edquidos compatibles: H60, H100i, H115i, H150i (todas las series)<br \/>Tama\u00f1o de la caja: ESO<br \/>Fuente de alimentaci\u00f3n de caja: ATX<br \/>Ranuras de expansi\u00f3n de la caja: 4 horizontales (4 verticales con accesorio)<br \/>Caja frontal IO: (1x) USB 3.2 Gen 2 Tipo-C, (2x) USB 3.2 Gen 1 Tipo-A, (1x) Entrada\/salida de audio<br \/>Ventana de caja: Vidrio templado<br \/>Bah\u00edas de unidad internas de 3,5 : 2<br \/>Bah\u00edas de unidad internas de 2,5 : 2<\/p>\n<p>_______________________________________________________________<\/p>\n","protected":false},"excerpt":{"rendered":"<p>_______________________________________________________________ PRODUCTO: Gabinete gamer Corsair 2500X TG Mid-Tower Black &#8211; Dos c\u00e1maras para un aspecto estilizado&#8211; Muchas opciones de personalizaci\u00f3n&#8211; Compatibilidad con placas base mATX y mITX de conector inverso&#8211; Amplia flexibilidad de refrigeraci\u00f3n ESPECIFICACIONESAltura de la caja: 376 mmDuraci\u00f3n del caso: 469 mmAncho de caja: 304 mmSoporte de placa base: Mini-ITX, Micro-ATXColor: NEGROPeso: 13.39 [&hellip;]<\/p>\n","protected":false},"featured_media":4414,"comment_status":"open","ping_status":"closed","template":"","meta":{"_uag_custom_page_level_css":""},"product_brand":[555],"product_cat":[109],"product_tag":[],"class_list":{"0":"post-4413","1":"product","2":"type-product","3":"status-publish","4":"has-post-thumbnail","6":"product_brand-corsair","7":"product_cat-gabinetes","9":"first","10":"instock","11":"sale","12":"taxable","13":"shipping-taxable","14":"purchasable","15":"product-type-simple"},"uagb_featured_image_src":{"full":["https:\/\/rms-enlinea.com.ar\/wp-content\/uploads\/2025\/06\/D_724706-MLU79108379675_092024-F.jpg",1181,1200,false],"thumbnail":["https:\/\/rms-enlinea.com.ar\/wp-content\/uploads\/2025\/06\/D_724706-MLU79108379675_092024-F-150x150.jpg",150,150,true],"medium":["https:\/\/rms-enlinea.com.ar\/wp-content\/uploads\/2025\/06\/D_724706-MLU79108379675_092024-F-295x300.jpg",295,300,true],"medium_large":["https:\/\/rms-enlinea.com.ar\/wp-content\/uploads\/2025\/06\/D_724706-MLU79108379675_092024-F-768x780.jpg",768,780,true],"large":["https:\/\/rms-enlinea.com.ar\/wp-content\/uploads\/2025\/06\/D_724706-MLU79108379675_092024-F-1008x1024.jpg",1008,1024,true],"1536x1536":["https:\/\/rms-enlinea.com.ar\/wp-content\/uploads\/2025\/06\/D_724706-MLU79108379675_092024-F.jpg",1181,1200,false],"2048x2048":["https:\/\/rms-enlinea.com.ar\/wp-content\/uploads\/2025\/06\/D_724706-MLU79108379675_092024-F.jpg",1181,1200,false],"woocommerce_thumbnail":["https:\/\/rms-enlinea.com.ar\/wp-content\/uploads\/2025\/06\/D_724706-MLU79108379675_092024-F-450x450.jpg",450,450,true],"woocommerce_single":["https:\/\/rms-enlinea.com.ar\/wp-content\/uploads\/2025\/06\/D_724706-MLU79108379675_092024-F-600x610.jpg",600,610,true],"woocommerce_gallery_thumbnail":["https:\/\/rms-enlinea.com.ar\/wp-content\/uploads\/2025\/06\/D_724706-MLU79108379675_092024-F-100x100.jpg",100,100,true]},"uagb_author_info":{"display_name":"l0071054","author_link":"https:\/\/rms-enlinea.com.ar\/tienda\/author\/"},"uagb_comment_info":0,"uagb_excerpt":"_______________________________________________________________ PRODUCTO: Gabinete gamer Corsair 2500X TG Mid-Tower Black &#8211; Dos c\u00e1maras para un aspecto estilizado&#8211; Muchas opciones de personalizaci\u00f3n&#8211; Compatibilidad con placas base mATX y mITX de conector inverso&#8211; Amplia flexibilidad de refrigeraci\u00f3n ESPECIFICACIONESAltura de la caja: 376 mmDuraci\u00f3n del caso: 469 mmAncho de caja: 304 mmSoporte de placa base: Mini-ITX, Micro-ATXColor: NEGROPeso: 13.39&hellip;","_links":{"self":[{"href":"https:\/\/rms-enlinea.com.ar\/tienda\/wp-json\/wp\/v2\/product\/4413","targetHints":{"allow":["GET"]}}],"collection":[{"href":"https:\/\/rms-enlinea.com.ar\/tienda\/wp-json\/wp\/v2\/product"}],"about":[{"href":"https:\/\/rms-enlinea.com.ar\/tienda\/wp-json\/wp\/v2\/types\/product"}],"replies":[{"embeddable":true,"href":"https:\/\/rms-enlinea.com.ar\/tienda\/wp-json\/wp\/v2\/comments?post=4413"}],"wp:featuredmedia":[{"embeddable":true,"href":"https:\/\/rms-enlinea.com.ar\/tienda\/wp-json\/wp\/v2\/media\/4414"}],"wp:attachment":[{"href":"https:\/\/rms-enlinea.com.ar\/tienda\/wp-json\/wp\/v2\/media?parent=4413"}],"wp:term":[{"taxonomy":"product_brand","embeddable":true,"href":"https:\/\/rms-enlinea.com.ar\/tienda\/wp-json\/wp\/v2\/product_brand?post=4413"},{"taxonomy":"product_cat","embeddable":true,"href":"https:\/\/rms-enlinea.com.ar\/tienda\/wp-json\/wp\/v2\/product_cat?post=4413"},{"taxonomy":"product_tag","embeddable":true,"href":"https:\/\/rms-enlinea.com.ar\/tienda\/wp-json\/wp\/v2\/product_tag?post=4413"}],"curies":[{"name":"wp","href":"https:\/\/api.w.org\/{rel}","templated":true}]}}