{"id":4468,"date":"2025-06-12T03:17:25","date_gmt":"2025-06-12T06:17:25","guid":{"rendered":"https:\/\/rms-enlinea.com.ar\/tienda\/producto\/gabinete-msi-mag-forge-m100a-acrilico-micro-atx-3-fan-rgb\/"},"modified":"2026-04-21T03:31:14","modified_gmt":"2026-04-21T06:31:14","slug":"gabinete-msi-mag-forge-m100a-acrilico-micro-atx-3-fan-rgb","status":"publish","type":"product","link":"https:\/\/rms-enlinea.com.ar\/tienda\/producto\/gabinete-msi-mag-forge-m100a-acrilico-micro-atx-3-fan-rgb\/","title":{"rendered":"Gabinete Msi Mag Forge M100a Acrilico Micro Atx 3 Fan Rgb"},"content":{"rendered":"<p>Descubre el Gabinete MSI MAG FORGE M100A Acr\u00edlico ATX 4xFan RGB, dise\u00f1ado especialmente para los amantes de los videojuegos y el rendimiento en Argentina. Este gabinete de computadora de escritorio en color negro cuenta con una estructura Mid Tower que te permite optimizar el espacio en tu escritorio sin sacrificar el rendimiento. Con sus dimensiones de 388 mm de altura, 200 mm de ancho y 423 mm de largo, tendr\u00e1s suficiente espacio para armar tu PC gamer ideal.<\/p>\n<p>El Gabinete MSI MAG FORGE M100A no incluye fuente de alimentaci\u00f3n, lo que te permite elegir la que mejor se adapte a tus necesidades y preferencias. Adem\u00e1s, su dise\u00f1o con panel lateral de acr\u00edlico te permitir\u00e1 lucir tus componentes internos y el sistema de iluminaci\u00f3n RGB de los 4 ventiladores incluidos, creando un ambiente \u00fanico y personalizado en tu espacio de juego.<\/p>\n<p>No esperes m\u00e1s para armar la computadora de tus sue\u00f1os con este gabinete MSI MAG FORGE M100A, que combina estilo, funcionalidad y rendimiento para ofrecerte la mejor experiencia gamer.<\/p>\n","protected":false},"excerpt":{"rendered":"<p>Descubre el Gabinete MSI MAG FORGE M100A Acr\u00edlico ATX 4xFan RGB, dise\u00f1ado especialmente para los amantes de los videojuegos y el rendimiento en Argentina. Este gabinete de computadora de escritorio en color negro cuenta con una estructura Mid Tower que te permite optimizar el espacio en tu escritorio sin sacrificar el rendimiento. Con sus dimensiones [&hellip;]<\/p>\n","protected":false},"featured_media":4469,"comment_status":"open","ping_status":"closed","template":"","meta":{"_uag_custom_page_level_css":""},"product_brand":[557],"product_cat":[109],"product_tag":[],"class_list":{"0":"post-4468","1":"product","2":"type-product","3":"status-publish","4":"has-post-thumbnail","6":"product_brand-msi","7":"product_cat-gabinetes","9":"first","10":"outofstock","11":"sale","12":"taxable","13":"shipping-taxable","14":"purchasable","15":"product-type-simple"},"uagb_featured_image_src":{"full":["https:\/\/rms-enlinea.com.ar\/wp-content\/uploads\/2025\/06\/D_904054-MLA74182502991_012024-F.jpg",656,838,false],"thumbnail":["https:\/\/rms-enlinea.com.ar\/wp-content\/uploads\/2025\/06\/D_904054-MLA74182502991_012024-F-150x150.jpg",150,150,true],"medium":["https:\/\/rms-enlinea.com.ar\/wp-content\/uploads\/2025\/06\/D_904054-MLA74182502991_012024-F-235x300.jpg",235,300,true],"medium_large":["https:\/\/rms-enlinea.com.ar\/wp-content\/uploads\/2025\/06\/D_904054-MLA74182502991_012024-F.jpg",656,838,false],"large":["https:\/\/rms-enlinea.com.ar\/wp-content\/uploads\/2025\/06\/D_904054-MLA74182502991_012024-F.jpg",656,838,false],"1536x1536":["https:\/\/rms-enlinea.com.ar\/wp-content\/uploads\/2025\/06\/D_904054-MLA74182502991_012024-F.jpg",656,838,false],"2048x2048":["https:\/\/rms-enlinea.com.ar\/wp-content\/uploads\/2025\/06\/D_904054-MLA74182502991_012024-F.jpg",656,838,false],"woocommerce_thumbnail":["https:\/\/rms-enlinea.com.ar\/wp-content\/uploads\/2025\/06\/D_904054-MLA74182502991_012024-F-450x450.jpg",450,450,true],"woocommerce_single":["https:\/\/rms-enlinea.com.ar\/wp-content\/uploads\/2025\/06\/D_904054-MLA74182502991_012024-F-600x766.jpg",600,766,true],"woocommerce_gallery_thumbnail":["https:\/\/rms-enlinea.com.ar\/wp-content\/uploads\/2025\/06\/D_904054-MLA74182502991_012024-F-100x100.jpg",100,100,true]},"uagb_author_info":{"display_name":"l0071054","author_link":"https:\/\/rms-enlinea.com.ar\/tienda\/author\/"},"uagb_comment_info":0,"uagb_excerpt":"Descubre el Gabinete MSI MAG FORGE M100A Acr\u00edlico ATX 4xFan RGB, dise\u00f1ado especialmente para los amantes de los videojuegos y el rendimiento en Argentina. Este gabinete de computadora de escritorio en color negro cuenta con una estructura Mid Tower que te permite optimizar el espacio en tu escritorio sin sacrificar el rendimiento. Con sus dimensiones&hellip;","_links":{"self":[{"href":"https:\/\/rms-enlinea.com.ar\/tienda\/wp-json\/wp\/v2\/product\/4468","targetHints":{"allow":["GET"]}}],"collection":[{"href":"https:\/\/rms-enlinea.com.ar\/tienda\/wp-json\/wp\/v2\/product"}],"about":[{"href":"https:\/\/rms-enlinea.com.ar\/tienda\/wp-json\/wp\/v2\/types\/product"}],"replies":[{"embeddable":true,"href":"https:\/\/rms-enlinea.com.ar\/tienda\/wp-json\/wp\/v2\/comments?post=4468"}],"wp:featuredmedia":[{"embeddable":true,"href":"https:\/\/rms-enlinea.com.ar\/tienda\/wp-json\/wp\/v2\/media\/4469"}],"wp:attachment":[{"href":"https:\/\/rms-enlinea.com.ar\/tienda\/wp-json\/wp\/v2\/media?parent=4468"}],"wp:term":[{"taxonomy":"product_brand","embeddable":true,"href":"https:\/\/rms-enlinea.com.ar\/tienda\/wp-json\/wp\/v2\/product_brand?post=4468"},{"taxonomy":"product_cat","embeddable":true,"href":"https:\/\/rms-enlinea.com.ar\/tienda\/wp-json\/wp\/v2\/product_cat?post=4468"},{"taxonomy":"product_tag","embeddable":true,"href":"https:\/\/rms-enlinea.com.ar\/tienda\/wp-json\/wp\/v2\/product_tag?post=4468"}],"curies":[{"name":"wp","href":"https:\/\/api.w.org\/{rel}","templated":true}]}}