{"id":49453,"date":"2025-06-15T15:11:10","date_gmt":"2025-06-15T18:11:10","guid":{"rendered":"https:\/\/rms-enlinea.com.ar\/tienda\/producto\/camara-ip-tp-link-tapo-c510w-wi-fi-outdoor-2k-3mp-ip65-exter\/"},"modified":"2026-03-31T19:49:48","modified_gmt":"2026-03-31T22:49:48","slug":"camara-ip-tp-link-tapo-c510w-wi-fi-outdoor-2k-3mp-ip65-exter","status":"publish","type":"product","link":"https:\/\/rms-enlinea.com.ar\/tienda\/producto\/camara-ip-tp-link-tapo-c510w-wi-fi-outdoor-2k-3mp-ip65-exter\/","title":{"rendered":"C\u00e1mara Ip Tp-link Tapo C510w Wi-fi Outdoor 2k 3mp Ip65 Exter"},"content":{"rendered":"<p>La C\u00e1mara IP TP-Link Tapo C510W es la soluci\u00f3n ideal para mantener la seguridad de tu hogar o negocio. Con una resoluci\u00f3n de 2K y 3 megap\u00edxeles, ofrece im\u00e1genes n\u00edtidas y claras, garantizando que cada detalle sea capturado. Dise\u00f1ada para uso en exteriores, esta c\u00e1mara cuenta con una estructura IP65 que la protege contra el polvo y la lluvia, asegurando un rendimiento confiable en diversas condiciones atmosf\u00e9ricas.<\/p>\n<p>La conectividad Wi-Fi facilita su instalaci\u00f3n y uso, permiti\u00e9ndote monitorear tu propiedad desde cualquier lugar a trav\u00e9s de tu dispositivo m\u00f3vil. Gracias a su capacidad de movimiento PTZ motorizado, puedes ajustar la direcci\u00f3n de la c\u00e1mara para ampliar su campo visual y cubrir \u00e1reas extensas.<\/p>\n<p>En situaciones de poca luz, la visi\u00f3n nocturna permite un monitoreo efectivo, aunque no cuenta con visi\u00f3n nocturna a color. Su dise\u00f1o vers\u00e1til permite una f\u00e1cil colocaci\u00f3n en paredes o techos, adapt\u00e1ndose a tus necesidades de vigilancia tanto en interiores como exteriores.<\/p>\n<p>Con la Tapo C510W, estar\u00e1s un paso adelante en la protecci\u00f3n de tus espacios m\u00e1s valiosos, brindando tranquilidad a tu familia y seguridad a tus pertenencias. Aumenta tu vigilancia y mejora tu experiencia de seguridad con esta c\u00e1mara de alta calidad.<\/p>\n","protected":false},"excerpt":{"rendered":"<p>La C\u00e1mara IP TP-Link Tapo C510W es la soluci\u00f3n ideal para mantener la seguridad de tu hogar o negocio. Con una resoluci\u00f3n de 2K y 3 megap\u00edxeles, ofrece im\u00e1genes n\u00edtidas y claras, garantizando que cada detalle sea capturado. Dise\u00f1ada para uso en exteriores, esta c\u00e1mara cuenta con una estructura IP65 que la protege contra el [&hellip;]<\/p>\n","protected":false},"featured_media":49454,"comment_status":"open","ping_status":"closed","template":"","meta":{"_uag_custom_page_level_css":""},"product_brand":[546],"product_cat":[32],"product_tag":[],"class_list":{"0":"post-49453","1":"product","2":"type-product","3":"status-publish","4":"has-post-thumbnail","6":"product_brand-tplink","7":"product_cat-seguridad","9":"first","10":"outofstock","11":"sale","12":"taxable","13":"shipping-taxable","14":"purchasable","15":"product-type-simple"},"uagb_featured_image_src":{"full":["https:\/\/rms-enlinea.com.ar\/wp-content\/uploads\/2025\/06\/D_814739-MLA86110541439_062025-F.jpg",933,916,false],"thumbnail":["https:\/\/rms-enlinea.com.ar\/wp-content\/uploads\/2025\/06\/D_814739-MLA86110541439_062025-F-150x150.jpg",150,150,true],"medium":["https:\/\/rms-enlinea.com.ar\/wp-content\/uploads\/2025\/06\/D_814739-MLA86110541439_062025-F-300x295.jpg",300,295,true],"medium_large":["https:\/\/rms-enlinea.com.ar\/wp-content\/uploads\/2025\/06\/D_814739-MLA86110541439_062025-F-768x754.jpg",768,754,true],"large":["https:\/\/rms-enlinea.com.ar\/wp-content\/uploads\/2025\/06\/D_814739-MLA86110541439_062025-F.jpg",933,916,false],"1536x1536":["https:\/\/rms-enlinea.com.ar\/wp-content\/uploads\/2025\/06\/D_814739-MLA86110541439_062025-F.jpg",933,916,false],"2048x2048":["https:\/\/rms-enlinea.com.ar\/wp-content\/uploads\/2025\/06\/D_814739-MLA86110541439_062025-F.jpg",933,916,false],"woocommerce_thumbnail":["https:\/\/rms-enlinea.com.ar\/wp-content\/uploads\/2025\/06\/D_814739-MLA86110541439_062025-F-450x450.jpg",450,450,true],"woocommerce_single":["https:\/\/rms-enlinea.com.ar\/wp-content\/uploads\/2025\/06\/D_814739-MLA86110541439_062025-F-600x589.jpg",600,589,true],"woocommerce_gallery_thumbnail":["https:\/\/rms-enlinea.com.ar\/wp-content\/uploads\/2025\/06\/D_814739-MLA86110541439_062025-F-100x100.jpg",100,100,true]},"uagb_author_info":{"display_name":"nelson","author_link":"https:\/\/rms-enlinea.com.ar\/tienda\/author\/"},"uagb_comment_info":0,"uagb_excerpt":"La C\u00e1mara IP TP-Link Tapo C510W es la soluci\u00f3n ideal para mantener la seguridad de tu hogar o negocio. Con una resoluci\u00f3n de 2K y 3 megap\u00edxeles, ofrece im\u00e1genes n\u00edtidas y claras, garantizando que cada detalle sea capturado. Dise\u00f1ada para uso en exteriores, esta c\u00e1mara cuenta con una estructura IP65 que la protege contra el&hellip;","_links":{"self":[{"href":"https:\/\/rms-enlinea.com.ar\/tienda\/wp-json\/wp\/v2\/product\/49453","targetHints":{"allow":["GET"]}}],"collection":[{"href":"https:\/\/rms-enlinea.com.ar\/tienda\/wp-json\/wp\/v2\/product"}],"about":[{"href":"https:\/\/rms-enlinea.com.ar\/tienda\/wp-json\/wp\/v2\/types\/product"}],"replies":[{"embeddable":true,"href":"https:\/\/rms-enlinea.com.ar\/tienda\/wp-json\/wp\/v2\/comments?post=49453"}],"wp:featuredmedia":[{"embeddable":true,"href":"https:\/\/rms-enlinea.com.ar\/tienda\/wp-json\/wp\/v2\/media\/49454"}],"wp:attachment":[{"href":"https:\/\/rms-enlinea.com.ar\/tienda\/wp-json\/wp\/v2\/media?parent=49453"}],"wp:term":[{"taxonomy":"product_brand","embeddable":true,"href":"https:\/\/rms-enlinea.com.ar\/tienda\/wp-json\/wp\/v2\/product_brand?post=49453"},{"taxonomy":"product_cat","embeddable":true,"href":"https:\/\/rms-enlinea.com.ar\/tienda\/wp-json\/wp\/v2\/product_cat?post=49453"},{"taxonomy":"product_tag","embeddable":true,"href":"https:\/\/rms-enlinea.com.ar\/tienda\/wp-json\/wp\/v2\/product_tag?post=49453"}],"curies":[{"name":"wp","href":"https:\/\/api.w.org\/{rel}","templated":true}]}}