{"id":49485,"date":"2025-06-15T15:14:47","date_gmt":"2025-06-15T18:14:47","guid":{"rendered":"https:\/\/rms-enlinea.com.ar\/tienda\/producto\/memoria-sodimm-ddr4-hiksemi-32gb-3200-mhz-hiker-hsc432s32z1\/"},"modified":"2026-05-04T09:42:01","modified_gmt":"2026-05-04T12:42:01","slug":"memoria-sodimm-ddr4-hiksemi-32gb-3200-mhz-hiker-hsc432s32z1","status":"publish","type":"product","link":"https:\/\/rms-enlinea.com.ar\/tienda\/producto\/memoria-sodimm-ddr4-hiksemi-32gb-3200-mhz-hiker-hsc432s32z1\/","title":{"rendered":"Memoria Sodimm Ddr4 Hiksemi 32gb 3200 Mhz Hiker Hsc432s32z1"},"content":{"rendered":"<p>Modelo\tHS-Sodimm-HIKER<br \/>Capacidad\t4GB<br \/>Interfaz\t DDR4<br \/>Frecuencia\t 3200MHz <br \/>Conectores (Pin)\t204 pines <br \/>Tama\u00f1o (L\u00d7A\u00d7H mm)\t70 \u00d7 30 \u00d7 1.3<br \/>Temperatura de operaci\u00f3n\t0 \u00b0C a 85 \u00b0C (32 \u00b0F a 185 \u00b0F)<br \/>Peso\t8 g<\/p>\n","protected":false},"excerpt":{"rendered":"<p>Modelo HS-Sodimm-HIKERCapacidad 4GBInterfaz DDR4Frecuencia 3200MHz Conectores (Pin) 204 pines Tama\u00f1o (L\u00d7A\u00d7H mm) 70 \u00d7 30 \u00d7 1.3Temperatura de operaci\u00f3n 0 \u00b0C a 85 \u00b0C (32 \u00b0F a 185 \u00b0F)Peso 8 g<\/p>\n","protected":false},"featured_media":49486,"comment_status":"open","ping_status":"closed","template":"","meta":{"_uag_custom_page_level_css":""},"product_brand":[560],"product_cat":[112],"product_tag":[],"class_list":{"0":"post-49485","1":"product","2":"type-product","3":"status-publish","4":"has-post-thumbnail","6":"product_brand-hiksemi","7":"product_cat-mamorias","9":"first","10":"instock","11":"sale","12":"taxable","13":"shipping-taxable","14":"purchasable","15":"product-type-simple"},"uagb_featured_image_src":{"full":["https:\/\/rms-enlinea.com.ar\/wp-content\/uploads\/2025\/06\/D_612950-MLU71551390753_092023-F.jpg",1200,1200,false],"thumbnail":["https:\/\/rms-enlinea.com.ar\/wp-content\/uploads\/2025\/06\/D_612950-MLU71551390753_092023-F-150x150.jpg",150,150,true],"medium":["https:\/\/rms-enlinea.com.ar\/wp-content\/uploads\/2025\/06\/D_612950-MLU71551390753_092023-F-300x300.jpg",300,300,true],"medium_large":["https:\/\/rms-enlinea.com.ar\/wp-content\/uploads\/2025\/06\/D_612950-MLU71551390753_092023-F-768x768.jpg",768,768,true],"large":["https:\/\/rms-enlinea.com.ar\/wp-content\/uploads\/2025\/06\/D_612950-MLU71551390753_092023-F-1024x1024.jpg",1024,1024,true],"1536x1536":["https:\/\/rms-enlinea.com.ar\/wp-content\/uploads\/2025\/06\/D_612950-MLU71551390753_092023-F.jpg",1200,1200,false],"2048x2048":["https:\/\/rms-enlinea.com.ar\/wp-content\/uploads\/2025\/06\/D_612950-MLU71551390753_092023-F.jpg",1200,1200,false],"woocommerce_thumbnail":["https:\/\/rms-enlinea.com.ar\/wp-content\/uploads\/2025\/06\/D_612950-MLU71551390753_092023-F-450x450.jpg",450,450,true],"woocommerce_single":["https:\/\/rms-enlinea.com.ar\/wp-content\/uploads\/2025\/06\/D_612950-MLU71551390753_092023-F-600x600.jpg",600,600,true],"woocommerce_gallery_thumbnail":["https:\/\/rms-enlinea.com.ar\/wp-content\/uploads\/2025\/06\/D_612950-MLU71551390753_092023-F-100x100.jpg",100,100,true]},"uagb_author_info":{"display_name":"nelson","author_link":"https:\/\/rms-enlinea.com.ar\/tienda\/author\/"},"uagb_comment_info":0,"uagb_excerpt":"Modelo HS-Sodimm-HIKERCapacidad 4GBInterfaz DDR4Frecuencia 3200MHz Conectores (Pin) 204 pines Tama\u00f1o (L\u00d7A\u00d7H mm) 70 \u00d7 30 \u00d7 1.3Temperatura de operaci\u00f3n 0 \u00b0C a 85 \u00b0C (32 \u00b0F a 185 \u00b0F)Peso 8 g","_links":{"self":[{"href":"https:\/\/rms-enlinea.com.ar\/tienda\/wp-json\/wp\/v2\/product\/49485","targetHints":{"allow":["GET"]}}],"collection":[{"href":"https:\/\/rms-enlinea.com.ar\/tienda\/wp-json\/wp\/v2\/product"}],"about":[{"href":"https:\/\/rms-enlinea.com.ar\/tienda\/wp-json\/wp\/v2\/types\/product"}],"replies":[{"embeddable":true,"href":"https:\/\/rms-enlinea.com.ar\/tienda\/wp-json\/wp\/v2\/comments?post=49485"}],"wp:featuredmedia":[{"embeddable":true,"href":"https:\/\/rms-enlinea.com.ar\/tienda\/wp-json\/wp\/v2\/media\/49486"}],"wp:attachment":[{"href":"https:\/\/rms-enlinea.com.ar\/tienda\/wp-json\/wp\/v2\/media?parent=49485"}],"wp:term":[{"taxonomy":"product_brand","embeddable":true,"href":"https:\/\/rms-enlinea.com.ar\/tienda\/wp-json\/wp\/v2\/product_brand?post=49485"},{"taxonomy":"product_cat","embeddable":true,"href":"https:\/\/rms-enlinea.com.ar\/tienda\/wp-json\/wp\/v2\/product_cat?post=49485"},{"taxonomy":"product_tag","embeddable":true,"href":"https:\/\/rms-enlinea.com.ar\/tienda\/wp-json\/wp\/v2\/product_tag?post=49485"}],"curies":[{"name":"wp","href":"https:\/\/api.w.org\/{rel}","templated":true}]}}