{"id":49500,"date":"2025-06-15T15:16:00","date_gmt":"2025-06-15T18:16:00","guid":{"rendered":"https:\/\/rms-enlinea.com.ar\/tienda\/producto\/placa-de-red-wifi-pci-e-tp-link-tl-wn881nd-300mbps\/"},"modified":"2026-04-02T17:12:55","modified_gmt":"2026-04-02T20:12:55","slug":"placa-de-red-wifi-pci-e-tp-link-tl-wn881nd-300mbps","status":"publish","type":"product","link":"https:\/\/rms-enlinea.com.ar\/tienda\/producto\/placa-de-red-wifi-pci-e-tp-link-tl-wn881nd-300mbps\/","title":{"rendered":"Placa De Red Wifi Pci-e Tp-link Tl-wn881nd 300mbps"},"content":{"rendered":"<p>CARACTER\u00cdSTICAS DE HARDWARE<br \/>Interfaz\t1 PCI Express<br \/>Dimensiones\t4,8 x 3,1 x 0,8 pulgadas (120,8 x 78,5 x 21,5 mm)<br \/>Tipo de Antena\tDesmontable omnidireccional (RP-SMA)<br \/>Ganancia de Antena\t2dBi<br \/>CARACTER\u00cdSTICAS INAL\u00c1MBRICAS<br \/>Est\u00e1ndares Inal\u00e1mbricos\tIEEE 802.11n, IEEE 802.11g, IEEE 802.11b<br \/>Frecuencia\t2.400-2.4835GHz<br \/>Tasa de Se\u00f1al\t11n: hasta 300 Mbps (din\u00e1mico)<br \/> \t11g: hasta 54 Mbps(din\u00e1mico)<br \/> \t11b: hasta 11 Mbps (din\u00e1mico)<br \/>Sensibilidad de Recepci\u00f3n\t270M: -68dBm@10% PER<br \/> \t130M: -68dBm@10% PER<br \/> \t108M: -73dBm@10% PER<br \/> \t54M: -73dBm@10% PER<br \/> \t11M: -89dBm@8% PER<br \/> \t6M: -87dBm@10% PER<br \/> \t1M: -90dBm@8% PER<br \/>Potencia de Transmisi\u00f3n\t&lt;20dBm(EIRP)<br \/>Modos Inal\u00e1mbricos\tModos ad-Hoc \/ infraestructura<br \/>Seguridad Inal\u00e1mbrica\tSupport 64\/128 bit WEP, WPA-PSK\/WPA2-PSK<br \/>Tecnolog\u00eda de Modulaci\u00f3n\tDBPSK, DQPSK, CCK, OFDM, 16-QAM, 64-QAM<\/p>\n","protected":false},"excerpt":{"rendered":"<p>CARACTER\u00cdSTICAS DE HARDWAREInterfaz 1 PCI ExpressDimensiones 4,8 x 3,1 x 0,8 pulgadas (120,8 x 78,5 x 21,5 mm)Tipo de Antena Desmontable omnidireccional (RP-SMA)Ganancia de Antena 2dBiCARACTER\u00cdSTICAS INAL\u00c1MBRICASEst\u00e1ndares Inal\u00e1mbricos IEEE 802.11n, IEEE 802.11g, IEEE 802.11bFrecuencia 2.400-2.4835GHzTasa de Se\u00f1al 11n: hasta 300 Mbps (din\u00e1mico) 11g: hasta 54 Mbps(din\u00e1mico) 11b: hasta 11 Mbps (din\u00e1mico)Sensibilidad de Recepci\u00f3n 270M: -68dBm@10% [&hellip;]<\/p>\n","protected":false},"featured_media":49501,"comment_status":"open","ping_status":"closed","template":"","meta":{"_uag_custom_page_level_css":""},"product_brand":[546],"product_cat":[122],"product_tag":[],"class_list":{"0":"post-49500","1":"product","2":"type-product","3":"status-publish","4":"has-post-thumbnail","6":"product_brand-tplink","7":"product_cat-redes-y-conectividad","9":"first","10":"outofstock","11":"sale","12":"taxable","13":"shipping-taxable","14":"purchasable","15":"product-type-simple"},"uagb_featured_image_src":{"full":["https:\/\/rms-enlinea.com.ar\/wp-content\/uploads\/2025\/06\/D_854367-MLU75164496481_032024-F.jpg",759,1199,false],"thumbnail":["https:\/\/rms-enlinea.com.ar\/wp-content\/uploads\/2025\/06\/D_854367-MLU75164496481_032024-F-150x150.jpg",150,150,true],"medium":["https:\/\/rms-enlinea.com.ar\/wp-content\/uploads\/2025\/06\/D_854367-MLU75164496481_032024-F-190x300.jpg",190,300,true],"medium_large":["https:\/\/rms-enlinea.com.ar\/wp-content\/uploads\/2025\/06\/D_854367-MLU75164496481_032024-F.jpg",759,1199,false],"large":["https:\/\/rms-enlinea.com.ar\/wp-content\/uploads\/2025\/06\/D_854367-MLU75164496481_032024-F-648x1024.jpg",648,1024,true],"1536x1536":["https:\/\/rms-enlinea.com.ar\/wp-content\/uploads\/2025\/06\/D_854367-MLU75164496481_032024-F.jpg",759,1199,false],"2048x2048":["https:\/\/rms-enlinea.com.ar\/wp-content\/uploads\/2025\/06\/D_854367-MLU75164496481_032024-F.jpg",759,1199,false],"woocommerce_thumbnail":["https:\/\/rms-enlinea.com.ar\/wp-content\/uploads\/2025\/06\/D_854367-MLU75164496481_032024-F-450x450.jpg",450,450,true],"woocommerce_single":["https:\/\/rms-enlinea.com.ar\/wp-content\/uploads\/2025\/06\/D_854367-MLU75164496481_032024-F-600x948.jpg",600,948,true],"woocommerce_gallery_thumbnail":["https:\/\/rms-enlinea.com.ar\/wp-content\/uploads\/2025\/06\/D_854367-MLU75164496481_032024-F-100x100.jpg",100,100,true]},"uagb_author_info":{"display_name":"nelson","author_link":"https:\/\/rms-enlinea.com.ar\/tienda\/author\/"},"uagb_comment_info":0,"uagb_excerpt":"CARACTER\u00cdSTICAS DE HARDWAREInterfaz 1 PCI ExpressDimensiones 4,8 x 3,1 x 0,8 pulgadas (120,8 x 78,5 x 21,5 mm)Tipo de Antena Desmontable omnidireccional (RP-SMA)Ganancia de Antena 2dBiCARACTER\u00cdSTICAS INAL\u00c1MBRICASEst\u00e1ndares Inal\u00e1mbricos IEEE 802.11n, IEEE 802.11g, IEEE 802.11bFrecuencia 2.400-2.4835GHzTasa de Se\u00f1al 11n: hasta 300 Mbps (din\u00e1mico) 11g: hasta 54 Mbps(din\u00e1mico) 11b: hasta 11 Mbps (din\u00e1mico)Sensibilidad de Recepci\u00f3n 270M: -68dBm@10%&hellip;","_links":{"self":[{"href":"https:\/\/rms-enlinea.com.ar\/tienda\/wp-json\/wp\/v2\/product\/49500","targetHints":{"allow":["GET"]}}],"collection":[{"href":"https:\/\/rms-enlinea.com.ar\/tienda\/wp-json\/wp\/v2\/product"}],"about":[{"href":"https:\/\/rms-enlinea.com.ar\/tienda\/wp-json\/wp\/v2\/types\/product"}],"replies":[{"embeddable":true,"href":"https:\/\/rms-enlinea.com.ar\/tienda\/wp-json\/wp\/v2\/comments?post=49500"}],"wp:featuredmedia":[{"embeddable":true,"href":"https:\/\/rms-enlinea.com.ar\/tienda\/wp-json\/wp\/v2\/media\/49501"}],"wp:attachment":[{"href":"https:\/\/rms-enlinea.com.ar\/tienda\/wp-json\/wp\/v2\/media?parent=49500"}],"wp:term":[{"taxonomy":"product_brand","embeddable":true,"href":"https:\/\/rms-enlinea.com.ar\/tienda\/wp-json\/wp\/v2\/product_brand?post=49500"},{"taxonomy":"product_cat","embeddable":true,"href":"https:\/\/rms-enlinea.com.ar\/tienda\/wp-json\/wp\/v2\/product_cat?post=49500"},{"taxonomy":"product_tag","embeddable":true,"href":"https:\/\/rms-enlinea.com.ar\/tienda\/wp-json\/wp\/v2\/product_tag?post=49500"}],"curies":[{"name":"wp","href":"https:\/\/api.w.org\/{rel}","templated":true}]}}