{"id":49519,"date":"2025-06-15T15:18:17","date_gmt":"2025-06-15T18:18:17","guid":{"rendered":"https:\/\/rms-enlinea.com.ar\/tienda\/producto\/monitor-27-pulgadas-benq-gw2791-fhd-ips-100hz\/"},"modified":"2026-03-31T19:08:27","modified_gmt":"2026-03-31T22:08:27","slug":"monitor-27-pulgadas-benq-gw2791-fhd-ips-100hz","status":"publish","type":"product","link":"https:\/\/rms-enlinea.com.ar\/tienda\/producto\/monitor-27-pulgadas-benq-gw2791-fhd-ips-100hz\/","title":{"rendered":"Monitor 27 Pulgadas Benq Gw2791 Fhd Ips 100hz"},"content":{"rendered":"<p>Tama\u00f1o de Pantalla<br \/>27 pulgadas<br \/>Tipo de Panel<br \/>IPS<br \/>Tecnolog\u00eda de Retroiluminaci\u00f3n<br \/>Retroiluminaci\u00f3n LED<br \/>Resoluci\u00f3n (m\u00e1x.)<br \/>1920&#215;1080<br \/>Brillo (t\u00edp.)<br \/>250 nits<br \/>\u00c1ngulo de Visi\u00f3n (l\/D) (CR&gt;= 10)<br \/>178\u00b0\/178\u00b0<br \/>Tiempo de Respuesta (GtG)<br \/>5 ms<br \/>Contraste nativo<br \/>1300:1<br \/>Frecuencia de Actualizaci\u00f3n (Hz)<br \/>100<br \/>Espacio de color<br \/>99% sRGB<br \/>Modos de Color<br \/>Est\u00e1ndar, Juego, ePaper, C\u00f3digo, Cinema<br \/>Relaci\u00f3n de Aspecto<br \/>16:9<br \/>Cantidad de Colores<br \/>16,7 millones de colores<br \/>PPI<br \/>82<br \/>Recubrimiento en Pantalla<br \/>Matte<br \/>HDCP<br \/>1.4<\/p>\n","protected":false},"excerpt":{"rendered":"<p>Tama\u00f1o de Pantalla27 pulgadasTipo de PanelIPSTecnolog\u00eda de Retroiluminaci\u00f3nRetroiluminaci\u00f3n LEDResoluci\u00f3n (m\u00e1x.)1920&#215;1080Brillo (t\u00edp.)250 nits\u00c1ngulo de Visi\u00f3n (l\/D) (CR&gt;= 10)178\u00b0\/178\u00b0Tiempo de Respuesta (GtG)5 msContraste nativo1300:1Frecuencia de Actualizaci\u00f3n (Hz)100Espacio de color99% sRGBModos de ColorEst\u00e1ndar, Juego, ePaper, C\u00f3digo, CinemaRelaci\u00f3n de Aspecto16:9Cantidad de Colores16,7 millones de coloresPPI82Recubrimiento en PantallaMatteHDCP1.4<\/p>\n","protected":false},"featured_media":49515,"comment_status":"open","ping_status":"closed","template":"","meta":{"_uag_custom_page_level_css":""},"product_brand":[584],"product_cat":[114],"product_tag":[],"class_list":{"0":"post-49519","1":"product","2":"type-product","3":"status-publish","4":"has-post-thumbnail","6":"product_brand-benq","7":"product_cat-monitores","9":"first","10":"outofstock","11":"sale","12":"taxable","13":"shipping-taxable","14":"purchasable","15":"product-type-simple"},"uagb_featured_image_src":{"full":["https:\/\/rms-enlinea.com.ar\/wp-content\/uploads\/2025\/06\/D_980939-MLA86147946991_062025-F.jpg",1117,1200,false],"thumbnail":["https:\/\/rms-enlinea.com.ar\/wp-content\/uploads\/2025\/06\/D_980939-MLA86147946991_062025-F-150x150.jpg",150,150,true],"medium":["https:\/\/rms-enlinea.com.ar\/wp-content\/uploads\/2025\/06\/D_980939-MLA86147946991_062025-F-279x300.jpg",279,300,true],"medium_large":["https:\/\/rms-enlinea.com.ar\/wp-content\/uploads\/2025\/06\/D_980939-MLA86147946991_062025-F-768x825.jpg",768,825,true],"large":["https:\/\/rms-enlinea.com.ar\/wp-content\/uploads\/2025\/06\/D_980939-MLA86147946991_062025-F-953x1024.jpg",953,1024,true],"1536x1536":["https:\/\/rms-enlinea.com.ar\/wp-content\/uploads\/2025\/06\/D_980939-MLA86147946991_062025-F.jpg",1117,1200,false],"2048x2048":["https:\/\/rms-enlinea.com.ar\/wp-content\/uploads\/2025\/06\/D_980939-MLA86147946991_062025-F.jpg",1117,1200,false],"woocommerce_thumbnail":["https:\/\/rms-enlinea.com.ar\/wp-content\/uploads\/2025\/06\/D_980939-MLA86147946991_062025-F-450x450.jpg",450,450,true],"woocommerce_single":["https:\/\/rms-enlinea.com.ar\/wp-content\/uploads\/2025\/06\/D_980939-MLA86147946991_062025-F-600x645.jpg",600,645,true],"woocommerce_gallery_thumbnail":["https:\/\/rms-enlinea.com.ar\/wp-content\/uploads\/2025\/06\/D_980939-MLA86147946991_062025-F-100x100.jpg",100,100,true]},"uagb_author_info":{"display_name":"mario","author_link":"https:\/\/rms-enlinea.com.ar\/tienda\/author\/"},"uagb_comment_info":0,"uagb_excerpt":"Tama\u00f1o de Pantalla27 pulgadasTipo de PanelIPSTecnolog\u00eda de Retroiluminaci\u00f3nRetroiluminaci\u00f3n LEDResoluci\u00f3n (m\u00e1x.)1920&#215;1080Brillo (t\u00edp.)250 nits\u00c1ngulo de Visi\u00f3n (l\/D) (CR&gt;= 10)178\u00b0\/178\u00b0Tiempo de Respuesta (GtG)5 msContraste nativo1300:1Frecuencia de Actualizaci\u00f3n (Hz)100Espacio de color99% sRGBModos de ColorEst\u00e1ndar, Juego, ePaper, C\u00f3digo, CinemaRelaci\u00f3n de Aspecto16:9Cantidad de Colores16,7 millones de coloresPPI82Recubrimiento en PantallaMatteHDCP1.4","_links":{"self":[{"href":"https:\/\/rms-enlinea.com.ar\/tienda\/wp-json\/wp\/v2\/product\/49519","targetHints":{"allow":["GET"]}}],"collection":[{"href":"https:\/\/rms-enlinea.com.ar\/tienda\/wp-json\/wp\/v2\/product"}],"about":[{"href":"https:\/\/rms-enlinea.com.ar\/tienda\/wp-json\/wp\/v2\/types\/product"}],"replies":[{"embeddable":true,"href":"https:\/\/rms-enlinea.com.ar\/tienda\/wp-json\/wp\/v2\/comments?post=49519"}],"wp:featuredmedia":[{"embeddable":true,"href":"https:\/\/rms-enlinea.com.ar\/tienda\/wp-json\/wp\/v2\/media\/49515"}],"wp:attachment":[{"href":"https:\/\/rms-enlinea.com.ar\/tienda\/wp-json\/wp\/v2\/media?parent=49519"}],"wp:term":[{"taxonomy":"product_brand","embeddable":true,"href":"https:\/\/rms-enlinea.com.ar\/tienda\/wp-json\/wp\/v2\/product_brand?post=49519"},{"taxonomy":"product_cat","embeddable":true,"href":"https:\/\/rms-enlinea.com.ar\/tienda\/wp-json\/wp\/v2\/product_cat?post=49519"},{"taxonomy":"product_tag","embeddable":true,"href":"https:\/\/rms-enlinea.com.ar\/tienda\/wp-json\/wp\/v2\/product_tag?post=49519"}],"curies":[{"name":"wp","href":"https:\/\/api.w.org\/{rel}","templated":true}]}}