{"id":49585,"date":"2025-06-19T15:04:08","date_gmt":"2025-06-19T18:04:08","guid":{"rendered":"https:\/\/rms-enlinea.com.ar\/tienda\/producto\/base-cargadora-raptor-dock-p-control-ps5-blanca\/"},"modified":"2026-04-02T18:02:31","modified_gmt":"2026-04-02T21:02:31","slug":"base-cargadora-raptor-dock-p-control-ps5-blanca","status":"publish","type":"product","link":"https:\/\/rms-enlinea.com.ar\/tienda\/producto\/base-cargadora-raptor-dock-p-control-ps5-blanca\/","title":{"rendered":"Base Cargadora Raptor Dock P\/control Ps5 Blanca"},"content":{"rendered":"<p>Especificaciones Generales<br \/>\nDimensiones del dispositivo L171.08 mm \u00d7 W76.50 mm \u00d7 H100.06 mm<br \/>\nMaterial del producto ABS<br \/>\nLongitud del cable de carga 1 metro<br \/>\nCarga y Alimentaci\u00f3n<br \/>\nVoltaje de entrada DC 5V<br \/>\nCorriente en espera 5 mA<br \/>\nInterfaz de carga de la base Tipo C<br \/>\nControladores de carga Interfaz de 4 pines<br \/>\nCompatibilidad de carga Compatible con todos los cargadores Tipo C<br \/>\nTiempo de carga 2.5 \u2013 3 horas (dependiendo del cargador)<\/p>\n","protected":false},"excerpt":{"rendered":"<p>Especificaciones Generales Dimensiones del dispositivo L171.08 mm \u00d7 W76.50 mm \u00d7 H100.06 mm Material del producto ABS Longitud del cable de carga 1 metro Carga y Alimentaci\u00f3n Voltaje de entrada DC 5V Corriente en espera 5 mA Interfaz de carga de la base Tipo C Controladores de carga Interfaz de 4 pines Compatibilidad de carga [&hellip;]<\/p>\n","protected":false},"featured_media":49586,"comment_status":"open","ping_status":"closed","template":"","meta":{"_uag_custom_page_level_css":""},"product_brand":[565,572],"product_cat":[111],"product_tag":[],"class_list":{"0":"post-49585","1":"product","2":"type-product","3":"status-publish","4":"has-post-thumbnail","6":"product_brand-raptor","7":"product_brand-raptor-gaming","8":"product_cat-joystick","10":"first","11":"instock","12":"sale","13":"taxable","14":"shipping-taxable","15":"purchasable","16":"product-type-simple"},"uagb_featured_image_src":{"full":["https:\/\/rms-enlinea.com.ar\/wp-content\/uploads\/2025\/06\/D_798473-MLA85972958370_062025-F.jpg",701,517,false],"thumbnail":["https:\/\/rms-enlinea.com.ar\/wp-content\/uploads\/2025\/06\/D_798473-MLA85972958370_062025-F-150x150.jpg",150,150,true],"medium":["https:\/\/rms-enlinea.com.ar\/wp-content\/uploads\/2025\/06\/D_798473-MLA85972958370_062025-F-300x221.jpg",300,221,true],"medium_large":["https:\/\/rms-enlinea.com.ar\/wp-content\/uploads\/2025\/06\/D_798473-MLA85972958370_062025-F.jpg",701,517,false],"large":["https:\/\/rms-enlinea.com.ar\/wp-content\/uploads\/2025\/06\/D_798473-MLA85972958370_062025-F.jpg",701,517,false],"1536x1536":["https:\/\/rms-enlinea.com.ar\/wp-content\/uploads\/2025\/06\/D_798473-MLA85972958370_062025-F.jpg",701,517,false],"2048x2048":["https:\/\/rms-enlinea.com.ar\/wp-content\/uploads\/2025\/06\/D_798473-MLA85972958370_062025-F.jpg",701,517,false],"woocommerce_thumbnail":["https:\/\/rms-enlinea.com.ar\/wp-content\/uploads\/2025\/06\/D_798473-MLA85972958370_062025-F-450x450.jpg",450,450,true],"woocommerce_single":["https:\/\/rms-enlinea.com.ar\/wp-content\/uploads\/2025\/06\/D_798473-MLA85972958370_062025-F-600x443.jpg",600,443,true],"woocommerce_gallery_thumbnail":["https:\/\/rms-enlinea.com.ar\/wp-content\/uploads\/2025\/06\/D_798473-MLA85972958370_062025-F-100x100.jpg",100,100,true]},"uagb_author_info":{"display_name":"mario","author_link":"https:\/\/rms-enlinea.com.ar\/tienda\/author\/"},"uagb_comment_info":0,"uagb_excerpt":"Especificaciones Generales Dimensiones del dispositivo L171.08 mm \u00d7 W76.50 mm \u00d7 H100.06 mm Material del producto ABS Longitud del cable de carga 1 metro Carga y Alimentaci\u00f3n Voltaje de entrada DC 5V Corriente en espera 5 mA Interfaz de carga de la base Tipo C Controladores de carga Interfaz de 4 pines Compatibilidad de carga&hellip;","_links":{"self":[{"href":"https:\/\/rms-enlinea.com.ar\/tienda\/wp-json\/wp\/v2\/product\/49585","targetHints":{"allow":["GET"]}}],"collection":[{"href":"https:\/\/rms-enlinea.com.ar\/tienda\/wp-json\/wp\/v2\/product"}],"about":[{"href":"https:\/\/rms-enlinea.com.ar\/tienda\/wp-json\/wp\/v2\/types\/product"}],"replies":[{"embeddable":true,"href":"https:\/\/rms-enlinea.com.ar\/tienda\/wp-json\/wp\/v2\/comments?post=49585"}],"wp:featuredmedia":[{"embeddable":true,"href":"https:\/\/rms-enlinea.com.ar\/tienda\/wp-json\/wp\/v2\/media\/49586"}],"wp:attachment":[{"href":"https:\/\/rms-enlinea.com.ar\/tienda\/wp-json\/wp\/v2\/media?parent=49585"}],"wp:term":[{"taxonomy":"product_brand","embeddable":true,"href":"https:\/\/rms-enlinea.com.ar\/tienda\/wp-json\/wp\/v2\/product_brand?post=49585"},{"taxonomy":"product_cat","embeddable":true,"href":"https:\/\/rms-enlinea.com.ar\/tienda\/wp-json\/wp\/v2\/product_cat?post=49585"},{"taxonomy":"product_tag","embeddable":true,"href":"https:\/\/rms-enlinea.com.ar\/tienda\/wp-json\/wp\/v2\/product_tag?post=49585"}],"curies":[{"name":"wp","href":"https:\/\/api.w.org\/{rel}","templated":true}]}}