{"id":49589,"date":"2025-06-19T15:04:42","date_gmt":"2025-06-19T18:04:42","guid":{"rendered":"https:\/\/rms-enlinea.com.ar\/tienda\/producto\/joystick-gamer-inalambrico-raptor-apex-pc-ps3-ps4\/"},"modified":"2026-04-02T19:21:03","modified_gmt":"2026-04-02T22:21:03","slug":"joystick-gamer-inalambrico-raptor-apex-pc-ps3-ps4","status":"publish","type":"product","link":"https:\/\/rms-enlinea.com.ar\/tienda\/producto\/joystick-gamer-inalambrico-raptor-apex-pc-ps3-ps4\/","title":{"rendered":"Joystick Inal\u00e1mbrico Raptor Apex Para Pc\/ps3\/ps4"},"content":{"rendered":"<p>Especificaciones Generales<br \/>\nModelo RAP-CONTROL-WIRELESS-PC-PS<br \/>\nCompatible con P3 \/ P4 \/ PC (Windows 7, 8, 10)<br \/>\nConexi\u00f3n BT 4.0<br \/>\nInterfaz del cable Micro USB<br \/>\nTama\u00f1o del paquete 166 \u00d7 70 \u00d7 118 mm<br \/>\nBater\u00eda y Energ\u00eda<br \/>\nCapacidad de la bater\u00eda 600 mAh<br \/>\nCorriente de trabajo 20 mA<br \/>\nVoltaje de trabajo 3.7 V<br \/>\nVoltaje de entrada 5 V<br \/>\nCorriente de entrada 1:00 a. m.<br \/>\nTiempo de uso continuo &gt;8 horas<br \/>\nTiempo de carga Aprox. 3 horas<\/p>\n","protected":false},"excerpt":{"rendered":"<p>Especificaciones Generales Modelo RAP-CONTROL-WIRELESS-PC-PS Compatible con P3 \/ P4 \/ PC (Windows 7, 8, 10) Conexi\u00f3n BT 4.0 Interfaz del cable Micro USB Tama\u00f1o del paquete 166 \u00d7 70 \u00d7 118 mm Bater\u00eda y Energ\u00eda Capacidad de la bater\u00eda 600 mAh Corriente de trabajo 20 mA Voltaje de trabajo 3.7 V Voltaje de entrada 5 [&hellip;]<\/p>\n","protected":false},"featured_media":49590,"comment_status":"open","ping_status":"closed","template":"","meta":{"_uag_custom_page_level_css":""},"product_brand":[565,572],"product_cat":[111],"product_tag":[],"class_list":{"0":"post-49589","1":"product","2":"type-product","3":"status-publish","4":"has-post-thumbnail","6":"product_brand-raptor","7":"product_brand-raptor-gaming","8":"product_cat-joystick","10":"first","11":"outofstock","12":"sale","13":"taxable","14":"shipping-taxable","15":"purchasable","16":"product-type-simple"},"uagb_featured_image_src":{"full":["https:\/\/rms-enlinea.com.ar\/wp-content\/uploads\/2025\/06\/D_965715-MLA85977638420_062025-F.jpg",513,356,false],"thumbnail":["https:\/\/rms-enlinea.com.ar\/wp-content\/uploads\/2025\/06\/D_965715-MLA85977638420_062025-F-150x150.jpg",150,150,true],"medium":["https:\/\/rms-enlinea.com.ar\/wp-content\/uploads\/2025\/06\/D_965715-MLA85977638420_062025-F-300x208.jpg",300,208,true],"medium_large":["https:\/\/rms-enlinea.com.ar\/wp-content\/uploads\/2025\/06\/D_965715-MLA85977638420_062025-F.jpg",513,356,false],"large":["https:\/\/rms-enlinea.com.ar\/wp-content\/uploads\/2025\/06\/D_965715-MLA85977638420_062025-F.jpg",513,356,false],"1536x1536":["https:\/\/rms-enlinea.com.ar\/wp-content\/uploads\/2025\/06\/D_965715-MLA85977638420_062025-F.jpg",513,356,false],"2048x2048":["https:\/\/rms-enlinea.com.ar\/wp-content\/uploads\/2025\/06\/D_965715-MLA85977638420_062025-F.jpg",513,356,false],"woocommerce_thumbnail":["https:\/\/rms-enlinea.com.ar\/wp-content\/uploads\/2025\/06\/D_965715-MLA85977638420_062025-F-450x356.jpg",450,356,true],"woocommerce_single":["https:\/\/rms-enlinea.com.ar\/wp-content\/uploads\/2025\/06\/D_965715-MLA85977638420_062025-F.jpg",513,356,false],"woocommerce_gallery_thumbnail":["https:\/\/rms-enlinea.com.ar\/wp-content\/uploads\/2025\/06\/D_965715-MLA85977638420_062025-F-100x100.jpg",100,100,true]},"uagb_author_info":{"display_name":"mario","author_link":"https:\/\/rms-enlinea.com.ar\/tienda\/author\/"},"uagb_comment_info":0,"uagb_excerpt":"Especificaciones Generales Modelo RAP-CONTROL-WIRELESS-PC-PS Compatible con P3 \/ P4 \/ PC (Windows 7, 8, 10) Conexi\u00f3n BT 4.0 Interfaz del cable Micro USB Tama\u00f1o del paquete 166 \u00d7 70 \u00d7 118 mm Bater\u00eda y Energ\u00eda Capacidad de la bater\u00eda 600 mAh Corriente de trabajo 20 mA Voltaje de trabajo 3.7 V Voltaje de entrada 5&hellip;","_links":{"self":[{"href":"https:\/\/rms-enlinea.com.ar\/tienda\/wp-json\/wp\/v2\/product\/49589","targetHints":{"allow":["GET"]}}],"collection":[{"href":"https:\/\/rms-enlinea.com.ar\/tienda\/wp-json\/wp\/v2\/product"}],"about":[{"href":"https:\/\/rms-enlinea.com.ar\/tienda\/wp-json\/wp\/v2\/types\/product"}],"replies":[{"embeddable":true,"href":"https:\/\/rms-enlinea.com.ar\/tienda\/wp-json\/wp\/v2\/comments?post=49589"}],"wp:featuredmedia":[{"embeddable":true,"href":"https:\/\/rms-enlinea.com.ar\/tienda\/wp-json\/wp\/v2\/media\/49590"}],"wp:attachment":[{"href":"https:\/\/rms-enlinea.com.ar\/tienda\/wp-json\/wp\/v2\/media?parent=49589"}],"wp:term":[{"taxonomy":"product_brand","embeddable":true,"href":"https:\/\/rms-enlinea.com.ar\/tienda\/wp-json\/wp\/v2\/product_brand?post=49589"},{"taxonomy":"product_cat","embeddable":true,"href":"https:\/\/rms-enlinea.com.ar\/tienda\/wp-json\/wp\/v2\/product_cat?post=49589"},{"taxonomy":"product_tag","embeddable":true,"href":"https:\/\/rms-enlinea.com.ar\/tienda\/wp-json\/wp\/v2\/product_tag?post=49589"}],"curies":[{"name":"wp","href":"https:\/\/api.w.org\/{rel}","templated":true}]}}