{"id":49594,"date":"2025-06-19T15:04:56","date_gmt":"2025-06-19T18:04:56","guid":{"rendered":"https:\/\/rms-enlinea.com.ar\/tienda\/producto\/pasta-termica-raptor-ice-conductividad-termica-8-3w-m-k\/"},"modified":"2026-03-30T10:40:27","modified_gmt":"2026-03-30T13:40:27","slug":"pasta-termica-raptor-ice-conductividad-termica-8-3w-m-k","status":"publish","type":"product","link":"https:\/\/rms-enlinea.com.ar\/tienda\/producto\/pasta-termica-raptor-ice-conductividad-termica-8-3w-m-k\/","title":{"rendered":"Pasta Termica Raptor Ice Conductividad Termica 8.3w\/m-k"},"content":{"rendered":"<p>Caracter\u00edsticas<br \/>\nRendimiento Extremo<br \/>\nAplicaci\u00f3n Sencilla<br \/>\nA Base de Silicona<br \/>\nComponentes no Peligrosos<br \/>\nSin Conductividad El\u00e9ctrica<br \/>\nMateriales Ecol\u00f3gicos<br \/>\nRendimiento Fiable bajo altas temperaturas<br \/>\nEspecificaciones<br \/>\nConductividad T\u00e9rmica &gt;8,3w\/m-K<br \/>\nGravedad Especifica &gt;3,65<br \/>\nRango de Temperatura -50\u00b0C &#8211; 150\u00b0C<br \/>\nImpedancia T\u00e9rmica &lt;0.0014<\/p>\n","protected":false},"excerpt":{"rendered":"<p>Caracter\u00edsticas Rendimiento Extremo Aplicaci\u00f3n Sencilla A Base de Silicona Componentes no Peligrosos Sin Conductividad El\u00e9ctrica Materiales Ecol\u00f3gicos Rendimiento Fiable bajo altas temperaturas Especificaciones Conductividad T\u00e9rmica &gt;8,3w\/m-K Gravedad Especifica &gt;3,65 Rango de Temperatura -50\u00b0C &#8211; 150\u00b0C Impedancia T\u00e9rmica &lt;0.0014<\/p>\n","protected":false},"featured_media":49595,"comment_status":"open","ping_status":"closed","template":"","meta":{"_uag_custom_page_level_css":""},"product_brand":[565,572],"product_cat":[463],"product_tag":[],"class_list":{"0":"post-49594","1":"product","2":"type-product","3":"status-publish","4":"has-post-thumbnail","6":"product_brand-raptor","7":"product_brand-raptor-gaming","8":"product_cat-mantenimiento","10":"first","11":"instock","12":"sale","13":"taxable","14":"shipping-taxable","15":"purchasable","16":"product-type-simple"},"uagb_featured_image_src":{"full":["https:\/\/rms-enlinea.com.ar\/wp-content\/uploads\/2025\/06\/D_638458-MLA85982037422_062025-F.jpg",190,596,false],"thumbnail":["https:\/\/rms-enlinea.com.ar\/wp-content\/uploads\/2025\/06\/D_638458-MLA85982037422_062025-F-150x150.jpg",150,150,true],"medium":["https:\/\/rms-enlinea.com.ar\/wp-content\/uploads\/2025\/06\/D_638458-MLA85982037422_062025-F-96x300.jpg",96,300,true],"medium_large":["https:\/\/rms-enlinea.com.ar\/wp-content\/uploads\/2025\/06\/D_638458-MLA85982037422_062025-F.jpg",190,596,false],"large":["https:\/\/rms-enlinea.com.ar\/wp-content\/uploads\/2025\/06\/D_638458-MLA85982037422_062025-F.jpg",190,596,false],"1536x1536":["https:\/\/rms-enlinea.com.ar\/wp-content\/uploads\/2025\/06\/D_638458-MLA85982037422_062025-F.jpg",190,596,false],"2048x2048":["https:\/\/rms-enlinea.com.ar\/wp-content\/uploads\/2025\/06\/D_638458-MLA85982037422_062025-F.jpg",190,596,false],"woocommerce_thumbnail":["https:\/\/rms-enlinea.com.ar\/wp-content\/uploads\/2025\/06\/D_638458-MLA85982037422_062025-F-190x450.jpg",190,450,true],"woocommerce_single":["https:\/\/rms-enlinea.com.ar\/wp-content\/uploads\/2025\/06\/D_638458-MLA85982037422_062025-F.jpg",190,596,false],"woocommerce_gallery_thumbnail":["https:\/\/rms-enlinea.com.ar\/wp-content\/uploads\/2025\/06\/D_638458-MLA85982037422_062025-F-100x100.jpg",100,100,true]},"uagb_author_info":{"display_name":"mario","author_link":"https:\/\/rms-enlinea.com.ar\/tienda\/author\/"},"uagb_comment_info":0,"uagb_excerpt":"Caracter\u00edsticas Rendimiento Extremo Aplicaci\u00f3n Sencilla A Base de Silicona Componentes no Peligrosos Sin Conductividad El\u00e9ctrica Materiales Ecol\u00f3gicos Rendimiento Fiable bajo altas temperaturas Especificaciones Conductividad T\u00e9rmica &gt;8,3w\/m-K Gravedad Especifica &gt;3,65 Rango de Temperatura -50\u00b0C &#8211; 150\u00b0C Impedancia T\u00e9rmica &lt;0.0014","_links":{"self":[{"href":"https:\/\/rms-enlinea.com.ar\/tienda\/wp-json\/wp\/v2\/product\/49594","targetHints":{"allow":["GET"]}}],"collection":[{"href":"https:\/\/rms-enlinea.com.ar\/tienda\/wp-json\/wp\/v2\/product"}],"about":[{"href":"https:\/\/rms-enlinea.com.ar\/tienda\/wp-json\/wp\/v2\/types\/product"}],"replies":[{"embeddable":true,"href":"https:\/\/rms-enlinea.com.ar\/tienda\/wp-json\/wp\/v2\/comments?post=49594"}],"wp:featuredmedia":[{"embeddable":true,"href":"https:\/\/rms-enlinea.com.ar\/tienda\/wp-json\/wp\/v2\/media\/49595"}],"wp:attachment":[{"href":"https:\/\/rms-enlinea.com.ar\/tienda\/wp-json\/wp\/v2\/media?parent=49594"}],"wp:term":[{"taxonomy":"product_brand","embeddable":true,"href":"https:\/\/rms-enlinea.com.ar\/tienda\/wp-json\/wp\/v2\/product_brand?post=49594"},{"taxonomy":"product_cat","embeddable":true,"href":"https:\/\/rms-enlinea.com.ar\/tienda\/wp-json\/wp\/v2\/product_cat?post=49594"},{"taxonomy":"product_tag","embeddable":true,"href":"https:\/\/rms-enlinea.com.ar\/tienda\/wp-json\/wp\/v2\/product_tag?post=49594"}],"curies":[{"name":"wp","href":"https:\/\/api.w.org\/{rel}","templated":true}]}}