{"id":49599,"date":"2025-06-19T15:05:07","date_gmt":"2025-06-19T18:05:07","guid":{"rendered":"https:\/\/rms-enlinea.com.ar\/tienda\/producto\/microfono-raptor-vox-rgb-usb-para-streaming\/"},"modified":"2026-04-21T07:14:45","modified_gmt":"2026-04-21T10:14:45","slug":"microfono-raptor-vox-rgb-usb-para-streaming","status":"publish","type":"product","link":"https:\/\/rms-enlinea.com.ar\/tienda\/producto\/microfono-raptor-vox-rgb-usb-para-streaming\/","title":{"rendered":"Microfono Raptor Vox Rgb Usb Para Streaming"},"content":{"rendered":"<p>Modelo: RAP-MICRO-RGB-USB<\/p>\n<p>Largo de cable: 1.8 metros.<\/p>\n<p>Tipo de Micr\u00f3fono: direccional en forma de coraz\u00f3n.<\/p>\n<p>Tensi\u00f3n\/corriente de funcionamiento: DCSV\/100 Ma<\/p>\n<p>Micr\u00f3fono capacitivo: de 14MM<\/p>\n<p>Sensibilidad: -40Db 3Db<\/p>\n<p>Relaci\u00f3n se\u00f1al\/ruido: 80dB Respuesta<\/p>\n<p>Frecuencia: 30HZ- 20khz<\/p>\n<p>Frecuencia de muestreo: 48khz-192khz<\/p>\n<p>Modo de conexi\u00f3n: USB\/Tipo-C<\/p>\n<p>COMPATIBILIDAD: <br \/>PC: Windows 7\/8\/10\/11<\/p>\n<p>Tel\u00e9fono m\u00f3vil: above Android 6.0 o above IOS 9.0 o Harmony Os 1.0<\/p>\n<p>MAC: mac iOS above 10.10<\/p>\n<p>USB: 1.1\/2.0\/3.0<\/p>\n","protected":false},"excerpt":{"rendered":"<p>Modelo: RAP-MICRO-RGB-USB Largo de cable: 1.8 metros. Tipo de Micr\u00f3fono: direccional en forma de coraz\u00f3n. Tensi\u00f3n\/corriente de funcionamiento: DCSV\/100 Ma Micr\u00f3fono capacitivo: de 14MM Sensibilidad: -40Db 3Db Relaci\u00f3n se\u00f1al\/ruido: 80dB Respuesta Frecuencia: 30HZ- 20khz Frecuencia de muestreo: 48khz-192khz Modo de conexi\u00f3n: USB\/Tipo-C COMPATIBILIDAD: PC: Windows 7\/8\/10\/11 Tel\u00e9fono m\u00f3vil: above Android 6.0 o above IOS 9.0 [&hellip;]<\/p>\n","protected":false},"featured_media":49600,"comment_status":"open","ping_status":"closed","template":"","meta":{"_uag_custom_page_level_css":""},"product_brand":[565,572],"product_cat":[75],"product_tag":[],"class_list":{"0":"post-49599","1":"product","2":"type-product","3":"status-publish","4":"has-post-thumbnail","6":"product_brand-raptor","7":"product_brand-raptor-gaming","8":"product_cat-microfonos","10":"first","11":"outofstock","12":"sale","13":"taxable","14":"shipping-taxable","15":"purchasable","16":"product-type-simple"},"uagb_featured_image_src":{"full":["https:\/\/rms-enlinea.com.ar\/wp-content\/uploads\/2025\/06\/D_642317-MLA86297271205_062025-F.jpg",365,647,false],"thumbnail":["https:\/\/rms-enlinea.com.ar\/wp-content\/uploads\/2025\/06\/D_642317-MLA86297271205_062025-F-150x150.jpg",150,150,true],"medium":["https:\/\/rms-enlinea.com.ar\/wp-content\/uploads\/2025\/06\/D_642317-MLA86297271205_062025-F-169x300.jpg",169,300,true],"medium_large":["https:\/\/rms-enlinea.com.ar\/wp-content\/uploads\/2025\/06\/D_642317-MLA86297271205_062025-F.jpg",365,647,false],"large":["https:\/\/rms-enlinea.com.ar\/wp-content\/uploads\/2025\/06\/D_642317-MLA86297271205_062025-F.jpg",365,647,false],"1536x1536":["https:\/\/rms-enlinea.com.ar\/wp-content\/uploads\/2025\/06\/D_642317-MLA86297271205_062025-F.jpg",365,647,false],"2048x2048":["https:\/\/rms-enlinea.com.ar\/wp-content\/uploads\/2025\/06\/D_642317-MLA86297271205_062025-F.jpg",365,647,false],"woocommerce_thumbnail":["https:\/\/rms-enlinea.com.ar\/wp-content\/uploads\/2025\/06\/D_642317-MLA86297271205_062025-F-365x450.jpg",365,450,true],"woocommerce_single":["https:\/\/rms-enlinea.com.ar\/wp-content\/uploads\/2025\/06\/D_642317-MLA86297271205_062025-F.jpg",365,647,false],"woocommerce_gallery_thumbnail":["https:\/\/rms-enlinea.com.ar\/wp-content\/uploads\/2025\/06\/D_642317-MLA86297271205_062025-F-100x100.jpg",100,100,true]},"uagb_author_info":{"display_name":"mario","author_link":"https:\/\/rms-enlinea.com.ar\/tienda\/author\/"},"uagb_comment_info":0,"uagb_excerpt":"Modelo: RAP-MICRO-RGB-USB Largo de cable: 1.8 metros. Tipo de Micr\u00f3fono: direccional en forma de coraz\u00f3n. Tensi\u00f3n\/corriente de funcionamiento: DCSV\/100 Ma Micr\u00f3fono capacitivo: de 14MM Sensibilidad: -40Db 3Db Relaci\u00f3n se\u00f1al\/ruido: 80dB Respuesta Frecuencia: 30HZ- 20khz Frecuencia de muestreo: 48khz-192khz Modo de conexi\u00f3n: USB\/Tipo-C COMPATIBILIDAD: PC: Windows 7\/8\/10\/11 Tel\u00e9fono m\u00f3vil: above Android 6.0 o above IOS 9.0&hellip;","_links":{"self":[{"href":"https:\/\/rms-enlinea.com.ar\/tienda\/wp-json\/wp\/v2\/product\/49599","targetHints":{"allow":["GET"]}}],"collection":[{"href":"https:\/\/rms-enlinea.com.ar\/tienda\/wp-json\/wp\/v2\/product"}],"about":[{"href":"https:\/\/rms-enlinea.com.ar\/tienda\/wp-json\/wp\/v2\/types\/product"}],"replies":[{"embeddable":true,"href":"https:\/\/rms-enlinea.com.ar\/tienda\/wp-json\/wp\/v2\/comments?post=49599"}],"wp:featuredmedia":[{"embeddable":true,"href":"https:\/\/rms-enlinea.com.ar\/tienda\/wp-json\/wp\/v2\/media\/49600"}],"wp:attachment":[{"href":"https:\/\/rms-enlinea.com.ar\/tienda\/wp-json\/wp\/v2\/media?parent=49599"}],"wp:term":[{"taxonomy":"product_brand","embeddable":true,"href":"https:\/\/rms-enlinea.com.ar\/tienda\/wp-json\/wp\/v2\/product_brand?post=49599"},{"taxonomy":"product_cat","embeddable":true,"href":"https:\/\/rms-enlinea.com.ar\/tienda\/wp-json\/wp\/v2\/product_cat?post=49599"},{"taxonomy":"product_tag","embeddable":true,"href":"https:\/\/rms-enlinea.com.ar\/tienda\/wp-json\/wp\/v2\/product_tag?post=49599"}],"curies":[{"name":"wp","href":"https:\/\/api.w.org\/{rel}","templated":true}]}}