{"id":49604,"date":"2025-06-19T15:11:13","date_gmt":"2025-06-19T18:11:13","guid":{"rendered":"https:\/\/rms-enlinea.com.ar\/tienda\/producto\/kit-x-2-mesh-tp-link-hx220-ax1800-wifi-6\/"},"modified":"2026-04-03T03:42:05","modified_gmt":"2026-04-03T06:42:05","slug":"kit-x-2-mesh-tp-link-hx220-ax1800-wifi-6","status":"publish","type":"product","link":"https:\/\/rms-enlinea.com.ar\/tienda\/producto\/kit-x-2-mesh-tp-link-hx220-ax1800-wifi-6\/","title":{"rendered":"Kit X 2 Mesh Tp-link Hx220 Ax1800 Wifi 6"},"content":{"rendered":"<p>El sistema TP-Link Deco AX1800 es la soluci\u00f3n definitiva para mejorar la conectividad de su hogar o negocio. Con su dise\u00f1o elegante en color blanco y un rendimiento que ofrece hasta 225 MB\/s, este dispositivo asegura una cobertura amplia y estable con tecnolog\u00eda Wi-Fi 6. Es ideal para quienes requieren una conexi\u00f3n robusta y r\u00e1pida en m\u00faltiples dispositivos al mismo tiempo, gracias a su funcionalidad de banda doble que gestiona eficientemente el tr\u00e1fico de datos.<\/p>\n<p>Equipado con un total de tres sat\u00e9lites, el Deco TL-HX220 permite expandir la se\u00f1al Wi-Fi de forma uniforme en todas las \u00e1reas de su espacio. La conexi\u00f3n PoE agregada simplifica el proceso de instalaci\u00f3n, mientras que las m\u00faltiples opciones de puertos LAN y WAN garantizan la flexibilidad que demanda un entorno moderno y conectado. Su control parental y firewall integrado proporcionan una capa adicional de seguridad, ideal para hogares con ni\u00f1os o en oficinas.<\/p>\n<p>No importa si est\u00e1 trabajando, jugando o transmitiendo contenido en alta definici\u00f3n, este sistema garantiza que la calidad de la conexi\u00f3n no se vea comprometida. Adem\u00e1s, la funci\u00f3n Adaptative QoS prioriza el tr\u00e1fico de internet para garantizar que las actividades m\u00e1s importantes tengan la velocidad necesaria. Con un rango de temperatura de funcionamiento entre 0 \u00b0C y 40 \u00b0C, el Deco TL-HX220 es confiable para diversas condiciones ambientales.<\/p>\n<p>En resumen, el TP-Link Deco AX1800 no solo mejora su conexi\u00f3n a internet, sino que tambi\u00e9n lo hace de manera segura y eficiente, adapt\u00e1ndose a las necesidades de cada usuario. Su dise\u00f1o compacta y atractivo, junto con sus avanzadas caracter\u00edsticas, lo hacen perfecto para aquellos que buscan calidad y rendimiento en su red dom\u00e9stica.<\/p>\n","protected":false},"excerpt":{"rendered":"<p>El sistema TP-Link Deco AX1800 es la soluci\u00f3n definitiva para mejorar la conectividad de su hogar o negocio. Con su dise\u00f1o elegante en color blanco y un rendimiento que ofrece hasta 225 MB\/s, este dispositivo asegura una cobertura amplia y estable con tecnolog\u00eda Wi-Fi 6. Es ideal para quienes requieren una conexi\u00f3n robusta y r\u00e1pida [&hellip;]<\/p>\n","protected":false},"featured_media":49605,"comment_status":"open","ping_status":"closed","template":"","meta":{"_uag_custom_page_level_css":""},"product_brand":[546],"product_cat":[122],"product_tag":[],"class_list":{"0":"post-49604","1":"product","2":"type-product","3":"status-publish","4":"has-post-thumbnail","6":"product_brand-tplink","7":"product_cat-redes-y-conectividad","9":"first","10":"instock","11":"sale","12":"taxable","13":"shipping-taxable","14":"purchasable","15":"product-type-simple"},"uagb_featured_image_src":{"full":["https:\/\/rms-enlinea.com.ar\/wp-content\/uploads\/2025\/06\/D_928408-MLA81816895745_012025-F.jpg",660,574,false],"thumbnail":["https:\/\/rms-enlinea.com.ar\/wp-content\/uploads\/2025\/06\/D_928408-MLA81816895745_012025-F-150x150.jpg",150,150,true],"medium":["https:\/\/rms-enlinea.com.ar\/wp-content\/uploads\/2025\/06\/D_928408-MLA81816895745_012025-F-300x261.jpg",300,261,true],"medium_large":["https:\/\/rms-enlinea.com.ar\/wp-content\/uploads\/2025\/06\/D_928408-MLA81816895745_012025-F.jpg",660,574,false],"large":["https:\/\/rms-enlinea.com.ar\/wp-content\/uploads\/2025\/06\/D_928408-MLA81816895745_012025-F.jpg",660,574,false],"1536x1536":["https:\/\/rms-enlinea.com.ar\/wp-content\/uploads\/2025\/06\/D_928408-MLA81816895745_012025-F.jpg",660,574,false],"2048x2048":["https:\/\/rms-enlinea.com.ar\/wp-content\/uploads\/2025\/06\/D_928408-MLA81816895745_012025-F.jpg",660,574,false],"woocommerce_thumbnail":["https:\/\/rms-enlinea.com.ar\/wp-content\/uploads\/2025\/06\/D_928408-MLA81816895745_012025-F-450x450.jpg",450,450,true],"woocommerce_single":["https:\/\/rms-enlinea.com.ar\/wp-content\/uploads\/2025\/06\/D_928408-MLA81816895745_012025-F-600x522.jpg",600,522,true],"woocommerce_gallery_thumbnail":["https:\/\/rms-enlinea.com.ar\/wp-content\/uploads\/2025\/06\/D_928408-MLA81816895745_012025-F-100x100.jpg",100,100,true]},"uagb_author_info":{"display_name":"nelson","author_link":"https:\/\/rms-enlinea.com.ar\/tienda\/author\/"},"uagb_comment_info":0,"uagb_excerpt":"El sistema TP-Link Deco AX1800 es la soluci\u00f3n definitiva para mejorar la conectividad de su hogar o negocio. Con su dise\u00f1o elegante en color blanco y un rendimiento que ofrece hasta 225 MB\/s, este dispositivo asegura una cobertura amplia y estable con tecnolog\u00eda Wi-Fi 6. Es ideal para quienes requieren una conexi\u00f3n robusta y r\u00e1pida&hellip;","_links":{"self":[{"href":"https:\/\/rms-enlinea.com.ar\/tienda\/wp-json\/wp\/v2\/product\/49604","targetHints":{"allow":["GET"]}}],"collection":[{"href":"https:\/\/rms-enlinea.com.ar\/tienda\/wp-json\/wp\/v2\/product"}],"about":[{"href":"https:\/\/rms-enlinea.com.ar\/tienda\/wp-json\/wp\/v2\/types\/product"}],"replies":[{"embeddable":true,"href":"https:\/\/rms-enlinea.com.ar\/tienda\/wp-json\/wp\/v2\/comments?post=49604"}],"wp:featuredmedia":[{"embeddable":true,"href":"https:\/\/rms-enlinea.com.ar\/tienda\/wp-json\/wp\/v2\/media\/49605"}],"wp:attachment":[{"href":"https:\/\/rms-enlinea.com.ar\/tienda\/wp-json\/wp\/v2\/media?parent=49604"}],"wp:term":[{"taxonomy":"product_brand","embeddable":true,"href":"https:\/\/rms-enlinea.com.ar\/tienda\/wp-json\/wp\/v2\/product_brand?post=49604"},{"taxonomy":"product_cat","embeddable":true,"href":"https:\/\/rms-enlinea.com.ar\/tienda\/wp-json\/wp\/v2\/product_cat?post=49604"},{"taxonomy":"product_tag","embeddable":true,"href":"https:\/\/rms-enlinea.com.ar\/tienda\/wp-json\/wp\/v2\/product_tag?post=49604"}],"curies":[{"name":"wp","href":"https:\/\/api.w.org\/{rel}","templated":true}]}}