{"id":49671,"date":"2025-06-19T15:16:40","date_gmt":"2025-06-19T18:16:40","guid":{"rendered":"https:\/\/rms-enlinea.com.ar\/tienda\/producto\/kit-teclado-y-mouse-cableado-kelyx-usb-oficina\/"},"modified":"2026-04-21T05:47:24","modified_gmt":"2026-04-21T08:47:24","slug":"kit-teclado-y-mouse-cableado-kelyx-usb-oficina","status":"publish","type":"product","link":"https:\/\/rms-enlinea.com.ar\/tienda\/producto\/kit-teclado-y-mouse-cableado-kelyx-usb-oficina\/","title":{"rendered":"Kit Teclado Y Mouse Cableado Kelyx Usb Oficina"},"content":{"rendered":"<p>Caracter\u00edsticas del Teclado Tacto agradable<br \/>\nTeclado num\u00e9rico aparte<br \/>\nSencillo y pr\u00e1ctico<br \/>\nCaracter\u00edsticas del Mouse Motor de seguimiento de alta precisi\u00f3n<br \/>\nChip \u00f3ptico DPI 1000<\/p>\n","protected":false},"excerpt":{"rendered":"<p>Caracter\u00edsticas del Teclado Tacto agradable Teclado num\u00e9rico aparte Sencillo y pr\u00e1ctico Caracter\u00edsticas del Mouse Motor de seguimiento de alta precisi\u00f3n Chip \u00f3ptico DPI 1000<\/p>\n","protected":false},"featured_media":49672,"comment_status":"open","ping_status":"closed","template":"","meta":{"_uag_custom_page_level_css":""},"product_brand":[571],"product_cat":[125],"product_tag":[],"class_list":{"0":"post-49671","1":"product","2":"type-product","3":"status-publish","4":"has-post-thumbnail","6":"product_brand-kelyx","7":"product_cat-teclados-y-mouses","9":"first","10":"outofstock","11":"sale","12":"taxable","13":"shipping-taxable","14":"purchasable","15":"product-type-simple"},"uagb_featured_image_src":{"full":["https:\/\/rms-enlinea.com.ar\/wp-content\/uploads\/2025\/06\/D_654524-MLA86051277970_062025-F.jpg",575,255,false],"thumbnail":["https:\/\/rms-enlinea.com.ar\/wp-content\/uploads\/2025\/06\/D_654524-MLA86051277970_062025-F-150x150.jpg",150,150,true],"medium":["https:\/\/rms-enlinea.com.ar\/wp-content\/uploads\/2025\/06\/D_654524-MLA86051277970_062025-F-300x133.jpg",300,133,true],"medium_large":["https:\/\/rms-enlinea.com.ar\/wp-content\/uploads\/2025\/06\/D_654524-MLA86051277970_062025-F.jpg",575,255,false],"large":["https:\/\/rms-enlinea.com.ar\/wp-content\/uploads\/2025\/06\/D_654524-MLA86051277970_062025-F.jpg",575,255,false],"1536x1536":["https:\/\/rms-enlinea.com.ar\/wp-content\/uploads\/2025\/06\/D_654524-MLA86051277970_062025-F.jpg",575,255,false],"2048x2048":["https:\/\/rms-enlinea.com.ar\/wp-content\/uploads\/2025\/06\/D_654524-MLA86051277970_062025-F.jpg",575,255,false],"woocommerce_thumbnail":["https:\/\/rms-enlinea.com.ar\/wp-content\/uploads\/2025\/06\/D_654524-MLA86051277970_062025-F-450x255.jpg",450,255,true],"woocommerce_single":["https:\/\/rms-enlinea.com.ar\/wp-content\/uploads\/2025\/06\/D_654524-MLA86051277970_062025-F.jpg",575,255,false],"woocommerce_gallery_thumbnail":["https:\/\/rms-enlinea.com.ar\/wp-content\/uploads\/2025\/06\/D_654524-MLA86051277970_062025-F-100x100.jpg",100,100,true]},"uagb_author_info":{"display_name":"mario","author_link":"https:\/\/rms-enlinea.com.ar\/tienda\/author\/"},"uagb_comment_info":0,"uagb_excerpt":"Caracter\u00edsticas del Teclado Tacto agradable Teclado num\u00e9rico aparte Sencillo y pr\u00e1ctico Caracter\u00edsticas del Mouse Motor de seguimiento de alta precisi\u00f3n Chip \u00f3ptico DPI 1000","_links":{"self":[{"href":"https:\/\/rms-enlinea.com.ar\/tienda\/wp-json\/wp\/v2\/product\/49671","targetHints":{"allow":["GET"]}}],"collection":[{"href":"https:\/\/rms-enlinea.com.ar\/tienda\/wp-json\/wp\/v2\/product"}],"about":[{"href":"https:\/\/rms-enlinea.com.ar\/tienda\/wp-json\/wp\/v2\/types\/product"}],"replies":[{"embeddable":true,"href":"https:\/\/rms-enlinea.com.ar\/tienda\/wp-json\/wp\/v2\/comments?post=49671"}],"wp:featuredmedia":[{"embeddable":true,"href":"https:\/\/rms-enlinea.com.ar\/tienda\/wp-json\/wp\/v2\/media\/49672"}],"wp:attachment":[{"href":"https:\/\/rms-enlinea.com.ar\/tienda\/wp-json\/wp\/v2\/media?parent=49671"}],"wp:term":[{"taxonomy":"product_brand","embeddable":true,"href":"https:\/\/rms-enlinea.com.ar\/tienda\/wp-json\/wp\/v2\/product_brand?post=49671"},{"taxonomy":"product_cat","embeddable":true,"href":"https:\/\/rms-enlinea.com.ar\/tienda\/wp-json\/wp\/v2\/product_cat?post=49671"},{"taxonomy":"product_tag","embeddable":true,"href":"https:\/\/rms-enlinea.com.ar\/tienda\/wp-json\/wp\/v2\/product_tag?post=49671"}],"curies":[{"name":"wp","href":"https:\/\/api.w.org\/{rel}","templated":true}]}}