{"id":49834,"date":"2025-06-19T15:27:32","date_gmt":"2025-06-19T18:27:32","guid":{"rendered":"https:\/\/rms-enlinea.com.ar\/tienda\/producto\/microfono-usb-para-grabacion-soporte-m-audio-vocalstudio\/"},"modified":"2026-04-13T10:40:47","modified_gmt":"2026-04-13T13:40:47","slug":"microfono-usb-para-grabacion-soporte-m-audio-vocalstudio","status":"publish","type":"product","link":"https:\/\/rms-enlinea.com.ar\/tienda\/producto\/microfono-usb-para-grabacion-soporte-m-audio-vocalstudio\/","title":{"rendered":"Microfono Usb Para Grabacion Soporte M-audio Vocalstudio"},"content":{"rendered":"<p>TIPO DE PRODUCTO: MICROFONO USB<br \/>\nGRABACI\u00d3N DE 16 BITS CON CALIDAD DE CD Y M\u00c1S ALL\u00c1: 44,1 O 48 KHZ<br \/>\nC\u00c1PSULA CARDIOIDE GRANDE DE 16 MM PROTEGIDA POR MALLA DE ALAMBRE<br \/>\nSENSIBILIDAD DE LA C\u00c1PSULA: -48 DB REF A 1V \/ PA<br \/>\nSALIDA EST\u00c9REO DE 1\/8 &#8220;PARA CONECTAR AURICULARES Y MONITOREO DE BAJA LATENCIA<br \/>\nCUERPO DE METAL DURADERO<br \/>\nCONECTOR USB<br \/>\nINDICADOR DE ENCENDIDO LED<br \/>\nINCLUYE SOPORTE DE MICR\u00d3FONO DE ESCRITORIO<br \/>\nINCLUYE ESTUCHE DE TRANSPORTE SUAVE<br \/>\nTAMA\u00d1O: 9.5 &#8220;X 2.8&#8243; POR 7.75 &#8221;<br \/>\nPESO: 3 LBS. (APROX.)<\/p>\n","protected":false},"excerpt":{"rendered":"<p>TIPO DE PRODUCTO: MICROFONO USB GRABACI\u00d3N DE 16 BITS CON CALIDAD DE CD Y M\u00c1S ALL\u00c1: 44,1 O 48 KHZ C\u00c1PSULA CARDIOIDE GRANDE DE 16 MM PROTEGIDA POR MALLA DE ALAMBRE SENSIBILIDAD DE LA C\u00c1PSULA: -48 DB REF A 1V \/ PA SALIDA EST\u00c9REO DE 1\/8 &#8220;PARA CONECTAR AURICULARES Y MONITOREO DE BAJA LATENCIA CUERPO [&hellip;]<\/p>\n","protected":false},"featured_media":49835,"comment_status":"open","ping_status":"closed","template":"","meta":{"_uag_custom_page_level_css":""},"product_brand":[534],"product_cat":[75],"product_tag":[],"class_list":{"0":"post-49834","1":"product","2":"type-product","3":"status-publish","4":"has-post-thumbnail","6":"product_brand-maudio","7":"product_cat-microfonos","9":"first","10":"instock","11":"sale","12":"taxable","13":"shipping-taxable","14":"purchasable","15":"product-type-simple"},"uagb_featured_image_src":{"full":["https:\/\/rms-enlinea.com.ar\/wp-content\/uploads\/2025\/06\/D_699343-MLA43048648982_082020-F.jpg",880,767,false],"thumbnail":["https:\/\/rms-enlinea.com.ar\/wp-content\/uploads\/2025\/06\/D_699343-MLA43048648982_082020-F-150x150.jpg",150,150,true],"medium":["https:\/\/rms-enlinea.com.ar\/wp-content\/uploads\/2025\/06\/D_699343-MLA43048648982_082020-F-300x261.jpg",300,261,true],"medium_large":["https:\/\/rms-enlinea.com.ar\/wp-content\/uploads\/2025\/06\/D_699343-MLA43048648982_082020-F-768x669.jpg",768,669,true],"large":["https:\/\/rms-enlinea.com.ar\/wp-content\/uploads\/2025\/06\/D_699343-MLA43048648982_082020-F.jpg",880,767,false],"1536x1536":["https:\/\/rms-enlinea.com.ar\/wp-content\/uploads\/2025\/06\/D_699343-MLA43048648982_082020-F.jpg",880,767,false],"2048x2048":["https:\/\/rms-enlinea.com.ar\/wp-content\/uploads\/2025\/06\/D_699343-MLA43048648982_082020-F.jpg",880,767,false],"woocommerce_thumbnail":["https:\/\/rms-enlinea.com.ar\/wp-content\/uploads\/2025\/06\/D_699343-MLA43048648982_082020-F-450x450.jpg",450,450,true],"woocommerce_single":["https:\/\/rms-enlinea.com.ar\/wp-content\/uploads\/2025\/06\/D_699343-MLA43048648982_082020-F-600x523.jpg",600,523,true],"woocommerce_gallery_thumbnail":["https:\/\/rms-enlinea.com.ar\/wp-content\/uploads\/2025\/06\/D_699343-MLA43048648982_082020-F-100x100.jpg",100,100,true]},"uagb_author_info":{"display_name":"mario","author_link":"https:\/\/rms-enlinea.com.ar\/tienda\/author\/"},"uagb_comment_info":0,"uagb_excerpt":"TIPO DE PRODUCTO: MICROFONO USB GRABACI\u00d3N DE 16 BITS CON CALIDAD DE CD Y M\u00c1S ALL\u00c1: 44,1 O 48 KHZ C\u00c1PSULA CARDIOIDE GRANDE DE 16 MM PROTEGIDA POR MALLA DE ALAMBRE SENSIBILIDAD DE LA C\u00c1PSULA: -48 DB REF A 1V \/ PA SALIDA EST\u00c9REO DE 1\/8 &#8220;PARA CONECTAR AURICULARES Y MONITOREO DE BAJA LATENCIA CUERPO&hellip;","_links":{"self":[{"href":"https:\/\/rms-enlinea.com.ar\/tienda\/wp-json\/wp\/v2\/product\/49834","targetHints":{"allow":["GET"]}}],"collection":[{"href":"https:\/\/rms-enlinea.com.ar\/tienda\/wp-json\/wp\/v2\/product"}],"about":[{"href":"https:\/\/rms-enlinea.com.ar\/tienda\/wp-json\/wp\/v2\/types\/product"}],"replies":[{"embeddable":true,"href":"https:\/\/rms-enlinea.com.ar\/tienda\/wp-json\/wp\/v2\/comments?post=49834"}],"wp:featuredmedia":[{"embeddable":true,"href":"https:\/\/rms-enlinea.com.ar\/tienda\/wp-json\/wp\/v2\/media\/49835"}],"wp:attachment":[{"href":"https:\/\/rms-enlinea.com.ar\/tienda\/wp-json\/wp\/v2\/media?parent=49834"}],"wp:term":[{"taxonomy":"product_brand","embeddable":true,"href":"https:\/\/rms-enlinea.com.ar\/tienda\/wp-json\/wp\/v2\/product_brand?post=49834"},{"taxonomy":"product_cat","embeddable":true,"href":"https:\/\/rms-enlinea.com.ar\/tienda\/wp-json\/wp\/v2\/product_cat?post=49834"},{"taxonomy":"product_tag","embeddable":true,"href":"https:\/\/rms-enlinea.com.ar\/tienda\/wp-json\/wp\/v2\/product_tag?post=49834"}],"curies":[{"name":"wp","href":"https:\/\/api.w.org\/{rel}","templated":true}]}}