{"id":49863,"date":"2025-06-19T15:28:28","date_gmt":"2025-06-19T18:28:28","guid":{"rendered":"https:\/\/rms-enlinea.com.ar\/tienda\/producto\/morsa-de-acero-para-iluminacion-efectos-led-xpro-m403i\/"},"modified":"2026-04-21T03:21:25","modified_gmt":"2026-04-21T06:21:25","slug":"morsa-de-acero-para-iluminacion-efectos-led-xpro-m403i","status":"publish","type":"product","link":"https:\/\/rms-enlinea.com.ar\/tienda\/producto\/morsa-de-acero-para-iluminacion-efectos-led-xpro-m403i\/","title":{"rendered":"Morsa De Acero Para Iluminacion Efectos Led Xpro M403i"},"content":{"rendered":"<p>MORSA PARA ILUMINACI\u00d3N DE AJUSTE LATERAL.<br \/>\nINCLUYE PROTECTOR DE CA\u00d1O PARA NO DA\u00d1AR EL LUGAR DONDE SE APLIQUE.<br \/>\nIDEAL PARA ILUMINACI\u00d3N EN STAGE.<br \/>\nPARA CA\u00d1O DE 2&#8243;<\/p>\n","protected":false},"excerpt":{"rendered":"<p>MORSA PARA ILUMINACI\u00d3N DE AJUSTE LATERAL. INCLUYE PROTECTOR DE CA\u00d1O PARA NO DA\u00d1AR EL LUGAR DONDE SE APLIQUE. IDEAL PARA ILUMINACI\u00d3N EN STAGE. PARA CA\u00d1O DE 2&#8243;<\/p>\n","protected":false},"featured_media":49864,"comment_status":"open","ping_status":"closed","template":"","meta":{"_uag_custom_page_level_css":""},"product_brand":[472],"product_cat":[95],"product_tag":[],"class_list":{"0":"post-49863","1":"product","2":"type-product","3":"status-publish","4":"has-post-thumbnail","6":"product_brand-xpro","7":"product_cat-morsas-clamps-y-lingas","9":"first","10":"outofstock","11":"sale","12":"taxable","13":"shipping-taxable","14":"purchasable","15":"product-type-simple"},"uagb_featured_image_src":{"full":["https:\/\/rms-enlinea.com.ar\/wp-content\/uploads\/2025\/06\/D_842650-MLA49975696858_052022-F.jpg",378,590,false],"thumbnail":["https:\/\/rms-enlinea.com.ar\/wp-content\/uploads\/2025\/06\/D_842650-MLA49975696858_052022-F-150x150.jpg",150,150,true],"medium":["https:\/\/rms-enlinea.com.ar\/wp-content\/uploads\/2025\/06\/D_842650-MLA49975696858_052022-F-192x300.jpg",192,300,true],"medium_large":["https:\/\/rms-enlinea.com.ar\/wp-content\/uploads\/2025\/06\/D_842650-MLA49975696858_052022-F.jpg",378,590,false],"large":["https:\/\/rms-enlinea.com.ar\/wp-content\/uploads\/2025\/06\/D_842650-MLA49975696858_052022-F.jpg",378,590,false],"1536x1536":["https:\/\/rms-enlinea.com.ar\/wp-content\/uploads\/2025\/06\/D_842650-MLA49975696858_052022-F.jpg",378,590,false],"2048x2048":["https:\/\/rms-enlinea.com.ar\/wp-content\/uploads\/2025\/06\/D_842650-MLA49975696858_052022-F.jpg",378,590,false],"woocommerce_thumbnail":["https:\/\/rms-enlinea.com.ar\/wp-content\/uploads\/2025\/06\/D_842650-MLA49975696858_052022-F-378x450.jpg",378,450,true],"woocommerce_single":["https:\/\/rms-enlinea.com.ar\/wp-content\/uploads\/2025\/06\/D_842650-MLA49975696858_052022-F.jpg",378,590,false],"woocommerce_gallery_thumbnail":["https:\/\/rms-enlinea.com.ar\/wp-content\/uploads\/2025\/06\/D_842650-MLA49975696858_052022-F-100x100.jpg",100,100,true]},"uagb_author_info":{"display_name":"mario","author_link":"https:\/\/rms-enlinea.com.ar\/tienda\/author\/"},"uagb_comment_info":0,"uagb_excerpt":"MORSA PARA ILUMINACI\u00d3N DE AJUSTE LATERAL. INCLUYE PROTECTOR DE CA\u00d1O PARA NO DA\u00d1AR EL LUGAR DONDE SE APLIQUE. IDEAL PARA ILUMINACI\u00d3N EN STAGE. PARA CA\u00d1O DE 2&#8243;","_links":{"self":[{"href":"https:\/\/rms-enlinea.com.ar\/tienda\/wp-json\/wp\/v2\/product\/49863","targetHints":{"allow":["GET"]}}],"collection":[{"href":"https:\/\/rms-enlinea.com.ar\/tienda\/wp-json\/wp\/v2\/product"}],"about":[{"href":"https:\/\/rms-enlinea.com.ar\/tienda\/wp-json\/wp\/v2\/types\/product"}],"replies":[{"embeddable":true,"href":"https:\/\/rms-enlinea.com.ar\/tienda\/wp-json\/wp\/v2\/comments?post=49863"}],"wp:featuredmedia":[{"embeddable":true,"href":"https:\/\/rms-enlinea.com.ar\/tienda\/wp-json\/wp\/v2\/media\/49864"}],"wp:attachment":[{"href":"https:\/\/rms-enlinea.com.ar\/tienda\/wp-json\/wp\/v2\/media?parent=49863"}],"wp:term":[{"taxonomy":"product_brand","embeddable":true,"href":"https:\/\/rms-enlinea.com.ar\/tienda\/wp-json\/wp\/v2\/product_brand?post=49863"},{"taxonomy":"product_cat","embeddable":true,"href":"https:\/\/rms-enlinea.com.ar\/tienda\/wp-json\/wp\/v2\/product_cat?post=49863"},{"taxonomy":"product_tag","embeddable":true,"href":"https:\/\/rms-enlinea.com.ar\/tienda\/wp-json\/wp\/v2\/product_tag?post=49863"}],"curies":[{"name":"wp","href":"https:\/\/api.w.org\/{rel}","templated":true}]}}