{"id":49916,"date":"2025-06-19T15:30:36","date_gmt":"2025-06-19T18:30:36","guid":{"rendered":"https:\/\/rms-enlinea.com.ar\/tienda\/producto\/consola-mixer-20-canales-xlr-12-mono-4-st-yamaha-mg20\/"},"modified":"2026-04-21T03:59:28","modified_gmt":"2026-04-21T06:59:28","slug":"consola-mixer-20-canales-xlr-12-mono-4-st-yamaha-mg20","status":"publish","type":"product","link":"https:\/\/rms-enlinea.com.ar\/tienda\/producto\/consola-mixer-20-canales-xlr-12-mono-4-st-yamaha-mg20\/","title":{"rendered":"Consola Mixer 20 Canales Xlr 12 Mono 4 St Yamaha Mg20"},"content":{"rendered":"<p>Yamaha inspira y potencia a quienes aman la m\u00fasica. Con sus productos, reconocidos a nivel mundial, das un paso al frente. Tus sue\u00f1os se hacen realidad de la mano de Yamaha.<\/p>\n<p>Alimentaci\u00f3n fantasma<br \/>\nLa alimentaci\u00f3n fantasma, o alimentaci\u00f3n phantom, proporciona corriente continua a los dispositivos que lo necesitan, por ejemplo un micr\u00f3fono. Este tipo de alimentaci\u00f3n hace que estos dispositivos se estandaricen y que sea m\u00e1s c\u00f3modo y pr\u00e1ctico el proceso de instalaci\u00f3n, ya que no requiere muchas fuentes de alimentaci\u00f3n separadas.<\/p>\n<p>Se\u00f1ales combinadas<br \/>\nSus 5 buses permiten combinar se\u00f1ales de distintas entradas y hacer sub-grupos de mezcla para aplicarlos en diferentes pistas<\/p>\n<p>YAMAHA MG SERIES MG20<br \/>\nCONSOLA MIXER DE 20 CANALES<\/p>\n<p>YAMAHA SIEMPRE SE HA ESFORZADO PARA QUE LOS INGENIEROS DE SONIDO PUEDAN TRABAJAR CON LA SE\u00d1AL M\u00c1S LIMPIA POSIBLE, EN LUGAR DE PROCESARLA O COLOREARLA PARA CONSEGUIR UN SONIDO \u201cCON SE\u00d1AS DE IDENTIDAD DE MARCA\u201d, Y LA SERIE MG NO ES UNA EXCEPCI\u00d3N. EXPONENTES DE ESTA FILOSOF\u00cdA DE SONIDO TRANSPARENTE, ESTAS MESAS DE MEZCLAS PROPORCIONAN UN NIVEL DE LIMPIEZA Y CALIDAD DE SONIDO INSUPERABLES EN MESAS DE SU CLASE.<\/p>\n<p>ESPECIFICACIONES<br \/>\nMESA DE MEZCLAS DE 20 CANALES<br \/>\nMAX 16 ENTRADAS DE MICRO\/20 DE L\u00cdNEA (12 MONO + 4 EST\u00c9REO)<br \/>\n4 BUSES DE GRUPO + 1 BUS EST\u00c9REO<br \/>\n4 ENV\u00cdOS AUX<br \/>\nPREAMPLIFICADORES DE MICRO \u201cD-PRE\u201d CON CIRCUITO DARLINGTON INVERTIDO<br \/>\nCOMPRESORES DE MANDO \u00daNICO<br \/>\nALIMENTACI\u00d3N PHANTOM +48 V<br \/>\nINTERRUPTOR DE ATENUACI\u00d3N (PAD) EN LAS ENTRADAS MONO<br \/>\nSALIDAS XLR BALANCEADAS<br \/>\nFUENTE DE ALIMENTACI\u00d3N INTERNA UNIVERSAL PARA PODER UTILIZAR LA MESA EN CUALQUIER PARTE DEL MUNDO<br \/>\nKIT PARA MONTAJE EN RACK INCLUIDO<br \/>\nCHASIS MET\u00c1LICO<\/p>\n<p>DIMENSIONES (ANCHO X ALTO X PROFUNDO): 444 X 130 X 500 MM<br \/>\nPESO NETO: 6,9 KG<\/p>\n","protected":false},"excerpt":{"rendered":"<p>Yamaha inspira y potencia a quienes aman la m\u00fasica. Con sus productos, reconocidos a nivel mundial, das un paso al frente. Tus sue\u00f1os se hacen realidad de la mano de Yamaha. Alimentaci\u00f3n fantasma La alimentaci\u00f3n fantasma, o alimentaci\u00f3n phantom, proporciona corriente continua a los dispositivos que lo necesitan, por ejemplo un micr\u00f3fono. Este tipo de [&hellip;]<\/p>\n","protected":false},"featured_media":49917,"comment_status":"open","ping_status":"closed","template":"","meta":{"_uag_custom_page_level_css":""},"product_brand":[496],"product_cat":[59],"product_tag":[],"class_list":{"0":"post-49916","1":"product","2":"type-product","3":"status-publish","4":"has-post-thumbnail","6":"product_brand-yamaha","7":"product_cat-consolas-y-mixers","9":"first","10":"outofstock","11":"sale","12":"taxable","13":"shipping-taxable","14":"purchasable","15":"product-type-simple"},"uagb_featured_image_src":{"full":["https:\/\/rms-enlinea.com.ar\/wp-content\/uploads\/2025\/06\/D_923584-MLA50914484896_072022-F.jpg",608,486,false],"thumbnail":["https:\/\/rms-enlinea.com.ar\/wp-content\/uploads\/2025\/06\/D_923584-MLA50914484896_072022-F-150x150.jpg",150,150,true],"medium":["https:\/\/rms-enlinea.com.ar\/wp-content\/uploads\/2025\/06\/D_923584-MLA50914484896_072022-F-300x240.jpg",300,240,true],"medium_large":["https:\/\/rms-enlinea.com.ar\/wp-content\/uploads\/2025\/06\/D_923584-MLA50914484896_072022-F.jpg",608,486,false],"large":["https:\/\/rms-enlinea.com.ar\/wp-content\/uploads\/2025\/06\/D_923584-MLA50914484896_072022-F.jpg",608,486,false],"1536x1536":["https:\/\/rms-enlinea.com.ar\/wp-content\/uploads\/2025\/06\/D_923584-MLA50914484896_072022-F.jpg",608,486,false],"2048x2048":["https:\/\/rms-enlinea.com.ar\/wp-content\/uploads\/2025\/06\/D_923584-MLA50914484896_072022-F.jpg",608,486,false],"woocommerce_thumbnail":["https:\/\/rms-enlinea.com.ar\/wp-content\/uploads\/2025\/06\/D_923584-MLA50914484896_072022-F-450x450.jpg",450,450,true],"woocommerce_single":["https:\/\/rms-enlinea.com.ar\/wp-content\/uploads\/2025\/06\/D_923584-MLA50914484896_072022-F-600x480.jpg",600,480,true],"woocommerce_gallery_thumbnail":["https:\/\/rms-enlinea.com.ar\/wp-content\/uploads\/2025\/06\/D_923584-MLA50914484896_072022-F-100x100.jpg",100,100,true]},"uagb_author_info":{"display_name":"mario","author_link":"https:\/\/rms-enlinea.com.ar\/tienda\/author\/"},"uagb_comment_info":0,"uagb_excerpt":"Yamaha inspira y potencia a quienes aman la m\u00fasica. Con sus productos, reconocidos a nivel mundial, das un paso al frente. Tus sue\u00f1os se hacen realidad de la mano de Yamaha. Alimentaci\u00f3n fantasma La alimentaci\u00f3n fantasma, o alimentaci\u00f3n phantom, proporciona corriente continua a los dispositivos que lo necesitan, por ejemplo un micr\u00f3fono. Este tipo de&hellip;","_links":{"self":[{"href":"https:\/\/rms-enlinea.com.ar\/tienda\/wp-json\/wp\/v2\/product\/49916","targetHints":{"allow":["GET"]}}],"collection":[{"href":"https:\/\/rms-enlinea.com.ar\/tienda\/wp-json\/wp\/v2\/product"}],"about":[{"href":"https:\/\/rms-enlinea.com.ar\/tienda\/wp-json\/wp\/v2\/types\/product"}],"replies":[{"embeddable":true,"href":"https:\/\/rms-enlinea.com.ar\/tienda\/wp-json\/wp\/v2\/comments?post=49916"}],"wp:featuredmedia":[{"embeddable":true,"href":"https:\/\/rms-enlinea.com.ar\/tienda\/wp-json\/wp\/v2\/media\/49917"}],"wp:attachment":[{"href":"https:\/\/rms-enlinea.com.ar\/tienda\/wp-json\/wp\/v2\/media?parent=49916"}],"wp:term":[{"taxonomy":"product_brand","embeddable":true,"href":"https:\/\/rms-enlinea.com.ar\/tienda\/wp-json\/wp\/v2\/product_brand?post=49916"},{"taxonomy":"product_cat","embeddable":true,"href":"https:\/\/rms-enlinea.com.ar\/tienda\/wp-json\/wp\/v2\/product_cat?post=49916"},{"taxonomy":"product_tag","embeddable":true,"href":"https:\/\/rms-enlinea.com.ar\/tienda\/wp-json\/wp\/v2\/product_tag?post=49916"}],"curies":[{"name":"wp","href":"https:\/\/api.w.org\/{rel}","templated":true}]}}