{"id":49957,"date":"2025-06-19T15:32:09","date_gmt":"2025-06-19T18:32:09","guid":{"rendered":"https:\/\/rms-enlinea.com.ar\/tienda\/producto\/consola-8-ch-efectos-ecualizador-mixer-ampro-black-ii-8\/"},"modified":"2026-04-11T08:41:15","modified_gmt":"2026-04-11T11:41:15","slug":"consola-8-ch-efectos-ecualizador-mixer-ampro-black-ii-8","status":"publish","type":"product","link":"https:\/\/rms-enlinea.com.ar\/tienda\/producto\/consola-8-ch-efectos-ecualizador-mixer-ampro-black-ii-8\/","title":{"rendered":"Consola 8 Ch Efectos Ecualizador Mixer Ampro Black Ii 8"},"content":{"rendered":"<p>MEZCLADORA ANAL\u00d3GICA CONFIABLE &#8211; 6 ENTRADAS MIC\/L\u00cdNEA, 1 EST\u00c9REO Y 1 MONO<br \/>\nBLACK II 8 ES LA SEGUNDA GENERACI\u00d3N DE MEZCLADORES BLACK, AHORA CON MAYOR PORTABILIDAD Y VERSATILIDAD. CUENTA CON 6 ENTRADAS DE MICR\u00d3FONO CON ALIMENTACI\u00d3N PHANTOM CONMUTABLE DE 48V Y 2 ENTRADAS DE L\u00cdNEA, UNA EST\u00c9REO Y UNA MONO. OFRECE CONEXI\u00d3N BLUETOOTH COMO AS\u00cd TAMBI\u00c9N UN PUERTO USB QUE SIRVE TANTO PARA GRABAR LA SE\u00d1AL DE SALIDA COMO PARA REPRODUCIR ARCHIVOS DE AUDIO. ESTA RENOVADA SERIE DE MEZCLADORES PERMITE TAMBI\u00c9N UN MANEJO PRECISO Y PROLIJO GRACIAS A SUS CONTROLES DE VOLUMEN INDEPENDIENTE, PANTALLA LCD DE CONTROL Y LOS INDICADORES LED DISPONIBLES PARA CADA CANAL. BLACK II 8 ES LA OPCI\u00d3N IDEAL PARA AQUELLAS PERSONAS QUE DESEAN GRABAR ACTUACIONES, PODCASTS, OBRAS, CONFERENCIAS O ENSAYOS BRIND\u00c1NDOLE AL USUARIO LA POSIBILIDAD DE TRABAJAR EN ARCHIVOS MP3, WMA, APE Y FLAC.<\/p>\n<p>GENERAL<br \/>\nENTRADAS: 6 MONO (MIC\/L\u00cdNEA) + 1 EST\u00c9REO (L\u00cdNEA) + 1 MONO (L\u00cdNEA)<br \/>\nSALIDAS: XLR L\/R + JACK 6.3<br \/>\nBUS EST\u00c9REO: 1<br \/>\nPOR CANAL:<br \/>\nLED PHANTOM POWER<br \/>\nINDICADORES DE PICO<br \/>\nINDICADORES DE SE\u00d1AL<br \/>\nINTERRUPTOR DE IMPEDANCIA<br \/>\nGANANCIA: -14- 40 DB<br \/>\nECUALIZADOR DE 2 BANDAS<br \/>\n80HZ\/12KHZ, \u00b1 15DB; 48V<br \/>\nNIVEL DE SALIDA M\u00c1XIMO: 3 VRMS<br \/>\nRESPUESTA DE FRECUENCIA: +0.5DB, 20000HZ;<br \/>\nRANGO DIN\u00c1MICO: 102DB<br \/>\nTHD+N @ 1KHZ: &lt;0.03%<br \/>\nEST\u00c9REO CROSSTALK: 92 DB<br \/>\nENTRADA EST\u00c9REO: INTERRUPTOR DE AJUSTE DE VOLUMEN Y AJUSTE DE BALANCE<\/p>\n<p>EFECTOS<br \/>\nPLACA DE GRABACI\u00d3N INTEGRADA<br \/>\nCONECTIVIDAD BLUETOOTH<br \/>\nSALIDAS XLR<br \/>\nEFECTO ECHO DIGITAL<br \/>\nGRABACI\u00d3N Y REPRODUCCI\u00d3N USB<br \/>\nCOMPATIBLE CON ARCHIVOS MP3, WMA, APE Y FLAC<br \/>\nCONEXI\u00d3N A PC DISPONIBLE PARA FUNCIONAR COMO INTERFAZ DE SONIDO<\/p>\n<p>F\u00cdSICO<br \/>\nPANTALLA LCD DE CONTROL<br \/>\nDIMENSIONES: 274X66X165 MM. \/ 10.8X2.6X6.5 PULG.<br \/>\nPESO: 1.45 KG \/ 3.2 LBS.<\/p>\n","protected":false},"excerpt":{"rendered":"<p>MEZCLADORA ANAL\u00d3GICA CONFIABLE &#8211; 6 ENTRADAS MIC\/L\u00cdNEA, 1 EST\u00c9REO Y 1 MONO BLACK II 8 ES LA SEGUNDA GENERACI\u00d3N DE MEZCLADORES BLACK, AHORA CON MAYOR PORTABILIDAD Y VERSATILIDAD. CUENTA CON 6 ENTRADAS DE MICR\u00d3FONO CON ALIMENTACI\u00d3N PHANTOM CONMUTABLE DE 48V Y 2 ENTRADAS DE L\u00cdNEA, UNA EST\u00c9REO Y UNA MONO. OFRECE CONEXI\u00d3N BLUETOOTH COMO AS\u00cd [&hellip;]<\/p>\n","protected":false},"featured_media":49958,"comment_status":"open","ping_status":"closed","template":"","meta":{"_uag_custom_page_level_css":""},"product_brand":[477],"product_cat":[59],"product_tag":[],"class_list":{"0":"post-49957","1":"product","2":"type-product","3":"status-publish","4":"has-post-thumbnail","6":"product_brand-ampro","7":"product_cat-consolas-y-mixers","9":"first","10":"outofstock","11":"sale","12":"taxable","13":"shipping-taxable","14":"purchasable","15":"product-type-simple"},"uagb_featured_image_src":{"full":["https:\/\/rms-enlinea.com.ar\/wp-content\/uploads\/2025\/06\/D_653976-MLA44312127755_122020-F.jpg",1164,617,false],"thumbnail":["https:\/\/rms-enlinea.com.ar\/wp-content\/uploads\/2025\/06\/D_653976-MLA44312127755_122020-F-150x150.jpg",150,150,true],"medium":["https:\/\/rms-enlinea.com.ar\/wp-content\/uploads\/2025\/06\/D_653976-MLA44312127755_122020-F-300x159.jpg",300,159,true],"medium_large":["https:\/\/rms-enlinea.com.ar\/wp-content\/uploads\/2025\/06\/D_653976-MLA44312127755_122020-F-768x407.jpg",768,407,true],"large":["https:\/\/rms-enlinea.com.ar\/wp-content\/uploads\/2025\/06\/D_653976-MLA44312127755_122020-F-1024x543.jpg",1024,543,true],"1536x1536":["https:\/\/rms-enlinea.com.ar\/wp-content\/uploads\/2025\/06\/D_653976-MLA44312127755_122020-F.jpg",1164,617,false],"2048x2048":["https:\/\/rms-enlinea.com.ar\/wp-content\/uploads\/2025\/06\/D_653976-MLA44312127755_122020-F.jpg",1164,617,false],"woocommerce_thumbnail":["https:\/\/rms-enlinea.com.ar\/wp-content\/uploads\/2025\/06\/D_653976-MLA44312127755_122020-F-450x450.jpg",450,450,true],"woocommerce_single":["https:\/\/rms-enlinea.com.ar\/wp-content\/uploads\/2025\/06\/D_653976-MLA44312127755_122020-F-600x318.jpg",600,318,true],"woocommerce_gallery_thumbnail":["https:\/\/rms-enlinea.com.ar\/wp-content\/uploads\/2025\/06\/D_653976-MLA44312127755_122020-F-100x100.jpg",100,100,true]},"uagb_author_info":{"display_name":"mario","author_link":"https:\/\/rms-enlinea.com.ar\/tienda\/author\/"},"uagb_comment_info":0,"uagb_excerpt":"MEZCLADORA ANAL\u00d3GICA CONFIABLE &#8211; 6 ENTRADAS MIC\/L\u00cdNEA, 1 EST\u00c9REO Y 1 MONO BLACK II 8 ES LA SEGUNDA GENERACI\u00d3N DE MEZCLADORES BLACK, AHORA CON MAYOR PORTABILIDAD Y VERSATILIDAD. CUENTA CON 6 ENTRADAS DE MICR\u00d3FONO CON ALIMENTACI\u00d3N PHANTOM CONMUTABLE DE 48V Y 2 ENTRADAS DE L\u00cdNEA, UNA EST\u00c9REO Y UNA MONO. OFRECE CONEXI\u00d3N BLUETOOTH COMO AS\u00cd&hellip;","_links":{"self":[{"href":"https:\/\/rms-enlinea.com.ar\/tienda\/wp-json\/wp\/v2\/product\/49957","targetHints":{"allow":["GET"]}}],"collection":[{"href":"https:\/\/rms-enlinea.com.ar\/tienda\/wp-json\/wp\/v2\/product"}],"about":[{"href":"https:\/\/rms-enlinea.com.ar\/tienda\/wp-json\/wp\/v2\/types\/product"}],"replies":[{"embeddable":true,"href":"https:\/\/rms-enlinea.com.ar\/tienda\/wp-json\/wp\/v2\/comments?post=49957"}],"wp:featuredmedia":[{"embeddable":true,"href":"https:\/\/rms-enlinea.com.ar\/tienda\/wp-json\/wp\/v2\/media\/49958"}],"wp:attachment":[{"href":"https:\/\/rms-enlinea.com.ar\/tienda\/wp-json\/wp\/v2\/media?parent=49957"}],"wp:term":[{"taxonomy":"product_brand","embeddable":true,"href":"https:\/\/rms-enlinea.com.ar\/tienda\/wp-json\/wp\/v2\/product_brand?post=49957"},{"taxonomy":"product_cat","embeddable":true,"href":"https:\/\/rms-enlinea.com.ar\/tienda\/wp-json\/wp\/v2\/product_cat?post=49957"},{"taxonomy":"product_tag","embeddable":true,"href":"https:\/\/rms-enlinea.com.ar\/tienda\/wp-json\/wp\/v2\/product_tag?post=49957"}],"curies":[{"name":"wp","href":"https:\/\/api.w.org\/{rel}","templated":true}]}}