{"id":49961,"date":"2025-06-19T15:32:17","date_gmt":"2025-06-19T18:32:17","guid":{"rendered":"https:\/\/rms-enlinea.com.ar\/tienda\/producto\/cabezal-movil-led-30w-prisma-tecshow-alfie-mini-spot-3\/"},"modified":"2026-04-21T06:00:26","modified_gmt":"2026-04-21T09:00:26","slug":"cabezal-movil-led-30w-prisma-tecshow-alfie-mini-spot-3","status":"publish","type":"product","link":"https:\/\/rms-enlinea.com.ar\/tienda\/producto\/cabezal-movil-led-30w-prisma-tecshow-alfie-mini-spot-3\/","title":{"rendered":"Cabezal Movil Led 30w Prisma Tecshow Alfie Mini Spot 3"},"content":{"rendered":"<p>CABEZAL M\u00d3VIL SPOT &#8211; LED BLANCO DE 30W<br \/>\nALFIE MINI SPOT 3 ES LA NUEVA VERSI\u00d3N DE NUESTRO CL\u00c1SICO CABEZAL M\u00d3VIL ALFIE MINI SPOT 2. POSEE AL IGUAL QUE SU ANTECESOR UN LED BLANCO DE 30W Y UN \u00c1NGULO DE HAZ DE 12\u00ba. LA UNIDAD SE DESTACA POR SU RELACI\u00d3N TAMA\u00d1O\/POTENCIA, BRINDANDO UN HAZ FUERTE Y DEFINIDO EN UN DISE\u00d1O COMPACTO, IDEAL PARA APLICACIONES DONDE LA PORTABILIDAD ES UN FACTOR DETERMINANTE. A LAS YA CONOCIDAS Y CL\u00c1SICAS FUNCIONES DE LA VERSI\u00d3N ANTERIOR, COMO LA RUEDA DE 7 FILTROS DICROICOS CON EFECTO ARCO\u00cdRIS, LA RUEDA CON 7 GOBOS ROTATIVOS Y EL DIMMER LINEAL 0-100%, ALFIE MINI SPOT 3 SUMA UN LENTE EXTRA CON PRISMA DE 3 FACETAS QUE BRINDA MAYOR CAPACIDAD DE OPERACI\u00d3N Y POSIBILIDADES AL USUARIO. CON MOVIMIENTOS R\u00c1PIDOS, EFECTO ESTROBO, 2 MODOS DMX Y 4 MODOS DE OPERACI\u00d3N, ESTE CABEZAL M\u00d3VIL ES UNA ALTERNATIVA VERS\u00c1TIL PARA LOS DESAF\u00cdOS DE TODOS LOS D\u00cdAS CON UNA POTENCIA QUE ASEGURA LA VISIBILIDAD DEL DISE\u00d1O.<br \/>\nFICHA<br \/>\nTECNICA<br \/>\nFUENTE &amp; \u00d3PTICA<br \/>\nFUENTE DE LUZ: 1 LED BLANCO DE 30W<br \/>\nVIDA \u00daTIL PROMEDIO: 50.000 HORAS<br \/>\n\u00c1NGULO DE HAZ: 12\u00ba<\/p>\n<p>INFORMACI\u00d3N FOTOM\u00c9TRICA<br \/>\nFLUJO LUM\u00cdNICO: 1,320 LUX @ 2M (6.5 FT.)<\/p>\n<p>EFECTOS Y FUNCIONES<br \/>\nLENTE EXTRA CON PRISMA DE 3 FACETAS<br \/>\nRUEDA DE COLOR: 7 FILTROS DICROICOS + ABIERTO, CON EFECTO ARCO\u00cdRIS<br \/>\nRUEDA DE GOBOS ROTATIVOS: 7 GOBOS ROTATIVOS + ABIERTO<br \/>\nGOBO SHAKE<br \/>\nDIMMER: RANGO COMPLETO 0-100%<br \/>\nEFECTO ESTROBO: 1-20HZ<\/p>\n<p>CONTROL<br \/>\n4 MODOS DE OPERACI\u00d3N: DMX, AUDIORITMICO, AUTOM\u00c1TICO Y MASTER\/SLAVE<br \/>\nCANALES DMX: 8\/10<br \/>\nRESETEO REMOTO DE LA UNIDAD<\/p>\n<p>MOVIMIENTO<br \/>\nPAN: 540\u00b0<br \/>\nTILT: 180\u00b0<br \/>\nPAN\/TILT FINOS<br \/>\nENCODER PARA REPOSICIONAMIENTO AUTOM\u00c1TICO<\/p>\n<p>F\u00cdSICO<br \/>\nCONECTORES DMX: 2 CONECTORES XLR (XLR-3 DE ENTRADA &amp; SALIDA)<br \/>\nCONECTOR DE ALIMENTACI\u00d3N<br \/>\nDISPLAY LED<br \/>\nDIMENSIONES: 157X145X253 MM. \/ 6.2X5.7X9.9 PULG.<br \/>\nPESO: 2.6 KG. \/ 5.7 LBS.<\/p>\n","protected":false},"excerpt":{"rendered":"<p>CABEZAL M\u00d3VIL SPOT &#8211; LED BLANCO DE 30W ALFIE MINI SPOT 3 ES LA NUEVA VERSI\u00d3N DE NUESTRO CL\u00c1SICO CABEZAL M\u00d3VIL ALFIE MINI SPOT 2. POSEE AL IGUAL QUE SU ANTECESOR UN LED BLANCO DE 30W Y UN \u00c1NGULO DE HAZ DE 12\u00ba. LA UNIDAD SE DESTACA POR SU RELACI\u00d3N TAMA\u00d1O\/POTENCIA, BRINDANDO UN HAZ FUERTE [&hellip;]<\/p>\n","protected":false},"featured_media":49962,"comment_status":"open","ping_status":"closed","template":"","meta":{"_uag_custom_page_level_css":""},"product_brand":[477],"product_cat":[84],"product_tag":[],"class_list":{"0":"post-49961","1":"product","2":"type-product","3":"status-publish","4":"has-post-thumbnail","6":"product_brand-ampro","7":"product_cat-cabezales-moviles","9":"first","10":"outofstock","11":"sale","12":"taxable","13":"shipping-taxable","14":"purchasable","15":"product-type-simple"},"uagb_featured_image_src":{"full":["https:\/\/rms-enlinea.com.ar\/wp-content\/uploads\/2025\/06\/D_665043-MLA43381181712_092020-F.jpg",393,523,false],"thumbnail":["https:\/\/rms-enlinea.com.ar\/wp-content\/uploads\/2025\/06\/D_665043-MLA43381181712_092020-F-150x150.jpg",150,150,true],"medium":["https:\/\/rms-enlinea.com.ar\/wp-content\/uploads\/2025\/06\/D_665043-MLA43381181712_092020-F-225x300.jpg",225,300,true],"medium_large":["https:\/\/rms-enlinea.com.ar\/wp-content\/uploads\/2025\/06\/D_665043-MLA43381181712_092020-F.jpg",393,523,false],"large":["https:\/\/rms-enlinea.com.ar\/wp-content\/uploads\/2025\/06\/D_665043-MLA43381181712_092020-F.jpg",393,523,false],"1536x1536":["https:\/\/rms-enlinea.com.ar\/wp-content\/uploads\/2025\/06\/D_665043-MLA43381181712_092020-F.jpg",393,523,false],"2048x2048":["https:\/\/rms-enlinea.com.ar\/wp-content\/uploads\/2025\/06\/D_665043-MLA43381181712_092020-F.jpg",393,523,false],"woocommerce_thumbnail":["https:\/\/rms-enlinea.com.ar\/wp-content\/uploads\/2025\/06\/D_665043-MLA43381181712_092020-F-393x450.jpg",393,450,true],"woocommerce_single":["https:\/\/rms-enlinea.com.ar\/wp-content\/uploads\/2025\/06\/D_665043-MLA43381181712_092020-F.jpg",393,523,false],"woocommerce_gallery_thumbnail":["https:\/\/rms-enlinea.com.ar\/wp-content\/uploads\/2025\/06\/D_665043-MLA43381181712_092020-F-100x100.jpg",100,100,true]},"uagb_author_info":{"display_name":"mario","author_link":"https:\/\/rms-enlinea.com.ar\/tienda\/author\/"},"uagb_comment_info":0,"uagb_excerpt":"CABEZAL M\u00d3VIL SPOT &#8211; LED BLANCO DE 30W ALFIE MINI SPOT 3 ES LA NUEVA VERSI\u00d3N DE NUESTRO CL\u00c1SICO CABEZAL M\u00d3VIL ALFIE MINI SPOT 2. POSEE AL IGUAL QUE SU ANTECESOR UN LED BLANCO DE 30W Y UN \u00c1NGULO DE HAZ DE 12\u00ba. LA UNIDAD SE DESTACA POR SU RELACI\u00d3N TAMA\u00d1O\/POTENCIA, BRINDANDO UN HAZ FUERTE&hellip;","_links":{"self":[{"href":"https:\/\/rms-enlinea.com.ar\/tienda\/wp-json\/wp\/v2\/product\/49961","targetHints":{"allow":["GET"]}}],"collection":[{"href":"https:\/\/rms-enlinea.com.ar\/tienda\/wp-json\/wp\/v2\/product"}],"about":[{"href":"https:\/\/rms-enlinea.com.ar\/tienda\/wp-json\/wp\/v2\/types\/product"}],"replies":[{"embeddable":true,"href":"https:\/\/rms-enlinea.com.ar\/tienda\/wp-json\/wp\/v2\/comments?post=49961"}],"wp:featuredmedia":[{"embeddable":true,"href":"https:\/\/rms-enlinea.com.ar\/tienda\/wp-json\/wp\/v2\/media\/49962"}],"wp:attachment":[{"href":"https:\/\/rms-enlinea.com.ar\/tienda\/wp-json\/wp\/v2\/media?parent=49961"}],"wp:term":[{"taxonomy":"product_brand","embeddable":true,"href":"https:\/\/rms-enlinea.com.ar\/tienda\/wp-json\/wp\/v2\/product_brand?post=49961"},{"taxonomy":"product_cat","embeddable":true,"href":"https:\/\/rms-enlinea.com.ar\/tienda\/wp-json\/wp\/v2\/product_cat?post=49961"},{"taxonomy":"product_tag","embeddable":true,"href":"https:\/\/rms-enlinea.com.ar\/tienda\/wp-json\/wp\/v2\/product_tag?post=49961"}],"curies":[{"name":"wp","href":"https:\/\/api.w.org\/{rel}","templated":true}]}}