{"id":50011,"date":"2025-06-21T15:05:33","date_gmt":"2025-06-21T18:05:33","guid":{"rendered":"https:\/\/rms-enlinea.com.ar\/tienda\/producto\/parlante-para-instalacion-de-techo-5-vmr-rooftop-5t\/"},"modified":"2026-03-15T22:53:05","modified_gmt":"2026-03-16T01:53:05","slug":"parlante-para-instalacion-de-techo-5-vmr-rooftop-5t","status":"publish","type":"product","link":"https:\/\/rms-enlinea.com.ar\/tienda\/producto\/parlante-para-instalacion-de-techo-5-vmr-rooftop-5t\/","title":{"rendered":"Parlante Para Instalacion De Techo 5 Vmr Rooftop 5t"},"content":{"rendered":"<p>DESCRIPCI\u00d3N<\/p>\n<p>LA LINEA ROOFTOP ES LA M\u00c1S USADA EN INSTALACIONES CON GRAN CANTIDAD DE PARLANTES PARA M\u00daSICA FUNCIONAL A BAJO VOLUMEN Y MENSAJES DE VOZ CON EXCELENTE CALIDAD Y DURABILIDAD.<br \/>\nF\u00c1CIL INSTALACI\u00d3N<br \/>\nEL ROOFTOP 5T TIENE EL M\u00c9TODO M\u00c1S MODERNO Y F\u00c1CIL DE INSTALAR, UN CIERRE DE SUJECI\u00d3N R\u00c1PIDO. EL MARCO EST\u00c1 HECHO DE PL\u00c1STICO DE ALTA CALIDAD Y LA PARRILLA DE ACERO RECUBIERTO.<\/p>\n<p>CARACTER\u00cdSTICAS<\/p>\n<p>TIPO: DE MONTAJE EN CIELO RASO<br \/>\nDRIVERS: WOOFER 5 1\/4&#8243;<br \/>\nRANGO FRECUENCIA: 130HZ-17KHZ +\/-3 DB<br \/>\nSENSIBILIDAD: 90 DB WATT\/METRO<br \/>\nIMPEDANCIA: 8 OHMS<br \/>\nCAPACIDAD DE POTENCIA: 5W \/\/ LINEA 100V 5W &#8211; 2,5W &#8211; 1,25W<br \/>\nANGULO DE COBERTURA: 90\u00ba<br \/>\nDIMENSIONES \u00d8, PROFUNDIDAD INSTALACI\u00d3N: \u00d8 190 X 62 MM<br \/>\nCORTE INSTALACION \u00d8: \u00d8 170 MM<br \/>\nANCLAJES: 3 GIRATORIOS AJUSTABLES<br \/>\nCONECTORES: CABLE LIBRE<br \/>\nREJA DE PROTECCI\u00d3N: PERFORADA PINTABLE<br \/>\nCOLOR: BLANCO<br \/>\nPESO: 0,8 KG<\/p>\n","protected":false},"excerpt":{"rendered":"<p>DESCRIPCI\u00d3N LA LINEA ROOFTOP ES LA M\u00c1S USADA EN INSTALACIONES CON GRAN CANTIDAD DE PARLANTES PARA M\u00daSICA FUNCIONAL A BAJO VOLUMEN Y MENSAJES DE VOZ CON EXCELENTE CALIDAD Y DURABILIDAD. F\u00c1CIL INSTALACI\u00d3N EL ROOFTOP 5T TIENE EL M\u00c9TODO M\u00c1S MODERNO Y F\u00c1CIL DE INSTALAR, UN CIERRE DE SUJECI\u00d3N R\u00c1PIDO. EL MARCO EST\u00c1 HECHO DE PL\u00c1STICO [&hellip;]<\/p>\n","protected":false},"featured_media":50012,"comment_status":"open","ping_status":"closed","template":"","meta":{"_uag_custom_page_level_css":""},"product_brand":[497],"product_cat":[457],"product_tag":[],"class_list":{"0":"post-50011","1":"product","2":"type-product","3":"status-publish","4":"has-post-thumbnail","6":"product_brand-vmr","7":"product_cat-instalacion","9":"first","10":"instock","11":"sale","12":"taxable","13":"shipping-taxable","14":"purchasable","15":"product-type-simple"},"uagb_featured_image_src":{"full":["https:\/\/rms-enlinea.com.ar\/wp-content\/uploads\/2025\/06\/D_628499-MLA50377070203_062022-F.jpg",872,438,false],"thumbnail":["https:\/\/rms-enlinea.com.ar\/wp-content\/uploads\/2025\/06\/D_628499-MLA50377070203_062022-F-150x150.jpg",150,150,true],"medium":["https:\/\/rms-enlinea.com.ar\/wp-content\/uploads\/2025\/06\/D_628499-MLA50377070203_062022-F-300x151.jpg",300,151,true],"medium_large":["https:\/\/rms-enlinea.com.ar\/wp-content\/uploads\/2025\/06\/D_628499-MLA50377070203_062022-F-768x386.jpg",768,386,true],"large":["https:\/\/rms-enlinea.com.ar\/wp-content\/uploads\/2025\/06\/D_628499-MLA50377070203_062022-F.jpg",872,438,false],"1536x1536":["https:\/\/rms-enlinea.com.ar\/wp-content\/uploads\/2025\/06\/D_628499-MLA50377070203_062022-F.jpg",872,438,false],"2048x2048":["https:\/\/rms-enlinea.com.ar\/wp-content\/uploads\/2025\/06\/D_628499-MLA50377070203_062022-F.jpg",872,438,false],"woocommerce_thumbnail":["https:\/\/rms-enlinea.com.ar\/wp-content\/uploads\/2025\/06\/D_628499-MLA50377070203_062022-F-450x438.jpg",450,438,true],"woocommerce_single":["https:\/\/rms-enlinea.com.ar\/wp-content\/uploads\/2025\/06\/D_628499-MLA50377070203_062022-F-600x301.jpg",600,301,true],"woocommerce_gallery_thumbnail":["https:\/\/rms-enlinea.com.ar\/wp-content\/uploads\/2025\/06\/D_628499-MLA50377070203_062022-F-100x100.jpg",100,100,true]},"uagb_author_info":{"display_name":"mario","author_link":"https:\/\/rms-enlinea.com.ar\/tienda\/author\/"},"uagb_comment_info":0,"uagb_excerpt":"DESCRIPCI\u00d3N LA LINEA ROOFTOP ES LA M\u00c1S USADA EN INSTALACIONES CON GRAN CANTIDAD DE PARLANTES PARA M\u00daSICA FUNCIONAL A BAJO VOLUMEN Y MENSAJES DE VOZ CON EXCELENTE CALIDAD Y DURABILIDAD. F\u00c1CIL INSTALACI\u00d3N EL ROOFTOP 5T TIENE EL M\u00c9TODO M\u00c1S MODERNO Y F\u00c1CIL DE INSTALAR, UN CIERRE DE SUJECI\u00d3N R\u00c1PIDO. EL MARCO EST\u00c1 HECHO DE PL\u00c1STICO&hellip;","_links":{"self":[{"href":"https:\/\/rms-enlinea.com.ar\/tienda\/wp-json\/wp\/v2\/product\/50011","targetHints":{"allow":["GET"]}}],"collection":[{"href":"https:\/\/rms-enlinea.com.ar\/tienda\/wp-json\/wp\/v2\/product"}],"about":[{"href":"https:\/\/rms-enlinea.com.ar\/tienda\/wp-json\/wp\/v2\/types\/product"}],"replies":[{"embeddable":true,"href":"https:\/\/rms-enlinea.com.ar\/tienda\/wp-json\/wp\/v2\/comments?post=50011"}],"wp:featuredmedia":[{"embeddable":true,"href":"https:\/\/rms-enlinea.com.ar\/tienda\/wp-json\/wp\/v2\/media\/50012"}],"wp:attachment":[{"href":"https:\/\/rms-enlinea.com.ar\/tienda\/wp-json\/wp\/v2\/media?parent=50011"}],"wp:term":[{"taxonomy":"product_brand","embeddable":true,"href":"https:\/\/rms-enlinea.com.ar\/tienda\/wp-json\/wp\/v2\/product_brand?post=50011"},{"taxonomy":"product_cat","embeddable":true,"href":"https:\/\/rms-enlinea.com.ar\/tienda\/wp-json\/wp\/v2\/product_cat?post=50011"},{"taxonomy":"product_tag","embeddable":true,"href":"https:\/\/rms-enlinea.com.ar\/tienda\/wp-json\/wp\/v2\/product_tag?post=50011"}],"curies":[{"name":"wp","href":"https:\/\/api.w.org\/{rel}","templated":true}]}}