{"id":50017,"date":"2025-06-21T15:05:47","date_gmt":"2025-06-21T18:05:47","guid":{"rendered":"https:\/\/rms-enlinea.com.ar\/tienda\/producto\/parlante-curvo-instalacion-pared-4-30w-vmr-circle24tw\/"},"modified":"2026-03-15T22:52:52","modified_gmt":"2026-03-16T01:52:52","slug":"parlante-curvo-instalacion-pared-4-30w-vmr-circle24tw","status":"publish","type":"product","link":"https:\/\/rms-enlinea.com.ar\/tienda\/producto\/parlante-curvo-instalacion-pared-4-30w-vmr-circle24tw\/","title":{"rendered":"Parlante Curvo Instalaci\u00f3n Pared 4 30w Vmr Circle24tw"},"content":{"rendered":"<p>EL VALOR ES X UNIDAD<\/p>\n<p>DESCRIPCI\u00d3N<\/p>\n<p>LA LINEA CIRCLE POSEE DELICADAS LINEAS CURVAS CON GRAN DISE\u00d1O MODERNO Y EST\u00c9TICO, SE CARACTERIZA POR SU EST\u00c9TICA ATRACTIVA Y DISCRETA, AS\u00cd COMO POR SU SONIDO DE ALTA CALIDAD OPTIMIZADO PARA REPRODUCIR M\u00daSICA EN ESPACIOS ELEGANTES.<\/p>\n<p>EL CIRCLE24TW PERMITE FORMAR UN CIRCULO CON 4 UNIDADES SIENDO AS\u00cd EL IDEAL PARA APLICACIONES EN LAS QUE SE ES NECESARIO BAJAR CON UN CLUSTER.<\/p>\n<p>TAMBI\u00c9N OFRECE LA POSIBILIDAD DE UTILIZARLO DE CENTRAL EN PAREDES ARMANDO MEDIO CIRCULO CON 2 UNIDADES.<\/p>\n<p>CARACTER\u00cdSTICAS<\/p>\n<p>TIPO: DE APLICAR<br \/>\nDRIVERS: DUAL WOOFER 4\u201d \u2013 TWEETER 1\u201d SILK DOME<br \/>\nRANGO FRECUENCIA: 75HZ-20KHZ +\/-3 DB<br \/>\nSENSIBILIDAD: 89 DB WATT\/METRO<br \/>\nIMPEDANCIA: 8 OHMS<br \/>\nCAPACIDAD DE POTENCIA: 30W \/\/ LINEA 100V 30W &#8211; 15W &#8211; 7,5W<br \/>\nANGULO DE COBERTURA: 90\u00ba<br \/>\nDIMENSIONES: H 25CM X W 17,6CM X D 14,3CM<br \/>\nANCLAJES: 2 PUNTOS DE INSTALACI\u00d3N M8<br \/>\nCONECTORES: DE PRESI\u00d3N<br \/>\nREJA DE PROTECCI\u00d3N: CHAPA PERFORADA<br \/>\nCOLOR: NEGRO<br \/>\nPESO: 2,0 KG<\/p>\n","protected":false},"excerpt":{"rendered":"<p>EL VALOR ES X UNIDAD DESCRIPCI\u00d3N LA LINEA CIRCLE POSEE DELICADAS LINEAS CURVAS CON GRAN DISE\u00d1O MODERNO Y EST\u00c9TICO, SE CARACTERIZA POR SU EST\u00c9TICA ATRACTIVA Y DISCRETA, AS\u00cd COMO POR SU SONIDO DE ALTA CALIDAD OPTIMIZADO PARA REPRODUCIR M\u00daSICA EN ESPACIOS ELEGANTES. EL CIRCLE24TW PERMITE FORMAR UN CIRCULO CON 4 UNIDADES SIENDO AS\u00cd EL IDEAL [&hellip;]<\/p>\n","protected":false},"featured_media":50018,"comment_status":"open","ping_status":"closed","template":"","meta":{"_uag_custom_page_level_css":""},"product_brand":[497],"product_cat":[457],"product_tag":[],"class_list":{"0":"post-50017","1":"product","2":"type-product","3":"status-publish","4":"has-post-thumbnail","6":"product_brand-vmr","7":"product_cat-instalacion","9":"first","10":"instock","11":"sale","12":"taxable","13":"shipping-taxable","14":"purchasable","15":"product-type-simple"},"uagb_featured_image_src":{"full":["https:\/\/rms-enlinea.com.ar\/wp-content\/uploads\/2025\/06\/D_689667-MLA49976251435_052022-F.jpg",276,547,false],"thumbnail":["https:\/\/rms-enlinea.com.ar\/wp-content\/uploads\/2025\/06\/D_689667-MLA49976251435_052022-F-150x150.jpg",150,150,true],"medium":["https:\/\/rms-enlinea.com.ar\/wp-content\/uploads\/2025\/06\/D_689667-MLA49976251435_052022-F-151x300.jpg",151,300,true],"medium_large":["https:\/\/rms-enlinea.com.ar\/wp-content\/uploads\/2025\/06\/D_689667-MLA49976251435_052022-F.jpg",276,547,false],"large":["https:\/\/rms-enlinea.com.ar\/wp-content\/uploads\/2025\/06\/D_689667-MLA49976251435_052022-F.jpg",276,547,false],"1536x1536":["https:\/\/rms-enlinea.com.ar\/wp-content\/uploads\/2025\/06\/D_689667-MLA49976251435_052022-F.jpg",276,547,false],"2048x2048":["https:\/\/rms-enlinea.com.ar\/wp-content\/uploads\/2025\/06\/D_689667-MLA49976251435_052022-F.jpg",276,547,false],"woocommerce_thumbnail":["https:\/\/rms-enlinea.com.ar\/wp-content\/uploads\/2025\/06\/D_689667-MLA49976251435_052022-F-276x450.jpg",276,450,true],"woocommerce_single":["https:\/\/rms-enlinea.com.ar\/wp-content\/uploads\/2025\/06\/D_689667-MLA49976251435_052022-F.jpg",276,547,false],"woocommerce_gallery_thumbnail":["https:\/\/rms-enlinea.com.ar\/wp-content\/uploads\/2025\/06\/D_689667-MLA49976251435_052022-F-100x100.jpg",100,100,true]},"uagb_author_info":{"display_name":"mario","author_link":"https:\/\/rms-enlinea.com.ar\/tienda\/author\/"},"uagb_comment_info":0,"uagb_excerpt":"EL VALOR ES X UNIDAD DESCRIPCI\u00d3N LA LINEA CIRCLE POSEE DELICADAS LINEAS CURVAS CON GRAN DISE\u00d1O MODERNO Y EST\u00c9TICO, SE CARACTERIZA POR SU EST\u00c9TICA ATRACTIVA Y DISCRETA, AS\u00cd COMO POR SU SONIDO DE ALTA CALIDAD OPTIMIZADO PARA REPRODUCIR M\u00daSICA EN ESPACIOS ELEGANTES. EL CIRCLE24TW PERMITE FORMAR UN CIRCULO CON 4 UNIDADES SIENDO AS\u00cd EL IDEAL&hellip;","_links":{"self":[{"href":"https:\/\/rms-enlinea.com.ar\/tienda\/wp-json\/wp\/v2\/product\/50017","targetHints":{"allow":["GET"]}}],"collection":[{"href":"https:\/\/rms-enlinea.com.ar\/tienda\/wp-json\/wp\/v2\/product"}],"about":[{"href":"https:\/\/rms-enlinea.com.ar\/tienda\/wp-json\/wp\/v2\/types\/product"}],"replies":[{"embeddable":true,"href":"https:\/\/rms-enlinea.com.ar\/tienda\/wp-json\/wp\/v2\/comments?post=50017"}],"wp:featuredmedia":[{"embeddable":true,"href":"https:\/\/rms-enlinea.com.ar\/tienda\/wp-json\/wp\/v2\/media\/50018"}],"wp:attachment":[{"href":"https:\/\/rms-enlinea.com.ar\/tienda\/wp-json\/wp\/v2\/media?parent=50017"}],"wp:term":[{"taxonomy":"product_brand","embeddable":true,"href":"https:\/\/rms-enlinea.com.ar\/tienda\/wp-json\/wp\/v2\/product_brand?post=50017"},{"taxonomy":"product_cat","embeddable":true,"href":"https:\/\/rms-enlinea.com.ar\/tienda\/wp-json\/wp\/v2\/product_cat?post=50017"},{"taxonomy":"product_tag","embeddable":true,"href":"https:\/\/rms-enlinea.com.ar\/tienda\/wp-json\/wp\/v2\/product_tag?post=50017"}],"curies":[{"name":"wp","href":"https:\/\/api.w.org\/{rel}","templated":true}]}}