{"id":50130,"date":"2025-06-25T12:20:07","date_gmt":"2025-06-25T15:20:07","guid":{"rendered":"https:\/\/rms-enlinea.com.ar\/tienda\/producto\/fuente-thermaltake-toughpower-gf-a3-1200w-80-plus-gold-pci-5\/"},"modified":"2026-04-21T06:41:04","modified_gmt":"2026-04-21T09:41:04","slug":"fuente-thermaltake-toughpower-gf-a3-1200w-80-plus-gold-pci-5","status":"publish","type":"product","link":"https:\/\/rms-enlinea.com.ar\/tienda\/producto\/fuente-thermaltake-toughpower-gf-a3-1200w-80-plus-gold-pci-5\/","title":{"rendered":"Fuente Thermaltake Toughpower Gf A3 1200w 80 Plus Gold Pci 5"},"content":{"rendered":"<p>Watts 1200 W<br \/>\nModelo TTP-1200AH2FKG<br \/>\nCapacidad m\u00e1xima de salida 1200 W<br \/>\nColor Negro<br \/>\nDimensiones (Ancho\/Alto\/Prf.) 150 mm (ancho) x 86 mm (alto) x 140 mm (profundidad)<br \/>\nPFC (correcci\u00f3n del factor de potencia) PFC activo<br \/>\nPoder buena se\u00f1al 100-250 mseg<br \/>\nTiempo de espera &gt; 17 mseg<br \/>\nCorriente de entrada 15 A m\u00e1x.<br \/>\nRango de frecuencia de entrada 50 Hz &#8211; 60 Hz<br \/>\nVoltaje de entrada 100 &#8211; 240 V CA<br \/>\nTemperatura de funcionamiento 0\u00b0C a +45\u00b0C<br \/>\nHumedad de funcionamiento 5% a 85%, sin condensaci\u00f3n<br \/>\nTemperatura de almacenamiento -40\u00b0C a +70\u00b0C<br \/>\nHumedad de almacenamiento 5% a 95%, sin condensaci\u00f3n<br \/>\nSistema de refrigeraci\u00f3n Ventilador FDB de 12 cm<br \/>\nEficiencia Conozca 80 PLUS\u00ae Gold con entrada de 115 V CA.<br \/>\nTiempo medio entre fallos 100.000 horas m\u00ednimo<br \/>\nAprobaci\u00f3n de seguridad CE\/FCC\/UKCA\/ICES\/LVD\/TUV\/cTUVus<br \/>\n\/CB\/CCC\/BSMI<br \/>\nPCI-E de 6+2 pines 5<br \/>\nPCIE de 12+4 pines 1(600 W)<\/p>\n","protected":false},"excerpt":{"rendered":"<p>Watts 1200 W Modelo TTP-1200AH2FKG Capacidad m\u00e1xima de salida 1200 W Color Negro Dimensiones (Ancho\/Alto\/Prf.) 150 mm (ancho) x 86 mm (alto) x 140 mm (profundidad) PFC (correcci\u00f3n del factor de potencia) PFC activo Poder buena se\u00f1al 100-250 mseg Tiempo de espera &gt; 17 mseg Corriente de entrada 15 A m\u00e1x. Rango de frecuencia de [&hellip;]<\/p>\n","protected":false},"featured_media":50131,"comment_status":"open","ping_status":"closed","template":"","meta":{"_uag_custom_page_level_css":""},"product_brand":[561],"product_cat":[108],"product_tag":[],"class_list":{"0":"post-50130","1":"product","2":"type-product","3":"status-publish","4":"has-post-thumbnail","6":"product_brand-thermaltake","7":"product_cat-fuentes-y-cargadores","9":"first","10":"outofstock","11":"sale","12":"taxable","13":"shipping-taxable","14":"purchasable","15":"product-type-simple"},"uagb_featured_image_src":{"full":["https:\/\/rms-enlinea.com.ar\/wp-content\/uploads\/2025\/06\/D_887729-MLA81326088606_122024-F.jpg",500,379,false],"thumbnail":["https:\/\/rms-enlinea.com.ar\/wp-content\/uploads\/2025\/06\/D_887729-MLA81326088606_122024-F-150x150.jpg",150,150,true],"medium":["https:\/\/rms-enlinea.com.ar\/wp-content\/uploads\/2025\/06\/D_887729-MLA81326088606_122024-F-300x227.jpg",300,227,true],"medium_large":["https:\/\/rms-enlinea.com.ar\/wp-content\/uploads\/2025\/06\/D_887729-MLA81326088606_122024-F.jpg",500,379,false],"large":["https:\/\/rms-enlinea.com.ar\/wp-content\/uploads\/2025\/06\/D_887729-MLA81326088606_122024-F.jpg",500,379,false],"1536x1536":["https:\/\/rms-enlinea.com.ar\/wp-content\/uploads\/2025\/06\/D_887729-MLA81326088606_122024-F.jpg",500,379,false],"2048x2048":["https:\/\/rms-enlinea.com.ar\/wp-content\/uploads\/2025\/06\/D_887729-MLA81326088606_122024-F.jpg",500,379,false],"woocommerce_thumbnail":["https:\/\/rms-enlinea.com.ar\/wp-content\/uploads\/2025\/06\/D_887729-MLA81326088606_122024-F-450x379.jpg",450,379,true],"woocommerce_single":["https:\/\/rms-enlinea.com.ar\/wp-content\/uploads\/2025\/06\/D_887729-MLA81326088606_122024-F.jpg",500,379,false],"woocommerce_gallery_thumbnail":["https:\/\/rms-enlinea.com.ar\/wp-content\/uploads\/2025\/06\/D_887729-MLA81326088606_122024-F-100x100.jpg",100,100,true]},"uagb_author_info":{"display_name":"nelson","author_link":"https:\/\/rms-enlinea.com.ar\/tienda\/author\/"},"uagb_comment_info":0,"uagb_excerpt":"Watts 1200 W Modelo TTP-1200AH2FKG Capacidad m\u00e1xima de salida 1200 W Color Negro Dimensiones (Ancho\/Alto\/Prf.) 150 mm (ancho) x 86 mm (alto) x 140 mm (profundidad) PFC (correcci\u00f3n del factor de potencia) PFC activo Poder buena se\u00f1al 100-250 mseg Tiempo de espera &gt; 17 mseg Corriente de entrada 15 A m\u00e1x. Rango de frecuencia de&hellip;","_links":{"self":[{"href":"https:\/\/rms-enlinea.com.ar\/tienda\/wp-json\/wp\/v2\/product\/50130","targetHints":{"allow":["GET"]}}],"collection":[{"href":"https:\/\/rms-enlinea.com.ar\/tienda\/wp-json\/wp\/v2\/product"}],"about":[{"href":"https:\/\/rms-enlinea.com.ar\/tienda\/wp-json\/wp\/v2\/types\/product"}],"replies":[{"embeddable":true,"href":"https:\/\/rms-enlinea.com.ar\/tienda\/wp-json\/wp\/v2\/comments?post=50130"}],"wp:featuredmedia":[{"embeddable":true,"href":"https:\/\/rms-enlinea.com.ar\/tienda\/wp-json\/wp\/v2\/media\/50131"}],"wp:attachment":[{"href":"https:\/\/rms-enlinea.com.ar\/tienda\/wp-json\/wp\/v2\/media?parent=50130"}],"wp:term":[{"taxonomy":"product_brand","embeddable":true,"href":"https:\/\/rms-enlinea.com.ar\/tienda\/wp-json\/wp\/v2\/product_brand?post=50130"},{"taxonomy":"product_cat","embeddable":true,"href":"https:\/\/rms-enlinea.com.ar\/tienda\/wp-json\/wp\/v2\/product_cat?post=50130"},{"taxonomy":"product_tag","embeddable":true,"href":"https:\/\/rms-enlinea.com.ar\/tienda\/wp-json\/wp\/v2\/product_tag?post=50130"}],"curies":[{"name":"wp","href":"https:\/\/api.w.org\/{rel}","templated":true}]}}