{"id":50197,"date":"2025-06-27T20:40:18","date_gmt":"2025-06-27T23:40:18","guid":{"rendered":"https:\/\/rms-enlinea.com.ar\/tienda\/producto\/mouse-gamer-inalambrico-raptor-storm-grip-12800-dpi\/"},"modified":"2026-04-28T11:21:07","modified_gmt":"2026-04-28T14:21:07","slug":"mouse-gamer-inalambrico-raptor-storm-grip-12800-dpi","status":"publish","type":"product","link":"https:\/\/rms-enlinea.com.ar\/tienda\/producto\/mouse-gamer-inalambrico-raptor-storm-grip-12800-dpi\/","title":{"rendered":"Mouse Gamer Inalambrico Raptor Storm Grip 12800 Dpi"},"content":{"rendered":"<p>Caracter\u00edsticas Generales del Producto<br \/>\nProceso general del producto Moldeo por inyecci\u00f3n a temperatura de aceite<br \/>\nGrabado Grabado l\u00e1ser lateral LOGO + serigraf\u00eda frontal LOGO (blanco)<br \/>\nPeso del producto 57 \u00b1 2 gramos<br \/>\nTama\u00f1o del producto Largo 120MM \u00d7 Ancho 60MM \u00d7 Alto 38MM<br \/>\nN\u00famero de botones 6<br \/>\nAlfombrillas de suelo Material de la UPE<br \/>\nConectividad<br \/>\nModos de conexi\u00f3n Cable + 2.4G + BT<br \/>\nCambio de modo Bot\u00f3n de cambio de modo para cambiar entre 2.4G + BT1 + BT2<br \/>\nEmparejamiento de c\u00f3digo 2.4G M\u00e9todo 1: Mantenga presionado el bot\u00f3n de cambio de modo durante 3 segundos,<br \/>\nla luz indicadora parpadear\u00e1 r\u00e1pidamente, conecte el receptor y la luz de emparejamiento exitoso estar\u00e1 siempre encendida.<br \/>\nM\u00e9todo 2: Conecte el cable de datos.<br \/>\nValor predeterminado Cableado<br \/>\nNombres de Bluetooth Raptor BT5 \/ Raptor BT3<br \/>\nRendimiento T\u00e9cnico<br \/>\nCI optoelectr\u00f3nico S203<br \/>\nDPI 800 \/ 1600 \/ 2400 \/ 3200 \/ 6400 \/ 12800<br \/>\nTasa de retorno Con cable: 1000 Hz<br \/>\n2.4G: 125 \/ 250 \/ 500 \/ 1000 Hz<br \/>\nBT: 125 Hz<br \/>\nIndicador LED de DPI S\u00ed, luz DPI: rojo-verde-azul-amarillo-cian-violeta<br \/>\nAlimentaci\u00f3n<br \/>\nBater\u00eda 400 mAh<br \/>\nVoltaje de trabajo 3.7 V<br \/>\nCorriente de trabajo 6-10 mA<br \/>\nCorriente en suspensi\u00f3n 0.01-0.21 mA (15 s)<br \/>\nCorriente en suspensi\u00f3n profunda 0.02 mA (20 min)<br \/>\nLuz indicadora de carga Durante la carga, la luz roja est\u00e1 siempre encendida; al estar completamente cargada, se apaga.<br \/>\nConectividad F\u00edsica<br \/>\nPuerto de carga Tipo C<br \/>\nEspecificaciones del cable USB Cable de datos USB a tipo C de PVC de 1 m<br \/>\nLargo de cable 1.5 metros<\/p>\n","protected":false},"excerpt":{"rendered":"<p>Caracter\u00edsticas Generales del Producto Proceso general del producto Moldeo por inyecci\u00f3n a temperatura de aceite Grabado Grabado l\u00e1ser lateral LOGO + serigraf\u00eda frontal LOGO (blanco) Peso del producto 57 \u00b1 2 gramos Tama\u00f1o del producto Largo 120MM \u00d7 Ancho 60MM \u00d7 Alto 38MM N\u00famero de botones 6 Alfombrillas de suelo Material de la UPE Conectividad [&hellip;]<\/p>\n","protected":false},"featured_media":50198,"comment_status":"open","ping_status":"closed","template":"","meta":{"_uag_custom_page_level_css":""},"product_brand":[572],"product_cat":[125],"product_tag":[],"class_list":{"0":"post-50197","1":"product","2":"type-product","3":"status-publish","4":"has-post-thumbnail","6":"product_brand-raptor-gaming","7":"product_cat-teclados-y-mouses","9":"first","10":"outofstock","11":"sale","12":"taxable","13":"shipping-taxable","14":"purchasable","15":"product-type-simple"},"uagb_featured_image_src":{"full":["https:\/\/rms-enlinea.com.ar\/wp-content\/uploads\/2025\/06\/D_980841-MLA86862334461_062025-F.jpg",280,556,false],"thumbnail":["https:\/\/rms-enlinea.com.ar\/wp-content\/uploads\/2025\/06\/D_980841-MLA86862334461_062025-F-150x150.jpg",150,150,true],"medium":["https:\/\/rms-enlinea.com.ar\/wp-content\/uploads\/2025\/06\/D_980841-MLA86862334461_062025-F-151x300.jpg",151,300,true],"medium_large":["https:\/\/rms-enlinea.com.ar\/wp-content\/uploads\/2025\/06\/D_980841-MLA86862334461_062025-F.jpg",280,556,false],"large":["https:\/\/rms-enlinea.com.ar\/wp-content\/uploads\/2025\/06\/D_980841-MLA86862334461_062025-F.jpg",280,556,false],"1536x1536":["https:\/\/rms-enlinea.com.ar\/wp-content\/uploads\/2025\/06\/D_980841-MLA86862334461_062025-F.jpg",280,556,false],"2048x2048":["https:\/\/rms-enlinea.com.ar\/wp-content\/uploads\/2025\/06\/D_980841-MLA86862334461_062025-F.jpg",280,556,false],"woocommerce_thumbnail":["https:\/\/rms-enlinea.com.ar\/wp-content\/uploads\/2025\/06\/D_980841-MLA86862334461_062025-F-280x450.jpg",280,450,true],"woocommerce_single":["https:\/\/rms-enlinea.com.ar\/wp-content\/uploads\/2025\/06\/D_980841-MLA86862334461_062025-F.jpg",280,556,false],"woocommerce_gallery_thumbnail":["https:\/\/rms-enlinea.com.ar\/wp-content\/uploads\/2025\/06\/D_980841-MLA86862334461_062025-F-100x100.jpg",100,100,true]},"uagb_author_info":{"display_name":"mario","author_link":"https:\/\/rms-enlinea.com.ar\/tienda\/author\/"},"uagb_comment_info":0,"uagb_excerpt":"Caracter\u00edsticas Generales del Producto Proceso general del producto Moldeo por inyecci\u00f3n a temperatura de aceite Grabado Grabado l\u00e1ser lateral LOGO + serigraf\u00eda frontal LOGO (blanco) Peso del producto 57 \u00b1 2 gramos Tama\u00f1o del producto Largo 120MM \u00d7 Ancho 60MM \u00d7 Alto 38MM N\u00famero de botones 6 Alfombrillas de suelo Material de la UPE Conectividad&hellip;","_links":{"self":[{"href":"https:\/\/rms-enlinea.com.ar\/tienda\/wp-json\/wp\/v2\/product\/50197","targetHints":{"allow":["GET"]}}],"collection":[{"href":"https:\/\/rms-enlinea.com.ar\/tienda\/wp-json\/wp\/v2\/product"}],"about":[{"href":"https:\/\/rms-enlinea.com.ar\/tienda\/wp-json\/wp\/v2\/types\/product"}],"replies":[{"embeddable":true,"href":"https:\/\/rms-enlinea.com.ar\/tienda\/wp-json\/wp\/v2\/comments?post=50197"}],"wp:featuredmedia":[{"embeddable":true,"href":"https:\/\/rms-enlinea.com.ar\/tienda\/wp-json\/wp\/v2\/media\/50198"}],"wp:attachment":[{"href":"https:\/\/rms-enlinea.com.ar\/tienda\/wp-json\/wp\/v2\/media?parent=50197"}],"wp:term":[{"taxonomy":"product_brand","embeddable":true,"href":"https:\/\/rms-enlinea.com.ar\/tienda\/wp-json\/wp\/v2\/product_brand?post=50197"},{"taxonomy":"product_cat","embeddable":true,"href":"https:\/\/rms-enlinea.com.ar\/tienda\/wp-json\/wp\/v2\/product_cat?post=50197"},{"taxonomy":"product_tag","embeddable":true,"href":"https:\/\/rms-enlinea.com.ar\/tienda\/wp-json\/wp\/v2\/product_tag?post=50197"}],"curies":[{"name":"wp","href":"https:\/\/api.w.org\/{rel}","templated":true}]}}