{"id":50202,"date":"2025-06-28T13:40:06","date_gmt":"2025-06-28T16:40:06","guid":{"rendered":"https:\/\/rms-enlinea.com.ar\/tienda\/producto\/web-cam-raptor-vision-4k-c-microfono-c-tapa-camara-web\/"},"modified":"2026-04-06T14:31:07","modified_gmt":"2026-04-06T17:31:07","slug":"web-cam-raptor-vision-4k-c-microfono-c-tapa-camara-web","status":"publish","type":"product","link":"https:\/\/rms-enlinea.com.ar\/tienda\/producto\/web-cam-raptor-vision-4k-c-microfono-c-tapa-camara-web\/","title":{"rendered":"Web Cam Raptor Vision 4k C\/microfono C\/tapa Camara Web"},"content":{"rendered":"<p>Resoluci\u00f3n 4K, 3840*2160, 15pfs<br \/>\nMicr\u00f3fono Si<br \/>\nFunci\u00f3n de embellecimiento AI Si<br \/>\nReducci\u00f3n de Ruido ISP<br \/>\nCon C\u00e1mara \u00d3ptica Si<br \/>\nCon Tapa de Privacidad Si<br \/>\nCon Enfoque Autom\u00e1tico Si<br \/>\nCompatibilidad Windows, Android, MAC OS, IOS, Linux,etc.<br \/>\nOscilaci\u00f3n del Cuerpo Principal 360\u00b0 Horizontal<br \/>\nOscilaci\u00f3n delante &#8211; atr\u00e1s 15\u00b0<br \/>\nOscilaci\u00f3n del Soporte Base 90\u00b0<br \/>\nAngular 125\u00b0<\/p>\n","protected":false},"excerpt":{"rendered":"<p>Resoluci\u00f3n 4K, 3840*2160, 15pfs Micr\u00f3fono Si Funci\u00f3n de embellecimiento AI Si Reducci\u00f3n de Ruido ISP Con C\u00e1mara \u00d3ptica Si Con Tapa de Privacidad Si Con Enfoque Autom\u00e1tico Si Compatibilidad Windows, Android, MAC OS, IOS, Linux,etc. Oscilaci\u00f3n del Cuerpo Principal 360\u00b0 Horizontal Oscilaci\u00f3n delante &#8211; atr\u00e1s 15\u00b0 Oscilaci\u00f3n del Soporte Base 90\u00b0 Angular 125\u00b0<\/p>\n","protected":false},"featured_media":50203,"comment_status":"open","ping_status":"closed","template":"","meta":{"_uag_custom_page_level_css":""},"product_brand":[572],"product_cat":[102],"product_tag":[],"class_list":{"0":"post-50202","1":"product","2":"type-product","3":"status-publish","4":"has-post-thumbnail","6":"product_brand-raptor-gaming","7":"product_cat-camaras-webcam","9":"first","10":"instock","11":"sale","12":"taxable","13":"shipping-taxable","14":"purchasable","15":"product-type-simple"},"uagb_featured_image_src":{"full":["https:\/\/rms-enlinea.com.ar\/wp-content\/uploads\/2025\/06\/D_980359-MLA86582537358_062025-F.jpg",364,252,false],"thumbnail":["https:\/\/rms-enlinea.com.ar\/wp-content\/uploads\/2025\/06\/D_980359-MLA86582537358_062025-F-150x150.jpg",150,150,true],"medium":["https:\/\/rms-enlinea.com.ar\/wp-content\/uploads\/2025\/06\/D_980359-MLA86582537358_062025-F-300x208.jpg",300,208,true],"medium_large":["https:\/\/rms-enlinea.com.ar\/wp-content\/uploads\/2025\/06\/D_980359-MLA86582537358_062025-F.jpg",364,252,false],"large":["https:\/\/rms-enlinea.com.ar\/wp-content\/uploads\/2025\/06\/D_980359-MLA86582537358_062025-F.jpg",364,252,false],"1536x1536":["https:\/\/rms-enlinea.com.ar\/wp-content\/uploads\/2025\/06\/D_980359-MLA86582537358_062025-F.jpg",364,252,false],"2048x2048":["https:\/\/rms-enlinea.com.ar\/wp-content\/uploads\/2025\/06\/D_980359-MLA86582537358_062025-F.jpg",364,252,false],"woocommerce_thumbnail":["https:\/\/rms-enlinea.com.ar\/wp-content\/uploads\/2025\/06\/D_980359-MLA86582537358_062025-F.jpg",364,252,false],"woocommerce_single":["https:\/\/rms-enlinea.com.ar\/wp-content\/uploads\/2025\/06\/D_980359-MLA86582537358_062025-F.jpg",364,252,false],"woocommerce_gallery_thumbnail":["https:\/\/rms-enlinea.com.ar\/wp-content\/uploads\/2025\/06\/D_980359-MLA86582537358_062025-F-100x100.jpg",100,100,true]},"uagb_author_info":{"display_name":"mario","author_link":"https:\/\/rms-enlinea.com.ar\/tienda\/author\/"},"uagb_comment_info":0,"uagb_excerpt":"Resoluci\u00f3n 4K, 3840*2160, 15pfs Micr\u00f3fono Si Funci\u00f3n de embellecimiento AI Si Reducci\u00f3n de Ruido ISP Con C\u00e1mara \u00d3ptica Si Con Tapa de Privacidad Si Con Enfoque Autom\u00e1tico Si Compatibilidad Windows, Android, MAC OS, IOS, Linux,etc. Oscilaci\u00f3n del Cuerpo Principal 360\u00b0 Horizontal Oscilaci\u00f3n delante &#8211; atr\u00e1s 15\u00b0 Oscilaci\u00f3n del Soporte Base 90\u00b0 Angular 125\u00b0","_links":{"self":[{"href":"https:\/\/rms-enlinea.com.ar\/tienda\/wp-json\/wp\/v2\/product\/50202","targetHints":{"allow":["GET"]}}],"collection":[{"href":"https:\/\/rms-enlinea.com.ar\/tienda\/wp-json\/wp\/v2\/product"}],"about":[{"href":"https:\/\/rms-enlinea.com.ar\/tienda\/wp-json\/wp\/v2\/types\/product"}],"replies":[{"embeddable":true,"href":"https:\/\/rms-enlinea.com.ar\/tienda\/wp-json\/wp\/v2\/comments?post=50202"}],"wp:featuredmedia":[{"embeddable":true,"href":"https:\/\/rms-enlinea.com.ar\/tienda\/wp-json\/wp\/v2\/media\/50203"}],"wp:attachment":[{"href":"https:\/\/rms-enlinea.com.ar\/tienda\/wp-json\/wp\/v2\/media?parent=50202"}],"wp:term":[{"taxonomy":"product_brand","embeddable":true,"href":"https:\/\/rms-enlinea.com.ar\/tienda\/wp-json\/wp\/v2\/product_brand?post=50202"},{"taxonomy":"product_cat","embeddable":true,"href":"https:\/\/rms-enlinea.com.ar\/tienda\/wp-json\/wp\/v2\/product_cat?post=50202"},{"taxonomy":"product_tag","embeddable":true,"href":"https:\/\/rms-enlinea.com.ar\/tienda\/wp-json\/wp\/v2\/product_tag?post=50202"}],"curies":[{"name":"wp","href":"https:\/\/api.w.org\/{rel}","templated":true}]}}