{"id":50214,"date":"2025-06-28T18:10:07","date_gmt":"2025-06-28T21:10:07","guid":{"rendered":"https:\/\/rms-enlinea.com.ar\/tienda\/producto\/sistema-mesh-x-3-unidades-tp-link-deco-xe75-ax5400-wifi-6e\/"},"modified":"2026-02-25T10:11:33","modified_gmt":"2026-02-25T13:11:33","slug":"sistema-mesh-x-3-unidades-tp-link-deco-xe75-ax5400-wifi-6e","status":"publish","type":"product","link":"https:\/\/rms-enlinea.com.ar\/tienda\/producto\/sistema-mesh-x-3-unidades-tp-link-deco-xe75-ax5400-wifi-6e\/","title":{"rendered":"Sistema Mesh X 3 Unidades Tp-link Deco Xe75 Ax5400 Wifi 6e"},"content":{"rendered":"<p>INAL\u00c1MBRICOS <br \/>Est\u00e1ndares\tWi-Fi 6E<br \/> \tIEEE 802.11ax 6 GHz<br \/> \tIEEE 802.11ax\/ac\/n\/a 5 GHz<br \/> \tIEEE 802.11ax\/n\/b\/g 2.4 GHz<br \/>Velocidades Wi-Fi\tAXE5400<br \/> \t6 GHz: 2402 Mbps (802.11ax, HE160)<br \/> \t5 GHz: 2402 Mbps (802.11ax, HE160)<br \/> \t2,4 GHz: 574 Mbps (802.11ax)<br \/>Rango WiFi\tCasas de 4 a 7 habitaciones o m\u00e1s (paquete de 3)<br \/> \tCasas de 3 a 5 habitaciones (paquete de 2)<br \/> \tCasas de 1 a 3 habitaciones (paquete de 1)<\/p>\n<p> \tTecnolog\u00eda de malla TP-Link<br \/> \tEl backhaul Ethernet opcional funciona en conjunto para vincular las unidades Deco y brindar una cobertura perfecta<\/p>\n<p> \tMalla impulsada por IA<br \/> \tAprende de forma inteligente el entorno de la red para proporcionar Wi-Fi ideal exclusivo para su hogar<\/p>\n<p> \t4 \u00d7 antenas de alta ganancia (internas)<br \/> \tM\u00faltiples antenas forman un conjunto de refuerzo de se\u00f1al para cubrir m\u00e1s direcciones y \u00e1reas grandes<\/p>\n<p> \ttribanda<br \/> \tUna banda de 6 GHz reci\u00e9n abierta brinda m\u00e1s ancho de banda y velocidades m\u00e1s r\u00e1pidas<\/p>\n<p> \tformaci\u00f3n de haces<br \/> \tConcentra la fuerza de la se\u00f1al inal\u00e1mbrica hacia los clientes para expandir el rango WiFi<br \/>Capacidad Wi-Fi\tMuy alta<\/p>\n<p> \tTribanda<br \/> \tDistribuya dispositivos a diferentes bandas para un rendimiento \u00f3ptimo<\/p>\n<p> \t2 \u00d7 2 MU-MIMO<br \/> \tSe comunica simult\u00e1neamente con m\u00faltiples clientes MU-MIMO<\/p>\n<p> \tOFDMA<br \/> \tSe comunica simult\u00e1neamente con m\u00faltiples clientes WiFi 6<\/p>\n","protected":false},"excerpt":{"rendered":"<p>INAL\u00c1MBRICOS Est\u00e1ndares Wi-Fi 6E IEEE 802.11ax 6 GHz IEEE 802.11ax\/ac\/n\/a 5 GHz IEEE 802.11ax\/n\/b\/g 2.4 GHzVelocidades Wi-Fi AXE5400 6 GHz: 2402 Mbps (802.11ax, HE160) 5 GHz: 2402 Mbps (802.11ax, HE160) 2,4 GHz: 574 Mbps (802.11ax)Rango WiFi Casas de 4 a 7 habitaciones o m\u00e1s (paquete de 3) Casas de 3 a 5 habitaciones (paquete de [&hellip;]<\/p>\n","protected":false},"featured_media":50215,"comment_status":"open","ping_status":"closed","template":"","meta":{"_uag_custom_page_level_css":""},"product_brand":[546],"product_cat":[122],"product_tag":[],"class_list":{"0":"post-50214","1":"product","2":"type-product","3":"status-publish","4":"has-post-thumbnail","6":"product_brand-tplink","7":"product_cat-redes-y-conectividad","9":"first","10":"outofstock","11":"sale","12":"taxable","13":"shipping-taxable","14":"purchasable","15":"product-type-simple"},"uagb_featured_image_src":{"full":["https:\/\/rms-enlinea.com.ar\/wp-content\/uploads\/2025\/06\/D_901217-MLU73412739030_122023-F.jpg",973,865,false],"thumbnail":["https:\/\/rms-enlinea.com.ar\/wp-content\/uploads\/2025\/06\/D_901217-MLU73412739030_122023-F-150x150.jpg",150,150,true],"medium":["https:\/\/rms-enlinea.com.ar\/wp-content\/uploads\/2025\/06\/D_901217-MLU73412739030_122023-F-300x267.jpg",300,267,true],"medium_large":["https:\/\/rms-enlinea.com.ar\/wp-content\/uploads\/2025\/06\/D_901217-MLU73412739030_122023-F-768x683.jpg",768,683,true],"large":["https:\/\/rms-enlinea.com.ar\/wp-content\/uploads\/2025\/06\/D_901217-MLU73412739030_122023-F.jpg",973,865,false],"1536x1536":["https:\/\/rms-enlinea.com.ar\/wp-content\/uploads\/2025\/06\/D_901217-MLU73412739030_122023-F.jpg",973,865,false],"2048x2048":["https:\/\/rms-enlinea.com.ar\/wp-content\/uploads\/2025\/06\/D_901217-MLU73412739030_122023-F.jpg",973,865,false],"woocommerce_thumbnail":["https:\/\/rms-enlinea.com.ar\/wp-content\/uploads\/2025\/06\/D_901217-MLU73412739030_122023-F-450x450.jpg",450,450,true],"woocommerce_single":["https:\/\/rms-enlinea.com.ar\/wp-content\/uploads\/2025\/06\/D_901217-MLU73412739030_122023-F-600x533.jpg",600,533,true],"woocommerce_gallery_thumbnail":["https:\/\/rms-enlinea.com.ar\/wp-content\/uploads\/2025\/06\/D_901217-MLU73412739030_122023-F-100x100.jpg",100,100,true]},"uagb_author_info":{"display_name":"nelson","author_link":"https:\/\/rms-enlinea.com.ar\/tienda\/author\/"},"uagb_comment_info":0,"uagb_excerpt":"INAL\u00c1MBRICOS Est\u00e1ndares Wi-Fi 6E IEEE 802.11ax 6 GHz IEEE 802.11ax\/ac\/n\/a 5 GHz IEEE 802.11ax\/n\/b\/g 2.4 GHzVelocidades Wi-Fi AXE5400 6 GHz: 2402 Mbps (802.11ax, HE160) 5 GHz: 2402 Mbps (802.11ax, HE160) 2,4 GHz: 574 Mbps (802.11ax)Rango WiFi Casas de 4 a 7 habitaciones o m\u00e1s (paquete de 3) Casas de 3 a 5 habitaciones (paquete de&hellip;","_links":{"self":[{"href":"https:\/\/rms-enlinea.com.ar\/tienda\/wp-json\/wp\/v2\/product\/50214","targetHints":{"allow":["GET"]}}],"collection":[{"href":"https:\/\/rms-enlinea.com.ar\/tienda\/wp-json\/wp\/v2\/product"}],"about":[{"href":"https:\/\/rms-enlinea.com.ar\/tienda\/wp-json\/wp\/v2\/types\/product"}],"replies":[{"embeddable":true,"href":"https:\/\/rms-enlinea.com.ar\/tienda\/wp-json\/wp\/v2\/comments?post=50214"}],"wp:featuredmedia":[{"embeddable":true,"href":"https:\/\/rms-enlinea.com.ar\/tienda\/wp-json\/wp\/v2\/media\/50215"}],"wp:attachment":[{"href":"https:\/\/rms-enlinea.com.ar\/tienda\/wp-json\/wp\/v2\/media?parent=50214"}],"wp:term":[{"taxonomy":"product_brand","embeddable":true,"href":"https:\/\/rms-enlinea.com.ar\/tienda\/wp-json\/wp\/v2\/product_brand?post=50214"},{"taxonomy":"product_cat","embeddable":true,"href":"https:\/\/rms-enlinea.com.ar\/tienda\/wp-json\/wp\/v2\/product_cat?post=50214"},{"taxonomy":"product_tag","embeddable":true,"href":"https:\/\/rms-enlinea.com.ar\/tienda\/wp-json\/wp\/v2\/product_tag?post=50214"}],"curies":[{"name":"wp","href":"https:\/\/api.w.org\/{rel}","templated":true}]}}