{"id":50221,"date":"2025-06-28T18:50:08","date_gmt":"2025-06-28T21:50:08","guid":{"rendered":"https:\/\/rms-enlinea.com.ar\/tienda\/producto\/sistema-mesh-pack-x-3-unidades-tp-link-ax5400-deco-x60\/"},"modified":"2026-04-09T09:41:20","modified_gmt":"2026-04-09T12:41:20","slug":"sistema-mesh-pack-x-3-unidades-tp-link-ax5400-deco-x60","status":"publish","type":"product","link":"https:\/\/rms-enlinea.com.ar\/tienda\/producto\/sistema-mesh-pack-x-3-unidades-tp-link-ax5400-deco-x60\/","title":{"rendered":"Sistema Mesh Pack X 3 Unidades Tp-link Ax5400 Deco X60"},"content":{"rendered":"<p>Est\u00e1ndares\tWi-Fi 6<br \/> \tIEEE 802.11ax\/ac\/n\/a 5 GHz<br \/> \tIEEE 802.11ax\/n\/b\/g 2.4 GHz<br \/>Velocidades de WiFi \tAX3000<br \/> \t5 GHz: 2402 Mbps (802.11ax)<br \/> \t2.4 GHz: 574 Mbps (802.11ax)<br \/>Alcance WiFi \tCasas de 4 a 7 dormitorios o m\u00e1s (paquete de 3)<br \/> \tTecnolog\u00eda de malla TP-Link<br \/> \tEl backhaul Ethernet opcional funciona en conjunto para vincular las unidades Deco y brindar una cobertura perfecta<br \/> \t4 \u00d7 antenas (internas)<br \/> \tVarias antenas forman una matriz de refuerzo de se\u00f1al para cubrir m\u00e1s direcciones y \u00e1reas grandes<br \/> \tBeamforming<br \/> \tConcentra la intensidad de la se\u00f1al inal\u00e1mbrica hacia los clientes para ampliar el alcance de WiFi<br \/>Capacidad WiFi\tAlta<br \/> \tDoble banda<br \/> \tDistribuya dispositivos a diferentes bandas para un rendimiento \u00f3ptimo<br \/> \tMU-MIMO<br \/> \tSilmult\u00e1neamente se comunica con m\u00faltiples clientes MU-MIMO<br \/> \tOFDMA<br \/> \tSilmult\u00e1neamente se comunica con m\u00faltiples clientes WiFi 6<br \/> \t6 corrientes<br \/> \tAncho de banda m\u00e1s que suficiente para dispositivos conectados<br \/>Modos de trabajo\tModo router<br \/> \tModo punto de acceso<\/p>\n","protected":false},"excerpt":{"rendered":"<p>Est\u00e1ndares Wi-Fi 6 IEEE 802.11ax\/ac\/n\/a 5 GHz IEEE 802.11ax\/n\/b\/g 2.4 GHzVelocidades de WiFi AX3000 5 GHz: 2402 Mbps (802.11ax) 2.4 GHz: 574 Mbps (802.11ax)Alcance WiFi Casas de 4 a 7 dormitorios o m\u00e1s (paquete de 3) Tecnolog\u00eda de malla TP-Link El backhaul Ethernet opcional funciona en conjunto para vincular las unidades Deco y brindar una [&hellip;]<\/p>\n","protected":false},"featured_media":50222,"comment_status":"open","ping_status":"closed","template":"","meta":{"_uag_custom_page_level_css":""},"product_brand":[546],"product_cat":[122],"product_tag":[],"class_list":{"0":"post-50221","1":"product","2":"type-product","3":"status-publish","4":"has-post-thumbnail","6":"product_brand-tplink","7":"product_cat-redes-y-conectividad","9":"first","10":"outofstock","11":"sale","12":"taxable","13":"shipping-taxable","14":"purchasable","15":"product-type-simple"},"uagb_featured_image_src":{"full":["https:\/\/rms-enlinea.com.ar\/wp-content\/uploads\/2025\/06\/D_726568-MLU73957293533_012024-F.jpg",917,838,false],"thumbnail":["https:\/\/rms-enlinea.com.ar\/wp-content\/uploads\/2025\/06\/D_726568-MLU73957293533_012024-F-150x150.jpg",150,150,true],"medium":["https:\/\/rms-enlinea.com.ar\/wp-content\/uploads\/2025\/06\/D_726568-MLU73957293533_012024-F-300x274.jpg",300,274,true],"medium_large":["https:\/\/rms-enlinea.com.ar\/wp-content\/uploads\/2025\/06\/D_726568-MLU73957293533_012024-F-768x702.jpg",768,702,true],"large":["https:\/\/rms-enlinea.com.ar\/wp-content\/uploads\/2025\/06\/D_726568-MLU73957293533_012024-F.jpg",917,838,false],"1536x1536":["https:\/\/rms-enlinea.com.ar\/wp-content\/uploads\/2025\/06\/D_726568-MLU73957293533_012024-F.jpg",917,838,false],"2048x2048":["https:\/\/rms-enlinea.com.ar\/wp-content\/uploads\/2025\/06\/D_726568-MLU73957293533_012024-F.jpg",917,838,false],"woocommerce_thumbnail":["https:\/\/rms-enlinea.com.ar\/wp-content\/uploads\/2025\/06\/D_726568-MLU73957293533_012024-F-450x450.jpg",450,450,true],"woocommerce_single":["https:\/\/rms-enlinea.com.ar\/wp-content\/uploads\/2025\/06\/D_726568-MLU73957293533_012024-F-600x548.jpg",600,548,true],"woocommerce_gallery_thumbnail":["https:\/\/rms-enlinea.com.ar\/wp-content\/uploads\/2025\/06\/D_726568-MLU73957293533_012024-F-100x100.jpg",100,100,true]},"uagb_author_info":{"display_name":"nelson","author_link":"https:\/\/rms-enlinea.com.ar\/tienda\/author\/"},"uagb_comment_info":0,"uagb_excerpt":"Est\u00e1ndares Wi-Fi 6 IEEE 802.11ax\/ac\/n\/a 5 GHz IEEE 802.11ax\/n\/b\/g 2.4 GHzVelocidades de WiFi AX3000 5 GHz: 2402 Mbps (802.11ax) 2.4 GHz: 574 Mbps (802.11ax)Alcance WiFi Casas de 4 a 7 dormitorios o m\u00e1s (paquete de 3) Tecnolog\u00eda de malla TP-Link El backhaul Ethernet opcional funciona en conjunto para vincular las unidades Deco y brindar una&hellip;","_links":{"self":[{"href":"https:\/\/rms-enlinea.com.ar\/tienda\/wp-json\/wp\/v2\/product\/50221","targetHints":{"allow":["GET"]}}],"collection":[{"href":"https:\/\/rms-enlinea.com.ar\/tienda\/wp-json\/wp\/v2\/product"}],"about":[{"href":"https:\/\/rms-enlinea.com.ar\/tienda\/wp-json\/wp\/v2\/types\/product"}],"replies":[{"embeddable":true,"href":"https:\/\/rms-enlinea.com.ar\/tienda\/wp-json\/wp\/v2\/comments?post=50221"}],"wp:featuredmedia":[{"embeddable":true,"href":"https:\/\/rms-enlinea.com.ar\/tienda\/wp-json\/wp\/v2\/media\/50222"}],"wp:attachment":[{"href":"https:\/\/rms-enlinea.com.ar\/tienda\/wp-json\/wp\/v2\/media?parent=50221"}],"wp:term":[{"taxonomy":"product_brand","embeddable":true,"href":"https:\/\/rms-enlinea.com.ar\/tienda\/wp-json\/wp\/v2\/product_brand?post=50221"},{"taxonomy":"product_cat","embeddable":true,"href":"https:\/\/rms-enlinea.com.ar\/tienda\/wp-json\/wp\/v2\/product_cat?post=50221"},{"taxonomy":"product_tag","embeddable":true,"href":"https:\/\/rms-enlinea.com.ar\/tienda\/wp-json\/wp\/v2\/product_tag?post=50221"}],"curies":[{"name":"wp","href":"https:\/\/api.w.org\/{rel}","templated":true}]}}