{"id":50224,"date":"2025-06-28T20:00:12","date_gmt":"2025-06-28T23:00:12","guid":{"rendered":"https:\/\/rms-enlinea.com.ar\/tienda\/producto\/switch-24-puertos-gigabit-no-administrable-tp-link-ds1024g\/"},"modified":"2026-04-24T17:30:46","modified_gmt":"2026-04-24T20:30:46","slug":"switch-24-puertos-gigabit-no-administrable-tp-link-ds1024g","status":"publish","type":"product","link":"https:\/\/rms-enlinea.com.ar\/tienda\/producto\/switch-24-puertos-gigabit-no-administrable-tp-link-ds1024g\/","title":{"rendered":"Switch 24 Puertos Gigabit No Administrable Tp-link Ds1024g"},"content":{"rendered":"<p>CARACTER\u00cdSTICAS DE HARDWARE<br \/>Est\u00e1ndares y Protocolos\tIEEE 802.3i, IEEE 802.3u, IEEE 802.3ab, IEEE 802.3x<br \/>Interfaz\t24\u00d7 Puertos RJ45 10\/100\/1000Mbps (Auto negociaci\u00f3n \/ Auto MDI\/MDIX)<br \/>Medios de red\t\u2022 10BASE-T: cable UTP categor\u00eda 3, 4, 5 (m\u00e1x. 100 m)<br \/> \t\u2022 100\/1000BASE-T: cable UTP categor\u00eda 5, 5e o superior (m\u00e1x. 100 m)<br \/>Cantidad de ventiladores\tSin ventilador<br \/>Bloqueo de seguridad f\u00edsica\tS\u00ed<br \/>Fuente de alimentaci\u00f3n\t100-240VAC, 50\/60Hz<br \/>Dimensiones (An x Pr x Al)\t440 \u00d7 140 \u00d7 44 mm (17.3 \u00d7 5.5 \u00d7 1.7 in)<br \/>Montaje\tPara montaje en rack<br \/>Consumo m\u00e1ximo de energ\u00eda\t13.62W<br \/>Disipaci\u00f3n de calor m\u00e1xima\t46.44 BTU\/h<br \/>DESEMPE\u00d1O\t <br \/>Capacidad de conmutaci\u00f3n\t48Gbps<br \/>Tasa de reenv\u00edo de paquetes\t35.7Mpps<br \/>Tabla de direcciones MAC\t8K<br \/>Marco Jumbo\t10KB<\/p>\n","protected":false},"excerpt":{"rendered":"<p>CARACTER\u00cdSTICAS DE HARDWAREEst\u00e1ndares y Protocolos IEEE 802.3i, IEEE 802.3u, IEEE 802.3ab, IEEE 802.3xInterfaz 24\u00d7 Puertos RJ45 10\/100\/1000Mbps (Auto negociaci\u00f3n \/ Auto MDI\/MDIX)Medios de red \u2022 10BASE-T: cable UTP categor\u00eda 3, 4, 5 (m\u00e1x. 100 m) \u2022 100\/1000BASE-T: cable UTP categor\u00eda 5, 5e o superior (m\u00e1x. 100 m)Cantidad de ventiladores Sin ventiladorBloqueo de seguridad f\u00edsica S\u00edFuente [&hellip;]<\/p>\n","protected":false},"featured_media":50225,"comment_status":"open","ping_status":"closed","template":"","meta":{"_uag_custom_page_level_css":""},"product_brand":[546],"product_cat":[122],"product_tag":[],"class_list":{"0":"post-50224","1":"product","2":"type-product","3":"status-publish","4":"has-post-thumbnail","6":"product_brand-tplink","7":"product_cat-redes-y-conectividad","9":"first","10":"outofstock","11":"sale","12":"taxable","13":"shipping-taxable","14":"purchasable","15":"product-type-simple"},"uagb_featured_image_src":{"full":["https:\/\/rms-enlinea.com.ar\/wp-content\/uploads\/2025\/06\/D_851349-MLU78420434014_082024-F.jpg",914,481,false],"thumbnail":["https:\/\/rms-enlinea.com.ar\/wp-content\/uploads\/2025\/06\/D_851349-MLU78420434014_082024-F-150x150.jpg",150,150,true],"medium":["https:\/\/rms-enlinea.com.ar\/wp-content\/uploads\/2025\/06\/D_851349-MLU78420434014_082024-F-300x158.jpg",300,158,true],"medium_large":["https:\/\/rms-enlinea.com.ar\/wp-content\/uploads\/2025\/06\/D_851349-MLU78420434014_082024-F-768x404.jpg",768,404,true],"large":["https:\/\/rms-enlinea.com.ar\/wp-content\/uploads\/2025\/06\/D_851349-MLU78420434014_082024-F.jpg",914,481,false],"1536x1536":["https:\/\/rms-enlinea.com.ar\/wp-content\/uploads\/2025\/06\/D_851349-MLU78420434014_082024-F.jpg",914,481,false],"2048x2048":["https:\/\/rms-enlinea.com.ar\/wp-content\/uploads\/2025\/06\/D_851349-MLU78420434014_082024-F.jpg",914,481,false],"woocommerce_thumbnail":["https:\/\/rms-enlinea.com.ar\/wp-content\/uploads\/2025\/06\/D_851349-MLU78420434014_082024-F-450x450.jpg",450,450,true],"woocommerce_single":["https:\/\/rms-enlinea.com.ar\/wp-content\/uploads\/2025\/06\/D_851349-MLU78420434014_082024-F-600x316.jpg",600,316,true],"woocommerce_gallery_thumbnail":["https:\/\/rms-enlinea.com.ar\/wp-content\/uploads\/2025\/06\/D_851349-MLU78420434014_082024-F-100x100.jpg",100,100,true]},"uagb_author_info":{"display_name":"nelson","author_link":"https:\/\/rms-enlinea.com.ar\/tienda\/author\/"},"uagb_comment_info":0,"uagb_excerpt":"CARACTER\u00cdSTICAS DE HARDWAREEst\u00e1ndares y Protocolos IEEE 802.3i, IEEE 802.3u, IEEE 802.3ab, IEEE 802.3xInterfaz 24\u00d7 Puertos RJ45 10\/100\/1000Mbps (Auto negociaci\u00f3n \/ Auto MDI\/MDIX)Medios de red \u2022 10BASE-T: cable UTP categor\u00eda 3, 4, 5 (m\u00e1x. 100 m) \u2022 100\/1000BASE-T: cable UTP categor\u00eda 5, 5e o superior (m\u00e1x. 100 m)Cantidad de ventiladores Sin ventiladorBloqueo de seguridad f\u00edsica S\u00edFuente&hellip;","_links":{"self":[{"href":"https:\/\/rms-enlinea.com.ar\/tienda\/wp-json\/wp\/v2\/product\/50224","targetHints":{"allow":["GET"]}}],"collection":[{"href":"https:\/\/rms-enlinea.com.ar\/tienda\/wp-json\/wp\/v2\/product"}],"about":[{"href":"https:\/\/rms-enlinea.com.ar\/tienda\/wp-json\/wp\/v2\/types\/product"}],"replies":[{"embeddable":true,"href":"https:\/\/rms-enlinea.com.ar\/tienda\/wp-json\/wp\/v2\/comments?post=50224"}],"wp:featuredmedia":[{"embeddable":true,"href":"https:\/\/rms-enlinea.com.ar\/tienda\/wp-json\/wp\/v2\/media\/50225"}],"wp:attachment":[{"href":"https:\/\/rms-enlinea.com.ar\/tienda\/wp-json\/wp\/v2\/media?parent=50224"}],"wp:term":[{"taxonomy":"product_brand","embeddable":true,"href":"https:\/\/rms-enlinea.com.ar\/tienda\/wp-json\/wp\/v2\/product_brand?post=50224"},{"taxonomy":"product_cat","embeddable":true,"href":"https:\/\/rms-enlinea.com.ar\/tienda\/wp-json\/wp\/v2\/product_cat?post=50224"},{"taxonomy":"product_tag","embeddable":true,"href":"https:\/\/rms-enlinea.com.ar\/tienda\/wp-json\/wp\/v2\/product_tag?post=50224"}],"curies":[{"name":"wp","href":"https:\/\/api.w.org\/{rel}","templated":true}]}}