{"id":50227,"date":"2025-06-28T21:50:09","date_gmt":"2025-06-29T00:50:09","guid":{"rendered":"https:\/\/rms-enlinea.com.ar\/tienda\/producto\/switch-48-puertos-poe-4-sfp-l2-gigabit-tp-link-sg3452p\/"},"modified":"2026-04-21T05:37:33","modified_gmt":"2026-04-21T08:37:33","slug":"switch-48-puertos-poe-4-sfp-l2-gigabit-tp-link-sg3452p","status":"publish","type":"product","link":"https:\/\/rms-enlinea.com.ar\/tienda\/producto\/switch-48-puertos-poe-4-sfp-l2-gigabit-tp-link-sg3452p\/","title":{"rendered":"Switch 48 Puertos Poe + 4 Sfp L2 Gigabit Tp-link Sg3452p"},"content":{"rendered":"<p>CARACTER\u00cdSTICAS DE HARDWARE <br \/>Interfaz\t\u2022 48 puertos RJ45 de 10\/100\/1000 Mbps<br \/> \t\u2022 4 ranuras Gigabit SFP<br \/> \t\u2022 1 puerto de consola RJ45<br \/> \t\u2022 1 puerto de consola micro-USB<br \/>Cantidad de Ventiladores\t3<br \/>Fuente de Alimentaci\u00f3n\t100-240 V AC~50\/60 Hz<br \/>Puertos PoE (RJ45)\t\u2022 Est\u00e1ndar: compatible con 802.3at\/af<br \/> \t\u2022 Puertos PoE+: 48 puertos, hasta 30 W por puerto<br \/> \t\u2022 Potencia PoE: 384 W*<br \/>Dimensiones\t17.3 \u00d7 13.0 \u00d7 1.7 in (440 \u00d7 330 \u00d7 44 mm)<br \/>Montaje\tMontaje en Rack<br \/>Consumo de Potencia M\u00e1ximo\t\u2022 V1: 485,4 W (110 V\/60 Hz) (con 384 W PD conectado); 52,53 W (110 V\/60 Hz) (sin PD conectado)<br \/> \t\u2022 V2: 482,8 W (110 V\/60 Hz) (con 384 W PD conectado)<br \/> \t\u2022 V3: 464,2 W (110 V\/60 Hz) (con 384 W PD conectado)<br \/>Disipaci\u00f3n m\u00e1xima de calor\t\u2022 V1: 1656,19 BTU\/h (110 V\/60 Hz) (con PD de 384 W conectado); 179,13 BTU\/h (110 V\/60 Hz) (sin PD conectado)<br \/> \t\u2022 V2: 1647,5 BTU\/h (110 V\/60 Hz) (con 384 W PD conectado)<br \/> \t\u2022 V3: 1584,08 BTU\/h (110 V\/60 Hz) (con PD de 384 W conectado)<br \/>RENDIMIENTO<\/p>\n","protected":false},"excerpt":{"rendered":"<p>CARACTER\u00cdSTICAS DE HARDWARE Interfaz \u2022 48 puertos RJ45 de 10\/100\/1000 Mbps \u2022 4 ranuras Gigabit SFP \u2022 1 puerto de consola RJ45 \u2022 1 puerto de consola micro-USBCantidad de Ventiladores 3Fuente de Alimentaci\u00f3n 100-240 V AC~50\/60 HzPuertos PoE (RJ45) \u2022 Est\u00e1ndar: compatible con 802.3at\/af \u2022 Puertos PoE+: 48 puertos, hasta 30 W por puerto \u2022 [&hellip;]<\/p>\n","protected":false},"featured_media":33790,"comment_status":"open","ping_status":"closed","template":"","meta":{"_uag_custom_page_level_css":""},"product_brand":[546],"product_cat":[122],"product_tag":[],"class_list":{"0":"post-50227","1":"product","2":"type-product","3":"status-publish","4":"has-post-thumbnail","6":"product_brand-tplink","7":"product_cat-redes-y-conectividad","9":"first","10":"outofstock","11":"sale","12":"taxable","13":"shipping-taxable","14":"purchasable","15":"product-type-simple"},"uagb_featured_image_src":{"full":["https:\/\/rms-enlinea.com.ar\/wp-content\/uploads\/2025\/06\/D_643987-MLA74110313833_012024-F.jpg",1161,405,false],"thumbnail":["https:\/\/rms-enlinea.com.ar\/wp-content\/uploads\/2025\/06\/D_643987-MLA74110313833_012024-F-150x150.jpg",150,150,true],"medium":["https:\/\/rms-enlinea.com.ar\/wp-content\/uploads\/2025\/06\/D_643987-MLA74110313833_012024-F-300x105.jpg",300,105,true],"medium_large":["https:\/\/rms-enlinea.com.ar\/wp-content\/uploads\/2025\/06\/D_643987-MLA74110313833_012024-F-768x268.jpg",768,268,true],"large":["https:\/\/rms-enlinea.com.ar\/wp-content\/uploads\/2025\/06\/D_643987-MLA74110313833_012024-F-1024x357.jpg",1024,357,true],"1536x1536":["https:\/\/rms-enlinea.com.ar\/wp-content\/uploads\/2025\/06\/D_643987-MLA74110313833_012024-F.jpg",1161,405,false],"2048x2048":["https:\/\/rms-enlinea.com.ar\/wp-content\/uploads\/2025\/06\/D_643987-MLA74110313833_012024-F.jpg",1161,405,false],"woocommerce_thumbnail":["https:\/\/rms-enlinea.com.ar\/wp-content\/uploads\/2025\/06\/D_643987-MLA74110313833_012024-F-450x405.jpg",450,405,true],"woocommerce_single":["https:\/\/rms-enlinea.com.ar\/wp-content\/uploads\/2025\/06\/D_643987-MLA74110313833_012024-F-600x209.jpg",600,209,true],"woocommerce_gallery_thumbnail":["https:\/\/rms-enlinea.com.ar\/wp-content\/uploads\/2025\/06\/D_643987-MLA74110313833_012024-F-100x100.jpg",100,100,true]},"uagb_author_info":{"display_name":"nelson","author_link":"https:\/\/rms-enlinea.com.ar\/tienda\/author\/"},"uagb_comment_info":0,"uagb_excerpt":"CARACTER\u00cdSTICAS DE HARDWARE Interfaz \u2022 48 puertos RJ45 de 10\/100\/1000 Mbps \u2022 4 ranuras Gigabit SFP \u2022 1 puerto de consola RJ45 \u2022 1 puerto de consola micro-USBCantidad de Ventiladores 3Fuente de Alimentaci\u00f3n 100-240 V AC~50\/60 HzPuertos PoE (RJ45) \u2022 Est\u00e1ndar: compatible con 802.3at\/af \u2022 Puertos PoE+: 48 puertos, hasta 30 W por puerto \u2022&hellip;","_links":{"self":[{"href":"https:\/\/rms-enlinea.com.ar\/tienda\/wp-json\/wp\/v2\/product\/50227","targetHints":{"allow":["GET"]}}],"collection":[{"href":"https:\/\/rms-enlinea.com.ar\/tienda\/wp-json\/wp\/v2\/product"}],"about":[{"href":"https:\/\/rms-enlinea.com.ar\/tienda\/wp-json\/wp\/v2\/types\/product"}],"replies":[{"embeddable":true,"href":"https:\/\/rms-enlinea.com.ar\/tienda\/wp-json\/wp\/v2\/comments?post=50227"}],"wp:featuredmedia":[{"embeddable":true,"href":"https:\/\/rms-enlinea.com.ar\/tienda\/wp-json\/wp\/v2\/media\/33790"}],"wp:attachment":[{"href":"https:\/\/rms-enlinea.com.ar\/tienda\/wp-json\/wp\/v2\/media?parent=50227"}],"wp:term":[{"taxonomy":"product_brand","embeddable":true,"href":"https:\/\/rms-enlinea.com.ar\/tienda\/wp-json\/wp\/v2\/product_brand?post=50227"},{"taxonomy":"product_cat","embeddable":true,"href":"https:\/\/rms-enlinea.com.ar\/tienda\/wp-json\/wp\/v2\/product_cat?post=50227"},{"taxonomy":"product_tag","embeddable":true,"href":"https:\/\/rms-enlinea.com.ar\/tienda\/wp-json\/wp\/v2\/product_tag?post=50227"}],"curies":[{"name":"wp","href":"https:\/\/api.w.org\/{rel}","templated":true}]}}