{"id":50246,"date":"2025-07-01T11:40:39","date_gmt":"2025-07-01T14:40:39","guid":{"rendered":"https:\/\/rms-enlinea.com.ar\/tienda\/producto\/monitor-de-escenario-activo-12-350w-rms-proel-wd12av2\/"},"modified":"2026-04-21T05:33:11","modified_gmt":"2026-04-21T08:33:11","slug":"monitor-de-escenario-activo-12-350w-rms-proel-wd12av2","status":"publish","type":"product","link":"https:\/\/rms-enlinea.com.ar\/tienda\/producto\/monitor-de-escenario-activo-12-350w-rms-proel-wd12av2\/","title":{"rendered":"Monitor De Escenario Activo 12 350w Rms Proel Wd12av2"},"content":{"rendered":"<p>La  serie WEDGE  de PROEL ha marcado la pauta en  monitores de escenario asequibles y resistentes , capaces de ofrecer una soluci\u00f3n de monitorizaci\u00f3n de gran valor, con  una inteligibilidad de sonido perfecta y un alto nivel de presi\u00f3n sonora (SPL)  en cajas port\u00e1tiles y de perfil bajo. La  versi\u00f3n 2  de esta exitosa serie representa un gran avance, con varias mejoras de dise\u00f1o y funcionalidad.<\/p>\n<p>Los m\u00f3dulos amplificadores  ligeros  de clase D con fuente de alimentaci\u00f3n de se\u00f1al anal\u00f3gica (SMPS) se han  redise\u00f1ado por completo para ofrecer la m\u00e1xima fiabilidad incluso con el sistema sometido a los niveles m\u00e1s altos de presi\u00f3n sonora. Junto con un  sofisticado procesamiento anal\u00f3gico , ofrecen una respuesta extremadamente detallada, especialmente en el rango vocal, y una notable resistencia a la realimentaci\u00f3n. Disponen de dos preajustes de ecualizaci\u00f3n personalizados para usar el altavoz no solo como monitor de escenario ( MONITOR ), sino tambi\u00e9n como SISTEMA DE SONIDO PRINCIPAL ( FOH ).<\/p>\n<p>El elegante dise\u00f1o de los gabinetes, con asas integradas, panel de conexi\u00f3n empotrado y toma de poste, se ha optimizado  para reducir a\u00fan m\u00e1s el perfil  y, por lo tanto, el espacio que ocupan en el escenario. Conociendo el maltrato al que suelen estar sometidos los monitores de escenario, hemos mejorado considerablemente la resistencia de la  pintura de poliuretano de los gabinetes , haci\u00e9ndolos resistentes a cualquier maltrato.<\/p>\n<p>Tambi\u00e9n se han actualizado los  transductores coaxiales dise\u00f1ados a medida , capaces de proporcionar una perfecta alineaci\u00f3n de HF y LF y una directividad controlada para una escucha perfecta desde cualquier posici\u00f3n, especialmente el de 10\u201d que ahora incorpora un motor de compresi\u00f3n de mayor eficiencia.<\/p>\n<p>Los monitores V2 WEDGE est\u00e1n disponibles en tres modelos, ofreciendo la soluci\u00f3n perfecta para cualquier situaci\u00f3n de monitorizaci\u00f3n. El ultracompacto  WD10AV2  ofrece monitorizaci\u00f3n de alto rendimiento incluso en escenarios peque\u00f1os y es la soluci\u00f3n ideal para voz, voces y teclados.  El WD12AV2 , con su alto SPL y respuesta de rango completo, es la opci\u00f3n predilecta para voces, guitarras, instrumentos de viento e instrumentos electr\u00f3nicos, o como monitor de alta potencia para DJ.  El WD15AV2 , con su extensi\u00f3n completa y una respuesta potente y profunda en las frecuencias graves, es el monitor ideal para bajistas y bateristas. La secci\u00f3n de agudos con bocina y el potente amplificador lo convierten en la soluci\u00f3n perfecta para monitorizar incluso en escenarios de gran tama\u00f1o.<\/p>\n<p>Monitor de escenario coaxial activo de 2 v\u00edas<br \/>Controlador de compresi\u00f3n de 1\u201d con VC de 1,35\u201d<br \/>Woofer de 12\u201d con VC de 2,5\u201d<br \/>Potencia total de 350 W (pico de 700 W)<br \/>M\u00f3dulo de potencia de clase D de 300 W + clase AB de 50 W con SMPS<br \/>Circuito limitador dual<br \/>2 PRESETS de ecualizaci\u00f3n para uso como monitor o FOH (Front-Of-House)<br \/>SPL M\u00c1XIMO 124 dB<br \/>Respuesta de frecuencia 50 Hz &#8211; 20 KHz<br \/>Gabinete de madera contrachapada liviano y de perfil bajo con pintura de poliuretano ultraduradera negra<br \/>Rejilla met\u00e1lica reforzada con protecci\u00f3n contra el polvo.<br \/>Panel de conexi\u00f3n empotrado para mayor protecci\u00f3n<br \/>2 asas empotradas para facilitar el transporte<br \/>Toma de corriente de poste<\/p>\n","protected":false},"excerpt":{"rendered":"<p>La serie WEDGE de PROEL ha marcado la pauta en monitores de escenario asequibles y resistentes , capaces de ofrecer una soluci\u00f3n de monitorizaci\u00f3n de gran valor, con una inteligibilidad de sonido perfecta y un alto nivel de presi\u00f3n sonora (SPL) en cajas port\u00e1tiles y de perfil bajo. La versi\u00f3n 2 de esta exitosa serie [&hellip;]<\/p>\n","protected":false},"featured_media":50247,"comment_status":"open","ping_status":"closed","template":"","meta":{"_uag_custom_page_level_css":""},"product_brand":[501],"product_cat":[15],"product_tag":[],"class_list":{"0":"post-50246","1":"product","2":"type-product","3":"status-publish","4":"has-post-thumbnail","6":"product_brand-proel","7":"product_cat-sin-categorizar","9":"first","10":"outofstock","11":"sale","12":"taxable","13":"shipping-taxable","14":"purchasable","15":"product-type-simple"},"uagb_featured_image_src":{"full":["https:\/\/rms-enlinea.com.ar\/wp-content\/uploads\/2025\/07\/D_836641-MLA87055205389_072025-F.jpg",1005,764,false],"thumbnail":["https:\/\/rms-enlinea.com.ar\/wp-content\/uploads\/2025\/07\/D_836641-MLA87055205389_072025-F-150x150.jpg",150,150,true],"medium":["https:\/\/rms-enlinea.com.ar\/wp-content\/uploads\/2025\/07\/D_836641-MLA87055205389_072025-F-300x228.jpg",300,228,true],"medium_large":["https:\/\/rms-enlinea.com.ar\/wp-content\/uploads\/2025\/07\/D_836641-MLA87055205389_072025-F-768x584.jpg",768,584,true],"large":["https:\/\/rms-enlinea.com.ar\/wp-content\/uploads\/2025\/07\/D_836641-MLA87055205389_072025-F.jpg",1005,764,false],"1536x1536":["https:\/\/rms-enlinea.com.ar\/wp-content\/uploads\/2025\/07\/D_836641-MLA87055205389_072025-F.jpg",1005,764,false],"2048x2048":["https:\/\/rms-enlinea.com.ar\/wp-content\/uploads\/2025\/07\/D_836641-MLA87055205389_072025-F.jpg",1005,764,false],"woocommerce_thumbnail":["https:\/\/rms-enlinea.com.ar\/wp-content\/uploads\/2025\/07\/D_836641-MLA87055205389_072025-F-450x450.jpg",450,450,true],"woocommerce_single":["https:\/\/rms-enlinea.com.ar\/wp-content\/uploads\/2025\/07\/D_836641-MLA87055205389_072025-F-600x456.jpg",600,456,true],"woocommerce_gallery_thumbnail":["https:\/\/rms-enlinea.com.ar\/wp-content\/uploads\/2025\/07\/D_836641-MLA87055205389_072025-F-100x100.jpg",100,100,true]},"uagb_author_info":{"display_name":"mario","author_link":"https:\/\/rms-enlinea.com.ar\/tienda\/author\/"},"uagb_comment_info":0,"uagb_excerpt":"La serie WEDGE de PROEL ha marcado la pauta en monitores de escenario asequibles y resistentes , capaces de ofrecer una soluci\u00f3n de monitorizaci\u00f3n de gran valor, con una inteligibilidad de sonido perfecta y un alto nivel de presi\u00f3n sonora (SPL) en cajas port\u00e1tiles y de perfil bajo. La versi\u00f3n 2 de esta exitosa serie&hellip;","_links":{"self":[{"href":"https:\/\/rms-enlinea.com.ar\/tienda\/wp-json\/wp\/v2\/product\/50246","targetHints":{"allow":["GET"]}}],"collection":[{"href":"https:\/\/rms-enlinea.com.ar\/tienda\/wp-json\/wp\/v2\/product"}],"about":[{"href":"https:\/\/rms-enlinea.com.ar\/tienda\/wp-json\/wp\/v2\/types\/product"}],"replies":[{"embeddable":true,"href":"https:\/\/rms-enlinea.com.ar\/tienda\/wp-json\/wp\/v2\/comments?post=50246"}],"wp:featuredmedia":[{"embeddable":true,"href":"https:\/\/rms-enlinea.com.ar\/tienda\/wp-json\/wp\/v2\/media\/50247"}],"wp:attachment":[{"href":"https:\/\/rms-enlinea.com.ar\/tienda\/wp-json\/wp\/v2\/media?parent=50246"}],"wp:term":[{"taxonomy":"product_brand","embeddable":true,"href":"https:\/\/rms-enlinea.com.ar\/tienda\/wp-json\/wp\/v2\/product_brand?post=50246"},{"taxonomy":"product_cat","embeddable":true,"href":"https:\/\/rms-enlinea.com.ar\/tienda\/wp-json\/wp\/v2\/product_cat?post=50246"},{"taxonomy":"product_tag","embeddable":true,"href":"https:\/\/rms-enlinea.com.ar\/tienda\/wp-json\/wp\/v2\/product_tag?post=50246"}],"curies":[{"name":"wp","href":"https:\/\/api.w.org\/{rel}","templated":true}]}}