{"id":50301,"date":"2025-07-01T12:42:27","date_gmt":"2025-07-01T15:42:27","guid":{"rendered":"https:\/\/rms-enlinea.com.ar\/tienda\/producto\/subwoofer-de-estudio-eikon-by-proel-ek10sw-150w-rms-110db\/"},"modified":"2026-04-21T05:18:08","modified_gmt":"2026-04-21T08:18:08","slug":"subwoofer-de-estudio-eikon-by-proel-ek10sw-150w-rms-110db","status":"publish","type":"product","link":"https:\/\/rms-enlinea.com.ar\/tienda\/producto\/subwoofer-de-estudio-eikon-by-proel-ek10sw-150w-rms-110db\/","title":{"rendered":"Subwoofer De Estudio Eikon By Proel Ek10sw 150w Rms 110db"},"content":{"rendered":"<p>Tipo de sistema\tsubwoofer ventilado<br \/>Dispositivo de baja frecuencia\tWoofer de 10\u201d con cono de PP<br \/>Potencia continua del amplificador LF\tClase AB de 150 W<br \/>Tratamiento\tCosa an\u00e1loga<br \/>Respuesta de frecuencia\t40 Hz &#8211; 150 Hz<br \/>Presi\u00f3n sonora m\u00e1xima\t110 dB<br \/>Conectores\tJACK DE 1\/4\u201d, XLR-F (ENTRADA EST\u00c9REO), XLR-M (SALIDA EST\u00c9REO), XLR-M (ENLACE)<br \/>Controles\tSelector de frecuencia de NIVEL, CORTE ALTO y CORTE BAJO, FASE<br \/>Construcci\u00f3n\tGabinete de MDF laminado en vinilo con frente de MDF<br \/>Color del gabinete\tNegro<br \/>Fuente de alimentaci\u00f3n\t230 VCA o 120 VCA 50\/60 Hz con selector de VOLTAJE DE L\u00cdNEA<br \/>Dimensiones (An x Al x Pr)\t330 x 365 x 365 mm<br \/>Peso\t15,3 kilogramos<\/p>\n","protected":false},"excerpt":{"rendered":"<p>Tipo de sistema subwoofer ventiladoDispositivo de baja frecuencia Woofer de 10\u201d con cono de PPPotencia continua del amplificador LF Clase AB de 150 WTratamiento Cosa an\u00e1logaRespuesta de frecuencia 40 Hz &#8211; 150 HzPresi\u00f3n sonora m\u00e1xima 110 dBConectores JACK DE 1\/4\u201d, XLR-F (ENTRADA EST\u00c9REO), XLR-M (SALIDA EST\u00c9REO), XLR-M (ENLACE)Controles Selector de frecuencia de NIVEL, CORTE ALTO [&hellip;]<\/p>\n","protected":false},"featured_media":50302,"comment_status":"open","ping_status":"closed","template":"","meta":{"_uag_custom_page_level_css":""},"product_brand":[501],"product_cat":[15],"product_tag":[],"class_list":{"0":"post-50301","1":"product","2":"type-product","3":"status-publish","4":"has-post-thumbnail","6":"product_brand-proel","7":"product_cat-sin-categorizar","9":"first","10":"outofstock","11":"sale","12":"taxable","13":"shipping-taxable","14":"purchasable","15":"product-type-simple"},"uagb_featured_image_src":{"full":["https:\/\/rms-enlinea.com.ar\/wp-content\/uploads\/2025\/07\/D_903042-MLA87057458891_072025-F.jpg",987,907,false],"thumbnail":["https:\/\/rms-enlinea.com.ar\/wp-content\/uploads\/2025\/07\/D_903042-MLA87057458891_072025-F-150x150.jpg",150,150,true],"medium":["https:\/\/rms-enlinea.com.ar\/wp-content\/uploads\/2025\/07\/D_903042-MLA87057458891_072025-F-300x276.jpg",300,276,true],"medium_large":["https:\/\/rms-enlinea.com.ar\/wp-content\/uploads\/2025\/07\/D_903042-MLA87057458891_072025-F-768x706.jpg",768,706,true],"large":["https:\/\/rms-enlinea.com.ar\/wp-content\/uploads\/2025\/07\/D_903042-MLA87057458891_072025-F.jpg",987,907,false],"1536x1536":["https:\/\/rms-enlinea.com.ar\/wp-content\/uploads\/2025\/07\/D_903042-MLA87057458891_072025-F.jpg",987,907,false],"2048x2048":["https:\/\/rms-enlinea.com.ar\/wp-content\/uploads\/2025\/07\/D_903042-MLA87057458891_072025-F.jpg",987,907,false],"woocommerce_thumbnail":["https:\/\/rms-enlinea.com.ar\/wp-content\/uploads\/2025\/07\/D_903042-MLA87057458891_072025-F-450x450.jpg",450,450,true],"woocommerce_single":["https:\/\/rms-enlinea.com.ar\/wp-content\/uploads\/2025\/07\/D_903042-MLA87057458891_072025-F-600x551.jpg",600,551,true],"woocommerce_gallery_thumbnail":["https:\/\/rms-enlinea.com.ar\/wp-content\/uploads\/2025\/07\/D_903042-MLA87057458891_072025-F-100x100.jpg",100,100,true]},"uagb_author_info":{"display_name":"mario","author_link":"https:\/\/rms-enlinea.com.ar\/tienda\/author\/"},"uagb_comment_info":0,"uagb_excerpt":"Tipo de sistema subwoofer ventiladoDispositivo de baja frecuencia Woofer de 10\u201d con cono de PPPotencia continua del amplificador LF Clase AB de 150 WTratamiento Cosa an\u00e1logaRespuesta de frecuencia 40 Hz &#8211; 150 HzPresi\u00f3n sonora m\u00e1xima 110 dBConectores JACK DE 1\/4\u201d, XLR-F (ENTRADA EST\u00c9REO), XLR-M (SALIDA EST\u00c9REO), XLR-M (ENLACE)Controles Selector de frecuencia de NIVEL, CORTE ALTO&hellip;","_links":{"self":[{"href":"https:\/\/rms-enlinea.com.ar\/tienda\/wp-json\/wp\/v2\/product\/50301","targetHints":{"allow":["GET"]}}],"collection":[{"href":"https:\/\/rms-enlinea.com.ar\/tienda\/wp-json\/wp\/v2\/product"}],"about":[{"href":"https:\/\/rms-enlinea.com.ar\/tienda\/wp-json\/wp\/v2\/types\/product"}],"replies":[{"embeddable":true,"href":"https:\/\/rms-enlinea.com.ar\/tienda\/wp-json\/wp\/v2\/comments?post=50301"}],"wp:featuredmedia":[{"embeddable":true,"href":"https:\/\/rms-enlinea.com.ar\/tienda\/wp-json\/wp\/v2\/media\/50302"}],"wp:attachment":[{"href":"https:\/\/rms-enlinea.com.ar\/tienda\/wp-json\/wp\/v2\/media?parent=50301"}],"wp:term":[{"taxonomy":"product_brand","embeddable":true,"href":"https:\/\/rms-enlinea.com.ar\/tienda\/wp-json\/wp\/v2\/product_brand?post=50301"},{"taxonomy":"product_cat","embeddable":true,"href":"https:\/\/rms-enlinea.com.ar\/tienda\/wp-json\/wp\/v2\/product_cat?post=50301"},{"taxonomy":"product_tag","embeddable":true,"href":"https:\/\/rms-enlinea.com.ar\/tienda\/wp-json\/wp\/v2\/product_tag?post=50301"}],"curies":[{"name":"wp","href":"https:\/\/api.w.org\/{rel}","templated":true}]}}