{"id":50325,"date":"2025-07-01T13:20:30","date_gmt":"2025-07-01T16:20:30","guid":{"rendered":"https:\/\/rms-enlinea.com.ar\/tienda\/producto\/bafle-activo-2-vias-12-pulgadas-600w-124db-proel-v12plus\/"},"modified":"2026-02-20T22:02:20","modified_gmt":"2026-02-21T01:02:20","slug":"bafle-activo-2-vias-12-pulgadas-600w-124db-proel-v12plus","status":"publish","type":"product","link":"https:\/\/rms-enlinea.com.ar\/tienda\/producto\/bafle-activo-2-vias-12-pulgadas-600w-124db-proel-v12plus\/","title":{"rendered":"Bafle Activo 2 Vias 12 Pulgadas 600w 124db Proel V12plus"},"content":{"rendered":"<p>La serie V PLUS es la evoluci\u00f3n de la aclamada serie V de altavoces autoamplificados PROEL, que ofrece un valor excepcional en t\u00e9rminos de rendimiento, ingenier\u00eda y dise\u00f1o a un precio m\u00e1s asequible. Estos altavoces ultraport\u00e1tiles combinan, en gabinetes ligeros y cuidadosamente dise\u00f1ados, el sonido PROEL m\u00e1s n\u00edtido y preciso con tecnolog\u00eda de amplificaci\u00f3n de clase D y fuente de alimentaci\u00f3n conmutada, ofreciendo una soluci\u00f3n de PA inigualable a su precio.<\/p>\n<p>Los tres modelos, V10PLUS, V12PLUS y V15PLUS, incorporan un m\u00f3dulo amplificador extremadamente eficiente capaz de entregar 600 W de potencia robusta a los transductores. Gracias al uso de la tecnolog\u00eda SMPS, esta potencia se presenta en un formato ultraligero, convirtiendo al V PLUS en el altavoz PROEL m\u00e1s port\u00e1til hasta la fecha. El m\u00f3dulo de potencia se aloja en una caja de aluminio completamente sellada, que proporciona protecci\u00f3n, un aislamiento perfecto de la caja del exterior y una refrigeraci\u00f3n extremadamente eficiente.<\/p>\n<p>Gracias a los altavoces cuidadosamente seleccionados y a la sofisticada electr\u00f3nica activa, incluyendo dos CLIP LIMITERS para un sonido sin distorsiones incluso al nivel m\u00e1s alto, el sonido del V PLUS ha sido ajustado con precisi\u00f3n en cada detalle, para ofrecer un rendimiento inaudito en este rango de precios.<\/p>\n<p>Los gabinetes V PLUS, expresi\u00f3n del dise\u00f1o italiano m\u00e1s avanzado, incluyen un asa superior ultrac\u00f3moda tipo maleta para transportarlos f\u00e1cilmente. Su forma inclinada permite colocarlos de lado y usarlos tambi\u00e9n como monitores de escenario.<\/p>\n<p>Sistema de altavoces biamplificados de 2 v\u00edas<br \/>Controlador de compresi\u00f3n de NEODIMIO de 1\u201d<br \/>Bocina de cobertura constante de 90\u00b0 x 60\u00b0<br \/>Woofer de 12\u201d de alta excursi\u00f3n con VC de 2\u201d<br \/>Amplificador de potencia de 600 W Clase D + AB con SMPS<br \/>Procesador activo integrado con circuito LIMITADOR dual <br \/>Entrada MIC\/LINE con ecualizador de 2 bandas<br \/>LED frontal con selecci\u00f3n de ENCENDIDO o SE\u00d1AL\/CLIP <br \/>SPL M\u00c1XIMO: 124 dB<br \/>Respuesta de frecuencia: 50 Hz &#8211; 20 kHz<br \/>Gabinete ultraligero de polipropileno reforzado<br \/>Asa superior para un transporte sin esfuerzo<br \/>Forma inclinada para su uso como monitor de escenario.<br \/>Cuatro puntos de vuelo M10<br \/>13 kg de peso total<\/p>\n","protected":false},"excerpt":{"rendered":"<p>La serie V PLUS es la evoluci\u00f3n de la aclamada serie V de altavoces autoamplificados PROEL, que ofrece un valor excepcional en t\u00e9rminos de rendimiento, ingenier\u00eda y dise\u00f1o a un precio m\u00e1s asequible. Estos altavoces ultraport\u00e1tiles combinan, en gabinetes ligeros y cuidadosamente dise\u00f1ados, el sonido PROEL m\u00e1s n\u00edtido y preciso con tecnolog\u00eda de amplificaci\u00f3n de [&hellip;]<\/p>\n","protected":false},"featured_media":50326,"comment_status":"open","ping_status":"closed","template":"","meta":{"_uag_custom_page_level_css":""},"product_brand":[501],"product_cat":[36],"product_tag":[],"class_list":{"0":"post-50325","1":"product","2":"type-product","3":"status-publish","4":"has-post-thumbnail","6":"product_brand-proel","7":"product_cat-bafles","9":"first","10":"instock","11":"sale","12":"taxable","13":"shipping-taxable","14":"purchasable","15":"product-type-simple"},"uagb_featured_image_src":{"full":["https:\/\/rms-enlinea.com.ar\/wp-content\/uploads\/2025\/07\/D_628823-MLA86736714726_072025-F.jpg",607,953,false],"thumbnail":["https:\/\/rms-enlinea.com.ar\/wp-content\/uploads\/2025\/07\/D_628823-MLA86736714726_072025-F-150x150.jpg",150,150,true],"medium":["https:\/\/rms-enlinea.com.ar\/wp-content\/uploads\/2025\/07\/D_628823-MLA86736714726_072025-F-191x300.jpg",191,300,true],"medium_large":["https:\/\/rms-enlinea.com.ar\/wp-content\/uploads\/2025\/07\/D_628823-MLA86736714726_072025-F.jpg",607,953,false],"large":["https:\/\/rms-enlinea.com.ar\/wp-content\/uploads\/2025\/07\/D_628823-MLA86736714726_072025-F.jpg",607,953,false],"1536x1536":["https:\/\/rms-enlinea.com.ar\/wp-content\/uploads\/2025\/07\/D_628823-MLA86736714726_072025-F.jpg",607,953,false],"2048x2048":["https:\/\/rms-enlinea.com.ar\/wp-content\/uploads\/2025\/07\/D_628823-MLA86736714726_072025-F.jpg",607,953,false],"woocommerce_thumbnail":["https:\/\/rms-enlinea.com.ar\/wp-content\/uploads\/2025\/07\/D_628823-MLA86736714726_072025-F-450x450.jpg",450,450,true],"woocommerce_single":["https:\/\/rms-enlinea.com.ar\/wp-content\/uploads\/2025\/07\/D_628823-MLA86736714726_072025-F-600x942.jpg",600,942,true],"woocommerce_gallery_thumbnail":["https:\/\/rms-enlinea.com.ar\/wp-content\/uploads\/2025\/07\/D_628823-MLA86736714726_072025-F-100x100.jpg",100,100,true]},"uagb_author_info":{"display_name":"mario","author_link":"https:\/\/rms-enlinea.com.ar\/tienda\/author\/"},"uagb_comment_info":0,"uagb_excerpt":"La serie V PLUS es la evoluci\u00f3n de la aclamada serie V de altavoces autoamplificados PROEL, que ofrece un valor excepcional en t\u00e9rminos de rendimiento, ingenier\u00eda y dise\u00f1o a un precio m\u00e1s asequible. Estos altavoces ultraport\u00e1tiles combinan, en gabinetes ligeros y cuidadosamente dise\u00f1ados, el sonido PROEL m\u00e1s n\u00edtido y preciso con tecnolog\u00eda de amplificaci\u00f3n de&hellip;","_links":{"self":[{"href":"https:\/\/rms-enlinea.com.ar\/tienda\/wp-json\/wp\/v2\/product\/50325","targetHints":{"allow":["GET"]}}],"collection":[{"href":"https:\/\/rms-enlinea.com.ar\/tienda\/wp-json\/wp\/v2\/product"}],"about":[{"href":"https:\/\/rms-enlinea.com.ar\/tienda\/wp-json\/wp\/v2\/types\/product"}],"replies":[{"embeddable":true,"href":"https:\/\/rms-enlinea.com.ar\/tienda\/wp-json\/wp\/v2\/comments?post=50325"}],"wp:featuredmedia":[{"embeddable":true,"href":"https:\/\/rms-enlinea.com.ar\/tienda\/wp-json\/wp\/v2\/media\/50326"}],"wp:attachment":[{"href":"https:\/\/rms-enlinea.com.ar\/tienda\/wp-json\/wp\/v2\/media?parent=50325"}],"wp:term":[{"taxonomy":"product_brand","embeddable":true,"href":"https:\/\/rms-enlinea.com.ar\/tienda\/wp-json\/wp\/v2\/product_brand?post=50325"},{"taxonomy":"product_cat","embeddable":true,"href":"https:\/\/rms-enlinea.com.ar\/tienda\/wp-json\/wp\/v2\/product_cat?post=50325"},{"taxonomy":"product_tag","embeddable":true,"href":"https:\/\/rms-enlinea.com.ar\/tienda\/wp-json\/wp\/v2\/product_tag?post=50325"}],"curies":[{"name":"wp","href":"https:\/\/api.w.org\/{rel}","templated":true}]}}