{"id":50350,"date":"2025-07-01T13:40:11","date_gmt":"2025-07-01T16:40:11","guid":{"rendered":"https:\/\/rms-enlinea.com.ar\/tienda\/producto\/set-8-microfonos-de-bateria-eikon-by-proel-dmh8xl\/"},"modified":"2026-02-18T05:50:12","modified_gmt":"2026-02-18T08:50:12","slug":"set-8-microfonos-de-bateria-eikon-by-proel-dmh8xl","status":"publish","type":"product","link":"https:\/\/rms-enlinea.com.ar\/tienda\/producto\/set-8-microfonos-de-bateria-eikon-by-proel-dmh8xl\/","title":{"rendered":"Set 8 Microfonos De Bateria Eikon By Proel Dmh8xl"},"content":{"rendered":"<p>DM1 (Micr\u00f3fono de percusi\u00f3n)<\/p>\n<p>Patr\u00f3n polar cardioide para una reproducci\u00f3n de sonido precisa sin ruido de fondo innecesario<br \/>Respuesta de frecuencia adaptada para percusiones, cajas, toms y otros instrumentos<br \/>Alta ganancia antes de la retroalimentaci\u00f3n<br \/>Soporte amortiguador interno para reducir el ruido<br \/>El dise\u00f1o compacto reduce el desorden en el escenario.<br \/>Rejilla de malla de acero endurecido<br \/>DM12 (Micr\u00f3fono para bombo)<\/p>\n<p>Patr\u00f3n polar supercardioide<br \/>Respuesta transitoria r\u00e1pida<br \/>Extensi\u00f3n de baja frecuencia<br \/>Dise\u00f1ado para usarse con bombos, cabinas de bajo, tubas y otros instrumentos de baja frecuencia.<br \/>Soporte amortiguador interno para reducir el ruido<br \/>Construcci\u00f3n de metal duradera con rejilla de malla de acero endurecido.<br \/>CM602 (Micr\u00f3fono de platillos)<\/p>\n","protected":false},"excerpt":{"rendered":"<p>DM1 (Micr\u00f3fono de percusi\u00f3n) Patr\u00f3n polar cardioide para una reproducci\u00f3n de sonido precisa sin ruido de fondo innecesarioRespuesta de frecuencia adaptada para percusiones, cajas, toms y otros instrumentosAlta ganancia antes de la retroalimentaci\u00f3nSoporte amortiguador interno para reducir el ruidoEl dise\u00f1o compacto reduce el desorden en el escenario.Rejilla de malla de acero endurecidoDM12 (Micr\u00f3fono para bombo) [&hellip;]<\/p>\n","protected":false},"featured_media":50351,"comment_status":"open","ping_status":"closed","template":"","meta":{"_uag_custom_page_level_css":""},"product_brand":[501],"product_cat":[75],"product_tag":[],"class_list":{"0":"post-50350","1":"product","2":"type-product","3":"status-publish","4":"has-post-thumbnail","6":"product_brand-proel","7":"product_cat-microfonos","9":"first","10":"instock","11":"sale","12":"taxable","13":"shipping-taxable","14":"purchasable","15":"product-type-simple"},"uagb_featured_image_src":{"full":["https:\/\/rms-enlinea.com.ar\/wp-content\/uploads\/2025\/07\/D_748748-MLA87059354003_072025-F.jpg",1067,431,false],"thumbnail":["https:\/\/rms-enlinea.com.ar\/wp-content\/uploads\/2025\/07\/D_748748-MLA87059354003_072025-F-150x150.jpg",150,150,true],"medium":["https:\/\/rms-enlinea.com.ar\/wp-content\/uploads\/2025\/07\/D_748748-MLA87059354003_072025-F-300x121.jpg",300,121,true],"medium_large":["https:\/\/rms-enlinea.com.ar\/wp-content\/uploads\/2025\/07\/D_748748-MLA87059354003_072025-F-768x310.jpg",768,310,true],"large":["https:\/\/rms-enlinea.com.ar\/wp-content\/uploads\/2025\/07\/D_748748-MLA87059354003_072025-F-1024x414.jpg",1024,414,true],"1536x1536":["https:\/\/rms-enlinea.com.ar\/wp-content\/uploads\/2025\/07\/D_748748-MLA87059354003_072025-F.jpg",1067,431,false],"2048x2048":["https:\/\/rms-enlinea.com.ar\/wp-content\/uploads\/2025\/07\/D_748748-MLA87059354003_072025-F.jpg",1067,431,false],"woocommerce_thumbnail":["https:\/\/rms-enlinea.com.ar\/wp-content\/uploads\/2025\/07\/D_748748-MLA87059354003_072025-F-450x431.jpg",450,431,true],"woocommerce_single":["https:\/\/rms-enlinea.com.ar\/wp-content\/uploads\/2025\/07\/D_748748-MLA87059354003_072025-F-600x242.jpg",600,242,true],"woocommerce_gallery_thumbnail":["https:\/\/rms-enlinea.com.ar\/wp-content\/uploads\/2025\/07\/D_748748-MLA87059354003_072025-F-100x100.jpg",100,100,true]},"uagb_author_info":{"display_name":"mario","author_link":"https:\/\/rms-enlinea.com.ar\/tienda\/author\/"},"uagb_comment_info":0,"uagb_excerpt":"DM1 (Micr\u00f3fono de percusi\u00f3n) Patr\u00f3n polar cardioide para una reproducci\u00f3n de sonido precisa sin ruido de fondo innecesarioRespuesta de frecuencia adaptada para percusiones, cajas, toms y otros instrumentosAlta ganancia antes de la retroalimentaci\u00f3nSoporte amortiguador interno para reducir el ruidoEl dise\u00f1o compacto reduce el desorden en el escenario.Rejilla de malla de acero endurecidoDM12 (Micr\u00f3fono para bombo)&hellip;","_links":{"self":[{"href":"https:\/\/rms-enlinea.com.ar\/tienda\/wp-json\/wp\/v2\/product\/50350","targetHints":{"allow":["GET"]}}],"collection":[{"href":"https:\/\/rms-enlinea.com.ar\/tienda\/wp-json\/wp\/v2\/product"}],"about":[{"href":"https:\/\/rms-enlinea.com.ar\/tienda\/wp-json\/wp\/v2\/types\/product"}],"replies":[{"embeddable":true,"href":"https:\/\/rms-enlinea.com.ar\/tienda\/wp-json\/wp\/v2\/comments?post=50350"}],"wp:featuredmedia":[{"embeddable":true,"href":"https:\/\/rms-enlinea.com.ar\/tienda\/wp-json\/wp\/v2\/media\/50351"}],"wp:attachment":[{"href":"https:\/\/rms-enlinea.com.ar\/tienda\/wp-json\/wp\/v2\/media?parent=50350"}],"wp:term":[{"taxonomy":"product_brand","embeddable":true,"href":"https:\/\/rms-enlinea.com.ar\/tienda\/wp-json\/wp\/v2\/product_brand?post=50350"},{"taxonomy":"product_cat","embeddable":true,"href":"https:\/\/rms-enlinea.com.ar\/tienda\/wp-json\/wp\/v2\/product_cat?post=50350"},{"taxonomy":"product_tag","embeddable":true,"href":"https:\/\/rms-enlinea.com.ar\/tienda\/wp-json\/wp\/v2\/product_tag?post=50350"}],"curies":[{"name":"wp","href":"https:\/\/api.w.org\/{rel}","templated":true}]}}