{"id":50353,"date":"2025-07-01T13:50:15","date_gmt":"2025-07-01T16:50:15","guid":{"rendered":"https:\/\/rms-enlinea.com.ar\/tienda\/producto\/bafle-activo-2-vias-8-pulgadas-400w-121db-proel-v8plus\/"},"modified":"2026-02-18T05:38:41","modified_gmt":"2026-02-18T08:38:41","slug":"bafle-activo-2-vias-8-pulgadas-400w-121db-proel-v8plus","status":"publish","type":"product","link":"https:\/\/rms-enlinea.com.ar\/tienda\/producto\/bafle-activo-2-vias-8-pulgadas-400w-121db-proel-v8plus\/","title":{"rendered":"Bafle Activo 2 Vias 8 Pulgadas 400w 121db Proel V8plus"},"content":{"rendered":"<p>La serie V PLUS es la evoluci\u00f3n de la aclamada serie V de altavoces autoamplificados PROEL que ofrecen valor absoluto en t\u00e9rminos de rendimiento, ingenier\u00eda y dise\u00f1o a un costo m\u00e1s asequible.<\/p>\n<p>Estos altavoces ultraport\u00e1tiles combinan, en gabinetes livianos y cuidadosamente dise\u00f1ados, el sonido PROEL m\u00e1s claro y preciso con tecnolog\u00eda de amplificaci\u00f3n de clase D y fuente de alimentaci\u00f3n conmutada, ofreciendo una soluci\u00f3n de PA inmejorable a su precio.<\/p>\n<p>El V8PLUS cuenta con un m\u00f3dulo amplificador extremadamente eficiente capaz de entregar 400 W de potencia robusta a los transductores. Gracias al uso de la tecnolog\u00eda SMPS, esta potencia se presenta en un formato ultraligero, convirtiendo a los modelos V PLUS en los altavoces PROEL m\u00e1s port\u00e1tiles de la historia. El m\u00f3dulo de potencia se aloja en una caja de aluminio completamente sellada, que proporciona protecci\u00f3n, un aislamiento perfecto del gabinete del exterior y una refrigeraci\u00f3n extremadamente eficiente.<\/p>\n<p>Gracias a los altavoces cuidadosamente seleccionados y a la sofisticada electr\u00f3nica activa, incluyendo dos CLIP LIMITERS para un sonido sin distorsiones incluso al nivel m\u00e1s alto, el sonido del V8PLUS ha sido ajustado con precisi\u00f3n en cada detalle, para ofrecer un rendimiento inaudito en este rango de precios.<\/p>\n<p>El gabinete V8PLUS, expresi\u00f3n del dise\u00f1o italiano m\u00e1s avanzado, incluye un asa superior ultrac\u00f3moda tipo maleta para transportarlo f\u00e1cilmente. Su forma inclinada permite colocarlo de lado y usarlo tambi\u00e9n como monitor de escenario.<\/p>\n<p>El sistema de altavoces biamplificados de 2 v\u00edas<br \/>Controlador de compresi\u00f3n de NEODIMIO de 1\u201d<br \/>Bocina de cobertura constante de 90\u00b0 x 60\u00b0<br \/>Woofer de 8\u201d de alta excursi\u00f3n con VC de 1,5\u201d<br \/>Amplificador de potencia de clase D de 400 W con SMPS<br \/>Procesador activo integrado con circuito LIMITADOR dual <br \/>Entrada MIC\/LINE con ecualizador de 2 bandas<br \/>LED frontal con selecci\u00f3n de ENCENDIDO o SE\u00d1AL\/CLIP <br \/>SPL M\u00c1XIMO: 121 dB<br \/>Respuesta de frecuencia: 70 Hz &#8211; 20 kHz<br \/>Gabinete ultraligero de polipropileno reforzado<br \/>Asa superior para un transporte sin esfuerzo<br \/>Forma inclinada para su uso como monitor de escenario.<br \/>Cuatro puntos de vuelo M8<br \/>7 kg de peso total<\/p>\n","protected":false},"excerpt":{"rendered":"<p>La serie V PLUS es la evoluci\u00f3n de la aclamada serie V de altavoces autoamplificados PROEL que ofrecen valor absoluto en t\u00e9rminos de rendimiento, ingenier\u00eda y dise\u00f1o a un costo m\u00e1s asequible. Estos altavoces ultraport\u00e1tiles combinan, en gabinetes livianos y cuidadosamente dise\u00f1ados, el sonido PROEL m\u00e1s claro y preciso con tecnolog\u00eda de amplificaci\u00f3n de clase [&hellip;]<\/p>\n","protected":false},"featured_media":50354,"comment_status":"open","ping_status":"closed","template":"","meta":{"_uag_custom_page_level_css":""},"product_brand":[501],"product_cat":[36],"product_tag":[],"class_list":{"0":"post-50353","1":"product","2":"type-product","3":"status-publish","4":"has-post-thumbnail","6":"product_brand-proel","7":"product_cat-bafles","9":"first","10":"instock","11":"sale","12":"taxable","13":"shipping-taxable","14":"purchasable","15":"product-type-simple"},"uagb_featured_image_src":{"full":["https:\/\/rms-enlinea.com.ar\/wp-content\/uploads\/2025\/07\/D_702543-MLA87059604027_072025-F.jpg",677,975,false],"thumbnail":["https:\/\/rms-enlinea.com.ar\/wp-content\/uploads\/2025\/07\/D_702543-MLA87059604027_072025-F-150x150.jpg",150,150,true],"medium":["https:\/\/rms-enlinea.com.ar\/wp-content\/uploads\/2025\/07\/D_702543-MLA87059604027_072025-F-208x300.jpg",208,300,true],"medium_large":["https:\/\/rms-enlinea.com.ar\/wp-content\/uploads\/2025\/07\/D_702543-MLA87059604027_072025-F.jpg",677,975,false],"large":["https:\/\/rms-enlinea.com.ar\/wp-content\/uploads\/2025\/07\/D_702543-MLA87059604027_072025-F.jpg",677,975,false],"1536x1536":["https:\/\/rms-enlinea.com.ar\/wp-content\/uploads\/2025\/07\/D_702543-MLA87059604027_072025-F.jpg",677,975,false],"2048x2048":["https:\/\/rms-enlinea.com.ar\/wp-content\/uploads\/2025\/07\/D_702543-MLA87059604027_072025-F.jpg",677,975,false],"woocommerce_thumbnail":["https:\/\/rms-enlinea.com.ar\/wp-content\/uploads\/2025\/07\/D_702543-MLA87059604027_072025-F-450x450.jpg",450,450,true],"woocommerce_single":["https:\/\/rms-enlinea.com.ar\/wp-content\/uploads\/2025\/07\/D_702543-MLA87059604027_072025-F-600x864.jpg",600,864,true],"woocommerce_gallery_thumbnail":["https:\/\/rms-enlinea.com.ar\/wp-content\/uploads\/2025\/07\/D_702543-MLA87059604027_072025-F-100x100.jpg",100,100,true]},"uagb_author_info":{"display_name":"mario","author_link":"https:\/\/rms-enlinea.com.ar\/tienda\/author\/"},"uagb_comment_info":0,"uagb_excerpt":"La serie V PLUS es la evoluci\u00f3n de la aclamada serie V de altavoces autoamplificados PROEL que ofrecen valor absoluto en t\u00e9rminos de rendimiento, ingenier\u00eda y dise\u00f1o a un costo m\u00e1s asequible. Estos altavoces ultraport\u00e1tiles combinan, en gabinetes livianos y cuidadosamente dise\u00f1ados, el sonido PROEL m\u00e1s claro y preciso con tecnolog\u00eda de amplificaci\u00f3n de clase&hellip;","_links":{"self":[{"href":"https:\/\/rms-enlinea.com.ar\/tienda\/wp-json\/wp\/v2\/product\/50353","targetHints":{"allow":["GET"]}}],"collection":[{"href":"https:\/\/rms-enlinea.com.ar\/tienda\/wp-json\/wp\/v2\/product"}],"about":[{"href":"https:\/\/rms-enlinea.com.ar\/tienda\/wp-json\/wp\/v2\/types\/product"}],"replies":[{"embeddable":true,"href":"https:\/\/rms-enlinea.com.ar\/tienda\/wp-json\/wp\/v2\/comments?post=50353"}],"wp:featuredmedia":[{"embeddable":true,"href":"https:\/\/rms-enlinea.com.ar\/tienda\/wp-json\/wp\/v2\/media\/50354"}],"wp:attachment":[{"href":"https:\/\/rms-enlinea.com.ar\/tienda\/wp-json\/wp\/v2\/media?parent=50353"}],"wp:term":[{"taxonomy":"product_brand","embeddable":true,"href":"https:\/\/rms-enlinea.com.ar\/tienda\/wp-json\/wp\/v2\/product_brand?post=50353"},{"taxonomy":"product_cat","embeddable":true,"href":"https:\/\/rms-enlinea.com.ar\/tienda\/wp-json\/wp\/v2\/product_cat?post=50353"},{"taxonomy":"product_tag","embeddable":true,"href":"https:\/\/rms-enlinea.com.ar\/tienda\/wp-json\/wp\/v2\/product_tag?post=50353"}],"curies":[{"name":"wp","href":"https:\/\/api.w.org\/{rel}","templated":true}]}}