{"id":5038,"date":"2025-06-12T03:30:54","date_gmt":"2025-06-12T06:30:54","guid":{"rendered":"https:\/\/rms-enlinea.com.ar\/tienda\/producto\/gabinete-tt-cte-e660-mx-mid-tower-tg-x2-hydrangea-blue\/"},"modified":"2025-06-20T20:41:29","modified_gmt":"2025-06-20T23:41:29","slug":"gabinete-tt-cte-e660-mx-mid-tower-tg-x2-hydrangea-blue-2","status":"publish","type":"product","link":"https:\/\/rms-enlinea.com.ar\/tienda\/producto\/gabinete-tt-cte-e660-mx-mid-tower-tg-x2-hydrangea-blue-2\/","title":{"rendered":"Gabinete Tt Cte E660 Mx Mid-tower Tg X2 Hydrangea Blue"},"content":{"rendered":"<p>C\u00f3digo parte\tCA-1Y3-00MFWN-01<br \/>Serie\tCTE<br \/>Tipo\tMid Tower<br \/>Dimensiones (al x an x pr)\t558,5 x 270 x 513 mm<br \/> \t(21,99 x 10,63 x 20,2 pulgadas)<br \/>Peso neto\t15,85 kg \/ 34,94 libras.<br \/>panel lateral\tVidrio templado de 4 mm x 2<br \/>Color\tHydrangea Blue<br \/>Material\tSPCC<br \/>Sistema de refrigeraci\u00f3n\t&#8211;<br \/>Bah\u00edas de expansi\u00f3n\t3 x 3,5\u201d, 1 x 2,5\u201d o 2 x 3,5\u201d, 2 x 2,5\u201d<br \/>Ranuras de expansi\u00f3n\t7<br \/>Placas base\t6,7\u201d x 6,7\u201d (Mini ITX), 9,6\u201d x 9,6\u201d (Micro ATX),<br \/> \t12\u201d x 9,6\u201d (ATX), 12\u201d x 10,5\u201d (E-ATX)<br \/>Puertos e\/s\tUSB 3.0 x 2, Tipo-c x 1, Audio HD x 1<br \/>Fuente de alimentaci\u00f3n\tFuente de alimentaci\u00f3n PS2 est\u00e1ndar (opcional)<br \/>Compatibilidad ventiladores\tFrente:<br \/> \t3 x 120 mm, 2 x 120 mm, 1 x 120 mm<br \/> \t3 x 140 mm, 2 x 140 mm, 1 x 140 mm<br \/> \tArriba:<br \/> \t2 x 120 mm, 1 x 120 mm<br \/> \tDerecha (lado M\/B):<br \/> \t3 x 120 mm, 2 x 120 mm, 1 x 120 mm<br \/> \t3 x 140 mm, 2 x 140 mm, 1 x 140 mm<br \/> \tTrasero:<br \/> \t3 x 120 mm, 2 x 120 mm, 1 x 120 mm<br \/> \t3 x 140 mm, 2 x 140 mm, 1 x 140 mm<br \/> \tAbajo:<br \/> \t3 x 120 mm, 2 x 120 mm, 1 x 120 mm<br \/> \t3 x 140 mm, 2 x 140 mm, 1 x 140 mm<br \/>Compatibilidad radiadores\tFrente:<br \/> \t1 x 360 mm, 1 x 240 mm, 1 x 120 mm<br \/> \t1 x 420 mm, 1 x 280 mm, 1 x 140 mm<br \/> \tArriba:<br \/> \t1 x 240 mm, 1 x 120 mm<br \/> \tDerecha (lado M\/B):<br \/> \t1 x 360 mm, 1 x 240 mm, 1 x 120 mm<br \/> \t1 x 420 mm, 1 x 280 mm, 1 x 140 mm<br \/> \tTrasero:<br \/> \t1 x 360 mm, 1 x 240 mm, 1 x 120 mm<br \/> \t1 x 420 mm, 1 x 280 mm, 1 x 140 mm<br \/> \tParte inferior (solo para bricolaje):<br \/> \t1 x 360 mm, 1 x 240 mm, 1 x 120 mm<br \/> \t1 x 420 mm, 1 x 280 mm, 1 x 140 mm<br \/>Limitaciones\tAltura m\u00e1xima del enfriador de CPU:<br \/> \t166 mm<br \/> \tLongitud m\u00e1xima de VGA:<br \/> \t415 mm (con radiador)<br \/> \t443,8 mm (sin radiador)<br \/> \tLongitud m\u00e1xima de la fuente de alimentaci\u00f3n:<br \/> \t220 mm<\/p>\n","protected":false},"excerpt":{"rendered":"<p>C\u00f3digo parte CA-1Y3-00MFWN-01Serie CTETipo Mid TowerDimensiones (al x an x pr) 558,5 x 270 x 513 mm (21,99 x 10,63 x 20,2 pulgadas)Peso neto 15,85 kg \/ 34,94 libras.panel lateral Vidrio templado de 4 mm x 2Color Hydrangea BlueMaterial SPCCSistema de refrigeraci\u00f3n &#8211;Bah\u00edas de expansi\u00f3n 3 x 3,5\u201d, 1 x 2,5\u201d o 2 x 3,5\u201d, [&hellip;]<\/p>\n","protected":false},"featured_media":5042,"comment_status":"open","ping_status":"closed","template":"","meta":{"_uag_custom_page_level_css":""},"product_brand":[],"product_cat":[109],"product_tag":[],"class_list":{"0":"post-5038","1":"product","2":"type-product","3":"status-publish","4":"has-post-thumbnail","6":"product_cat-gabinetes","8":"first","9":"instock","10":"sale","11":"taxable","12":"shipping-taxable","13":"purchasable","14":"product-type-variable"},"uagb_featured_image_src":{"full":["https:\/\/rms-enlinea.com.ar\/wp-content\/uploads\/2025\/06\/D_842402-MLA85357195780_062025-F-1.jpg",436,629,false],"thumbnail":["https:\/\/rms-enlinea.com.ar\/wp-content\/uploads\/2025\/06\/D_842402-MLA85357195780_062025-F-1-150x150.jpg",150,150,true],"medium":["https:\/\/rms-enlinea.com.ar\/wp-content\/uploads\/2025\/06\/D_842402-MLA85357195780_062025-F-1-208x300.jpg",208,300,true],"medium_large":["https:\/\/rms-enlinea.com.ar\/wp-content\/uploads\/2025\/06\/D_842402-MLA85357195780_062025-F-1.jpg",436,629,false],"large":["https:\/\/rms-enlinea.com.ar\/wp-content\/uploads\/2025\/06\/D_842402-MLA85357195780_062025-F-1.jpg",436,629,false],"1536x1536":["https:\/\/rms-enlinea.com.ar\/wp-content\/uploads\/2025\/06\/D_842402-MLA85357195780_062025-F-1.jpg",436,629,false],"2048x2048":["https:\/\/rms-enlinea.com.ar\/wp-content\/uploads\/2025\/06\/D_842402-MLA85357195780_062025-F-1.jpg",436,629,false],"woocommerce_thumbnail":["https:\/\/rms-enlinea.com.ar\/wp-content\/uploads\/2025\/06\/D_842402-MLA85357195780_062025-F-1-436x450.jpg",436,450,true],"woocommerce_single":["https:\/\/rms-enlinea.com.ar\/wp-content\/uploads\/2025\/06\/D_842402-MLA85357195780_062025-F-1.jpg",436,629,false],"woocommerce_gallery_thumbnail":["https:\/\/rms-enlinea.com.ar\/wp-content\/uploads\/2025\/06\/D_842402-MLA85357195780_062025-F-1-100x100.jpg",100,100,true]},"uagb_author_info":{"display_name":"l0071054","author_link":"https:\/\/rms-enlinea.com.ar\/tienda\/author\/"},"uagb_comment_info":0,"uagb_excerpt":"C\u00f3digo parte CA-1Y3-00MFWN-01Serie CTETipo Mid TowerDimensiones (al x an x pr) 558,5 x 270 x 513 mm (21,99 x 10,63 x 20,2 pulgadas)Peso neto 15,85 kg \/ 34,94 libras.panel lateral Vidrio templado de 4 mm x 2Color Hydrangea BlueMaterial SPCCSistema de refrigeraci\u00f3n &#8211;Bah\u00edas de expansi\u00f3n 3 x 3,5\u201d, 1 x 2,5\u201d o 2 x 3,5\u201d,&hellip;","_links":{"self":[{"href":"https:\/\/rms-enlinea.com.ar\/tienda\/wp-json\/wp\/v2\/product\/5038","targetHints":{"allow":["GET"]}}],"collection":[{"href":"https:\/\/rms-enlinea.com.ar\/tienda\/wp-json\/wp\/v2\/product"}],"about":[{"href":"https:\/\/rms-enlinea.com.ar\/tienda\/wp-json\/wp\/v2\/types\/product"}],"replies":[{"embeddable":true,"href":"https:\/\/rms-enlinea.com.ar\/tienda\/wp-json\/wp\/v2\/comments?post=5038"}],"wp:featuredmedia":[{"embeddable":true,"href":"https:\/\/rms-enlinea.com.ar\/tienda\/wp-json\/wp\/v2\/media\/5042"}],"wp:attachment":[{"href":"https:\/\/rms-enlinea.com.ar\/tienda\/wp-json\/wp\/v2\/media?parent=5038"}],"wp:term":[{"taxonomy":"product_brand","embeddable":true,"href":"https:\/\/rms-enlinea.com.ar\/tienda\/wp-json\/wp\/v2\/product_brand?post=5038"},{"taxonomy":"product_cat","embeddable":true,"href":"https:\/\/rms-enlinea.com.ar\/tienda\/wp-json\/wp\/v2\/product_cat?post=5038"},{"taxonomy":"product_tag","embeddable":true,"href":"https:\/\/rms-enlinea.com.ar\/tienda\/wp-json\/wp\/v2\/product_tag?post=5038"}],"curies":[{"name":"wp","href":"https:\/\/api.w.org\/{rel}","templated":true}]}}