{"id":50440,"date":"2025-07-08T11:51:39","date_gmt":"2025-07-08T14:51:39","guid":{"rendered":"https:\/\/rms-enlinea.com.ar\/tienda\/producto\/auricular-profesional-para-dj-eikon-by-proel-hfj700\/"},"modified":"2026-05-04T10:21:32","modified_gmt":"2026-05-04T13:21:32","slug":"auricular-profesional-para-dj-eikon-by-proel-hfj700","status":"publish","type":"product","link":"https:\/\/rms-enlinea.com.ar\/tienda\/producto\/auricular-profesional-para-dj-eikon-by-proel-hfj700\/","title":{"rendered":"Auricular Profesional Para Dj Eikon By Proel Hfj700"},"content":{"rendered":"<p>Tipo\tIm\u00e1n de neodimio din\u00e1mico<br \/>Tama\u00f1o del controlador\t57 mil\u00edmetros<br \/>Rango de frecuencia\t20 &#8211; 22000 Hz<br \/>Nivel de presi\u00f3n sonora (Spl)\t105 \u00b13 dB<br \/>Capacidad de manejo de potencia\t3000 MW<br \/>Impedancia nominal\t32 <br \/>Conector jack\tConector est\u00e9reo de 3,5 + 6,3 mm<br \/>Longitud del cable\t2 a 3,5 m (completamente extendido)<br \/>Peso sin cable\t260 gramos<\/p>\n","protected":false},"excerpt":{"rendered":"<p>Tipo Im\u00e1n de neodimio din\u00e1micoTama\u00f1o del controlador 57 mil\u00edmetrosRango de frecuencia 20 &#8211; 22000 HzNivel de presi\u00f3n sonora (Spl) 105 \u00b13 dBCapacidad de manejo de potencia 3000 MWImpedancia nominal 32 Conector jack Conector est\u00e9reo de 3,5 + 6,3 mmLongitud del cable 2 a 3,5 m (completamente extendido)Peso sin cable 260 gramos<\/p>\n","protected":false},"featured_media":50441,"comment_status":"open","ping_status":"closed","template":"","meta":{"_uag_custom_page_level_css":""},"product_brand":[501],"product_cat":[15],"product_tag":[],"class_list":{"0":"post-50440","1":"product","2":"type-product","3":"status-publish","4":"has-post-thumbnail","6":"product_brand-proel","7":"product_cat-sin-categorizar","9":"first","10":"instock","11":"sale","12":"taxable","13":"shipping-taxable","14":"purchasable","15":"product-type-simple"},"uagb_featured_image_src":{"full":["https:\/\/rms-enlinea.com.ar\/wp-content\/uploads\/2025\/07\/D_880498-MLM49026103845_022022-F.jpg",795,1200,false],"thumbnail":["https:\/\/rms-enlinea.com.ar\/wp-content\/uploads\/2025\/07\/D_880498-MLM49026103845_022022-F-150x150.jpg",150,150,true],"medium":["https:\/\/rms-enlinea.com.ar\/wp-content\/uploads\/2025\/07\/D_880498-MLM49026103845_022022-F-199x300.jpg",199,300,true],"medium_large":["https:\/\/rms-enlinea.com.ar\/wp-content\/uploads\/2025\/07\/D_880498-MLM49026103845_022022-F-768x1159.jpg",768,1159,true],"large":["https:\/\/rms-enlinea.com.ar\/wp-content\/uploads\/2025\/07\/D_880498-MLM49026103845_022022-F-678x1024.jpg",678,1024,true],"1536x1536":["https:\/\/rms-enlinea.com.ar\/wp-content\/uploads\/2025\/07\/D_880498-MLM49026103845_022022-F.jpg",795,1200,false],"2048x2048":["https:\/\/rms-enlinea.com.ar\/wp-content\/uploads\/2025\/07\/D_880498-MLM49026103845_022022-F.jpg",795,1200,false],"woocommerce_thumbnail":["https:\/\/rms-enlinea.com.ar\/wp-content\/uploads\/2025\/07\/D_880498-MLM49026103845_022022-F-450x450.jpg",450,450,true],"woocommerce_single":["https:\/\/rms-enlinea.com.ar\/wp-content\/uploads\/2025\/07\/D_880498-MLM49026103845_022022-F-600x906.jpg",600,906,true],"woocommerce_gallery_thumbnail":["https:\/\/rms-enlinea.com.ar\/wp-content\/uploads\/2025\/07\/D_880498-MLM49026103845_022022-F-100x100.jpg",100,100,true]},"uagb_author_info":{"display_name":"woolmelly","author_link":"https:\/\/rms-enlinea.com.ar\/tienda\/author\/"},"uagb_comment_info":0,"uagb_excerpt":"Tipo Im\u00e1n de neodimio din\u00e1micoTama\u00f1o del controlador 57 mil\u00edmetrosRango de frecuencia 20 &#8211; 22000 HzNivel de presi\u00f3n sonora (Spl) 105 \u00b13 dBCapacidad de manejo de potencia 3000 MWImpedancia nominal 32 Conector jack Conector est\u00e9reo de 3,5 + 6,3 mmLongitud del cable 2 a 3,5 m (completamente extendido)Peso sin cable 260 gramos","_links":{"self":[{"href":"https:\/\/rms-enlinea.com.ar\/tienda\/wp-json\/wp\/v2\/product\/50440","targetHints":{"allow":["GET"]}}],"collection":[{"href":"https:\/\/rms-enlinea.com.ar\/tienda\/wp-json\/wp\/v2\/product"}],"about":[{"href":"https:\/\/rms-enlinea.com.ar\/tienda\/wp-json\/wp\/v2\/types\/product"}],"replies":[{"embeddable":true,"href":"https:\/\/rms-enlinea.com.ar\/tienda\/wp-json\/wp\/v2\/comments?post=50440"}],"wp:featuredmedia":[{"embeddable":true,"href":"https:\/\/rms-enlinea.com.ar\/tienda\/wp-json\/wp\/v2\/media\/50441"}],"wp:attachment":[{"href":"https:\/\/rms-enlinea.com.ar\/tienda\/wp-json\/wp\/v2\/media?parent=50440"}],"wp:term":[{"taxonomy":"product_brand","embeddable":true,"href":"https:\/\/rms-enlinea.com.ar\/tienda\/wp-json\/wp\/v2\/product_brand?post=50440"},{"taxonomy":"product_cat","embeddable":true,"href":"https:\/\/rms-enlinea.com.ar\/tienda\/wp-json\/wp\/v2\/product_cat?post=50440"},{"taxonomy":"product_tag","embeddable":true,"href":"https:\/\/rms-enlinea.com.ar\/tienda\/wp-json\/wp\/v2\/product_tag?post=50440"}],"curies":[{"name":"wp","href":"https:\/\/api.w.org\/{rel}","templated":true}]}}